{"id":2705,"date":"2023-05-22T08:55:45","date_gmt":"2023-05-22T08:55:45","guid":{"rendered":"https:\/\/cultura.aupex.org\/operarural\/?page_id=2705"},"modified":"2023-05-24T08:47:57","modified_gmt":"2023-05-24T08:47:57","slug":"taller-de-tecnica-vocal","status":"publish","type":"page","link":"https:\/\/cultura.aupex.org\/operarural\/multimedia\/taller-de-tecnica-vocal\/","title":{"rendered":"Taller de t\u00e9cnica vocal"},"content":{"rendered":"\t\t<div data-elementor-type=\"wp-page\" data-elementor-id=\"2705\" class=\"elementor elementor-2705\">\n\t\t\t\t\t\t<section class=\"elementor-section elementor-top-section elementor-element elementor-element-138961c3 elementor-hidden-mobile elementor-section-boxed elementor-section-height-default elementor-section-height-default\" data-id=\"138961c3\" data-element_type=\"section\" data-e-type=\"section\" data-settings=\"{&quot;background_background&quot;:&quot;classic&quot;}\">\n\t\t\t\t\t\t\t<div class=\"elementor-background-overlay\"><\/div>\n\t\t\t\t\t\t\t<div class=\"elementor-container elementor-column-gap-no\">\n\t\t\t\t\t<div class=\"elementor-column elementor-col-100 elementor-top-column elementor-element elementor-element-2ad679cf\" data-id=\"2ad679cf\" data-element_type=\"column\" data-e-type=\"column\">\n\t\t\t<div class=\"elementor-widget-wrap\">\n\t\t\t\t\t\t\t<\/div>\n\t\t<\/div>\n\t\t\t\t\t<\/div>\n\t\t<\/section>\n\t\t\t\t<section class=\"elementor-section elementor-top-section elementor-element elementor-element-161d199e elementor-section-boxed elementor-section-height-default elementor-section-height-default\" data-id=\"161d199e\" data-element_type=\"section\" data-e-type=\"section\" data-settings=\"{&quot;background_background&quot;:&quot;gradient&quot;}\">\n\t\t\t\t\t\t<div class=\"elementor-container elementor-column-gap-no\">\n\t\t\t\t\t<div class=\"elementor-column elementor-col-100 elementor-top-column elementor-element elementor-element-480b6ea\" data-id=\"480b6ea\" data-element_type=\"column\" data-e-type=\"column\" data-settings=\"{&quot;background_background&quot;:&quot;classic&quot;}\">\n\t\t\t<div class=\"elementor-widget-wrap elementor-element-populated\">\n\t\t\t\t\t\t<div class=\"elementor-element elementor-element-635e5dfa elementor-hidden-mobile elementor-widget elementor-widget-spacer\" data-id=\"635e5dfa\" data-element_type=\"widget\" data-e-type=\"widget\" data-widget_type=\"spacer.default\">\n\t\t\t\t<div class=\"elementor-widget-container\">\n\t\t\t\t\t\t\t<div class=\"elementor-spacer\">\n\t\t\t<div class=\"elementor-spacer-inner\"><\/div>\n\t\t<\/div>\n\t\t\t\t\t\t<\/div>\n\t\t\t\t<\/div>\n\t\t\t\t<div class=\"elementor-element elementor-element-1362766 elementor-hidden-desktop elementor-hidden-tablet elementor-widget elementor-widget-spacer\" data-id=\"1362766\" data-element_type=\"widget\" data-e-type=\"widget\" data-widget_type=\"spacer.default\">\n\t\t\t\t<div class=\"elementor-widget-container\">\n\t\t\t\t\t\t\t<div class=\"elementor-spacer\">\n\t\t\t<div class=\"elementor-spacer-inner\"><\/div>\n\t\t<\/div>\n\t\t\t\t\t\t<\/div>\n\t\t\t\t<\/div>\n\t\t\t\t<div class=\"elementor-element elementor-element-1055e5d6 elementor-widget elementor-widget-heading\" data-id=\"1055e5d6\" data-element_type=\"widget\" data-e-type=\"widget\" data-widget_type=\"heading.default\">\n\t\t\t\t<div class=\"elementor-widget-container\">\n\t\t\t\t\t<h2 class=\"elementor-heading-title elementor-size-default\">Taller de t\u00e9cnica vocal<\/h2>\t\t\t\t<\/div>\n\t\t\t\t<\/div>\n\t\t\t\t<div class=\"elementor-element elementor-element-38c95ffd elementor-widget-divider--view-line elementor-widget elementor-widget-divider\" data-id=\"38c95ffd\" data-element_type=\"widget\" data-e-type=\"widget\" data-widget_type=\"divider.default\">\n\t\t\t\t<div class=\"elementor-widget-container\">\n\t\t\t\t\t\t\t<div class=\"elementor-divider\">\n\t\t\t<span class=\"elementor-divider-separator\">\n\t\t\t\t\t\t<\/span>\n\t\t<\/div>\n\t\t\t\t\t\t<\/div>\n\t\t\t\t<\/div>\n\t\t\t\t<div class=\"elementor-element elementor-element-da23d7b elementor-hidden-mobile elementor-widget elementor-widget-spacer\" data-id=\"da23d7b\" data-element_type=\"widget\" data-e-type=\"widget\" data-widget_type=\"spacer.default\">\n\t\t\t\t<div class=\"elementor-widget-container\">\n\t\t\t\t\t\t\t<div class=\"elementor-spacer\">\n\t\t\t<div class=\"elementor-spacer-inner\"><\/div>\n\t\t<\/div>\n\t\t\t\t\t\t<\/div>\n\t\t\t\t<\/div>\n\t\t\t\t\t<\/div>\n\t\t<\/div>\n\t\t\t\t\t<\/div>\n\t\t<\/section>\n\t\t\t\t<section class=\"elementor-section elementor-top-section elementor-element elementor-element-93ed747 elementor-section-boxed elementor-section-height-default elementor-section-height-default\" data-id=\"93ed747\" data-element_type=\"section\" data-e-type=\"section\" data-settings=\"{&quot;background_background&quot;:&quot;classic&quot;}\">\n\t\t\t\t\t\t<div class=\"elementor-container elementor-column-gap-no\">\n\t\t\t\t\t<div class=\"elementor-column elementor-col-100 elementor-top-column elementor-element elementor-element-5d2991c\" data-id=\"5d2991c\" data-element_type=\"column\" data-e-type=\"column\" data-settings=\"{&quot;background_background&quot;:&quot;classic&quot;}\">\n\t\t\t<div class=\"elementor-widget-wrap elementor-element-populated\">\n\t\t\t\t\t\t<div class=\"elementor-element elementor-element-0a099ea elementor-widget elementor-widget-spacer\" data-id=\"0a099ea\" data-element_type=\"widget\" data-e-type=\"widget\" data-widget_type=\"spacer.default\">\n\t\t\t\t<div class=\"elementor-widget-container\">\n\t\t\t\t\t\t\t<div class=\"elementor-spacer\">\n\t\t\t<div class=\"elementor-spacer-inner\"><\/div>\n\t\t<\/div>\n\t\t\t\t\t\t<\/div>\n\t\t\t\t<\/div>\n\t\t\t\t\t<\/div>\n\t\t<\/div>\n\t\t\t\t\t<\/div>\n\t\t<\/section>\n\t\t\t\t<section class=\"elementor-section elementor-top-section elementor-element elementor-element-837f582 elementor-section-content-middle elementor-section-boxed elementor-section-height-default elementor-section-height-default\" data-id=\"837f582\" data-element_type=\"section\" data-e-type=\"section\" data-settings=\"{&quot;background_background&quot;:&quot;classic&quot;}\">\n\t\t\t\t\t\t<div class=\"elementor-container elementor-column-gap-no\">\n\t\t\t\t\t<div class=\"elementor-column elementor-col-100 elementor-top-column elementor-element elementor-element-0fcb7dc\" data-id=\"0fcb7dc\" data-element_type=\"column\" data-e-type=\"column\" data-settings=\"{&quot;background_background&quot;:&quot;classic&quot;}\">\n\t\t\t<div class=\"elementor-widget-wrap elementor-element-populated\">\n\t\t\t\t\t\t<section class=\"elementor-section elementor-inner-section elementor-element elementor-element-9a8b29c elementor-section-content-middle elementor-section-boxed elementor-section-height-default elementor-section-height-default\" data-id=\"9a8b29c\" data-element_type=\"section\" data-e-type=\"section\">\n\t\t\t\t\t\t<div class=\"elementor-container elementor-column-gap-default\">\n\t\t\t\t\t<div class=\"elementor-column elementor-col-100 elementor-inner-column elementor-element elementor-element-abeff73\" data-id=\"abeff73\" data-element_type=\"column\" data-e-type=\"column\">\n\t\t\t<div class=\"elementor-widget-wrap elementor-element-populated\">\n\t\t\t\t\t\t<div class=\"elementor-element elementor-element-cd1fe6c elementor-widget elementor-widget-text-editor\" data-id=\"cd1fe6c\" data-element_type=\"widget\" data-e-type=\"widget\" data-widget_type=\"text-editor.default\">\n\t\t\t\t<div class=\"elementor-widget-container\">\n\t\t\t\t\t\t\t\t\tLas personas que superaron las audiciones, as\u00ed como las que formaron parte del coro y del elenco de personajes de la producci\u00f3n, participaron en el Taller de T\u00e9cnica Vocal celebrado entre el 10 y el 28 de marzo. \n\t\t\t\t\t\t\t\t<\/div>\n\t\t\t\t<\/div>\n\t\t\t\t<div class=\"elementor-element elementor-element-8d8b99f elementor-widget elementor-widget-text-editor\" data-id=\"8d8b99f\" data-element_type=\"widget\" data-e-type=\"widget\" data-widget_type=\"text-editor.default\">\n\t\t\t\t<div class=\"elementor-widget-container\">\n\t\t\t\t\t\t\t\t\tImpartido por \u00c1ngel Jim\u00e9nez, director art\u00edstico del proyecto, y centrado en la propia obra \u00abLa Traviata\u00bb, este taller permiti\u00f3 abordar aspectos te\u0107nicos como los distintos tipos de voz, con sus caracter\u00edsticas t\u00edmbricas y sonoras, los resonadores de la voz, ejercicios respiratorios de tonificaci\u00f3n y concienciaci\u00f3n muscular, la articulaci\u00f3n en el canto, etc.\t\t\t\t\t\t\t\t<\/div>\n\t\t\t\t<\/div>\n\t\t\t\t<div class=\"elementor-element elementor-element-b405b7e elementor-widget elementor-widget-spacer\" data-id=\"b405b7e\" data-element_type=\"widget\" data-e-type=\"widget\" data-widget_type=\"spacer.default\">\n\t\t\t\t<div class=\"elementor-widget-container\">\n\t\t\t\t\t\t\t<div class=\"elementor-spacer\">\n\t\t\t<div class=\"elementor-spacer-inner\"><\/div>\n\t\t<\/div>\n\t\t\t\t\t\t<\/div>\n\t\t\t\t<\/div>\n\t\t\t\t\t<\/div>\n\t\t<\/div>\n\t\t\t\t\t<\/div>\n\t\t<\/section>\n\t\t\t\t<section class=\"elementor-section elementor-inner-section elementor-element elementor-element-0d76c0f elementor-section-content-middle elementor-section-boxed elementor-section-height-default elementor-section-height-default\" data-id=\"0d76c0f\" data-element_type=\"section\" data-e-type=\"section\">\n\t\t\t\t\t\t<div class=\"elementor-container elementor-column-gap-default\">\n\t\t\t\t\t<div class=\"elementor-column elementor-col-100 elementor-inner-column elementor-element elementor-element-70b038a\" data-id=\"70b038a\" data-element_type=\"column\" data-e-type=\"column\">\n\t\t\t<div class=\"elementor-widget-wrap elementor-element-populated\">\n\t\t\t\t\t\t<div class=\"elementor-element elementor-element-e83f70b elementor-widget elementor-widget-image-gallery\" data-id=\"e83f70b\" data-element_type=\"widget\" data-e-type=\"widget\" data-widget_type=\"image-gallery.default\">\n\t\t\t\t<div class=\"elementor-widget-container\">\n\t\t\t\t\t\t\t<div class=\"elementor-image-gallery\">\n\t\t\t<div id='gallery-1' class='gallery galleryid-2705 gallery-columns-8 gallery-size-thumbnail'><figure class='gallery-item'>\n\t\t\t<div class='gallery-icon landscape'>\n\t\t\t\t<a data-elementor-open-lightbox=\"yes\" data-elementor-lightbox-slideshow=\"e83f70b\" data-elementor-lightbox-title=\"P1377186\" data-e-action-hash=\"#elementor-action%3Aaction%3Dlightbox%26settings%3DeyJpZCI6MjcxMCwidXJsIjoiaHR0cHM6XC9cL2N1bHR1cmEuYXVwZXgub3JnXC9vcGVyYXJ1cmFsXC93cC1jb250ZW50XC91cGxvYWRzXC8yMDIzXC8wNVwvUDEzNzcxODYuanBnIiwic2xpZGVzaG93IjoiZTgzZjcwYiJ9\" href='https:\/\/cultura.aupex.org\/operarural\/wp-content\/uploads\/2023\/05\/P1377186.jpg'><img decoding=\"async\" width=\"150\" height=\"150\" src=\"https:\/\/cultura.aupex.org\/operarural\/wp-content\/uploads\/2023\/05\/P1377186-150x150.jpg\" class=\"attachment-thumbnail size-thumbnail\" alt=\"\" srcset=\"https:\/\/cultura.aupex.org\/operarural\/wp-content\/uploads\/2023\/05\/P1377186-150x150.jpg 150w, https:\/\/cultura.aupex.org\/operarural\/wp-content\/uploads\/2023\/05\/P1377186-300x300.jpg 300w, https:\/\/cultura.aupex.org\/operarural\/wp-content\/uploads\/2023\/05\/P1377186-100x100.jpg 100w\" sizes=\"(max-width: 150px) 100vw, 150px\" \/><\/a>\n\t\t\t<\/div><\/figure><figure class='gallery-item'>\n\t\t\t<div class='gallery-icon landscape'>\n\t\t\t\t<a data-elementor-open-lightbox=\"yes\" data-elementor-lightbox-slideshow=\"e83f70b\" data-elementor-lightbox-title=\"P1377212\" data-e-action-hash=\"#elementor-action%3Aaction%3Dlightbox%26settings%3DeyJpZCI6MjcxMSwidXJsIjoiaHR0cHM6XC9cL2N1bHR1cmEuYXVwZXgub3JnXC9vcGVyYXJ1cmFsXC93cC1jb250ZW50XC91cGxvYWRzXC8yMDIzXC8wNVwvUDEzNzcyMTIuanBnIiwic2xpZGVzaG93IjoiZTgzZjcwYiJ9\" href='https:\/\/cultura.aupex.org\/operarural\/wp-content\/uploads\/2023\/05\/P1377212.jpg'><img decoding=\"async\" width=\"150\" height=\"150\" src=\"https:\/\/cultura.aupex.org\/operarural\/wp-content\/uploads\/2023\/05\/P1377212-150x150.jpg\" class=\"attachment-thumbnail size-thumbnail\" alt=\"\" srcset=\"https:\/\/cultura.aupex.org\/operarural\/wp-content\/uploads\/2023\/05\/P1377212-150x150.jpg 150w, https:\/\/cultura.aupex.org\/operarural\/wp-content\/uploads\/2023\/05\/P1377212-300x300.jpg 300w, https:\/\/cultura.aupex.org\/operarural\/wp-content\/uploads\/2023\/05\/P1377212-100x100.jpg 100w\" sizes=\"(max-width: 150px) 100vw, 150px\" \/><\/a>\n\t\t\t<\/div><\/figure><figure class='gallery-item'>\n\t\t\t<div class='gallery-icon landscape'>\n\t\t\t\t<a data-elementor-open-lightbox=\"yes\" data-elementor-lightbox-slideshow=\"e83f70b\" data-elementor-lightbox-title=\"P1377269\" data-e-action-hash=\"#elementor-action%3Aaction%3Dlightbox%26settings%3DeyJpZCI6MjcxMiwidXJsIjoiaHR0cHM6XC9cL2N1bHR1cmEuYXVwZXgub3JnXC9vcGVyYXJ1cmFsXC93cC1jb250ZW50XC91cGxvYWRzXC8yMDIzXC8wNVwvUDEzNzcyNjkuanBnIiwic2xpZGVzaG93IjoiZTgzZjcwYiJ9\" href='https:\/\/cultura.aupex.org\/operarural\/wp-content\/uploads\/2023\/05\/P1377269.jpg'><img decoding=\"async\" width=\"150\" height=\"150\" src=\"https:\/\/cultura.aupex.org\/operarural\/wp-content\/uploads\/2023\/05\/P1377269-150x150.jpg\" class=\"attachment-thumbnail size-thumbnail\" alt=\"\" srcset=\"https:\/\/cultura.aupex.org\/operarural\/wp-content\/uploads\/2023\/05\/P1377269-150x150.jpg 150w, https:\/\/cultura.aupex.org\/operarural\/wp-content\/uploads\/2023\/05\/P1377269-300x300.jpg 300w, https:\/\/cultura.aupex.org\/operarural\/wp-content\/uploads\/2023\/05\/P1377269-100x100.jpg 100w\" sizes=\"(max-width: 150px) 100vw, 150px\" \/><\/a>\n\t\t\t<\/div><\/figure><figure class='gallery-item'>\n\t\t\t<div class='gallery-icon landscape'>\n\t\t\t\t<a data-elementor-open-lightbox=\"yes\" data-elementor-lightbox-slideshow=\"e83f70b\" data-elementor-lightbox-title=\"P1377277\" data-e-action-hash=\"#elementor-action%3Aaction%3Dlightbox%26settings%3DeyJpZCI6MjcxMywidXJsIjoiaHR0cHM6XC9cL2N1bHR1cmEuYXVwZXgub3JnXC9vcGVyYXJ1cmFsXC93cC1jb250ZW50XC91cGxvYWRzXC8yMDIzXC8wNVwvUDEzNzcyNzcuanBnIiwic2xpZGVzaG93IjoiZTgzZjcwYiJ9\" href='https:\/\/cultura.aupex.org\/operarural\/wp-content\/uploads\/2023\/05\/P1377277.jpg'><img loading=\"lazy\" decoding=\"async\" width=\"150\" height=\"150\" src=\"https:\/\/cultura.aupex.org\/operarural\/wp-content\/uploads\/2023\/05\/P1377277-150x150.jpg\" class=\"attachment-thumbnail size-thumbnail\" alt=\"\" srcset=\"https:\/\/cultura.aupex.org\/operarural\/wp-content\/uploads\/2023\/05\/P1377277-150x150.jpg 150w, https:\/\/cultura.aupex.org\/operarural\/wp-content\/uploads\/2023\/05\/P1377277-300x300.jpg 300w, https:\/\/cultura.aupex.org\/operarural\/wp-content\/uploads\/2023\/05\/P1377277-100x100.jpg 100w\" sizes=\"(max-width: 150px) 100vw, 150px\" \/><\/a>\n\t\t\t<\/div><\/figure><figure class='gallery-item'>\n\t\t\t<div class='gallery-icon landscape'>\n\t\t\t\t<a data-elementor-open-lightbox=\"yes\" data-elementor-lightbox-slideshow=\"e83f70b\" data-elementor-lightbox-title=\"P1377319\" data-e-action-hash=\"#elementor-action%3Aaction%3Dlightbox%26settings%3DeyJpZCI6MjcxNCwidXJsIjoiaHR0cHM6XC9cL2N1bHR1cmEuYXVwZXgub3JnXC9vcGVyYXJ1cmFsXC93cC1jb250ZW50XC91cGxvYWRzXC8yMDIzXC8wNVwvUDEzNzczMTkuanBnIiwic2xpZGVzaG93IjoiZTgzZjcwYiJ9\" href='https:\/\/cultura.aupex.org\/operarural\/wp-content\/uploads\/2023\/05\/P1377319.jpg'><img loading=\"lazy\" decoding=\"async\" width=\"150\" height=\"150\" src=\"https:\/\/cultura.aupex.org\/operarural\/wp-content\/uploads\/2023\/05\/P1377319-150x150.jpg\" class=\"attachment-thumbnail size-thumbnail\" alt=\"\" srcset=\"https:\/\/cultura.aupex.org\/operarural\/wp-content\/uploads\/2023\/05\/P1377319-150x150.jpg 150w, https:\/\/cultura.aupex.org\/operarural\/wp-content\/uploads\/2023\/05\/P1377319-300x300.jpg 300w, https:\/\/cultura.aupex.org\/operarural\/wp-content\/uploads\/2023\/05\/P1377319-100x100.jpg 100w\" sizes=\"(max-width: 150px) 100vw, 150px\" \/><\/a>\n\t\t\t<\/div><\/figure><figure class='gallery-item'>\n\t\t\t<div class='gallery-icon landscape'>\n\t\t\t\t<a data-elementor-open-lightbox=\"yes\" data-elementor-lightbox-slideshow=\"e83f70b\" data-elementor-lightbox-title=\"P1377321\" data-e-action-hash=\"#elementor-action%3Aaction%3Dlightbox%26settings%3DeyJpZCI6MjcxNSwidXJsIjoiaHR0cHM6XC9cL2N1bHR1cmEuYXVwZXgub3JnXC9vcGVyYXJ1cmFsXC93cC1jb250ZW50XC91cGxvYWRzXC8yMDIzXC8wNVwvUDEzNzczMjEuanBnIiwic2xpZGVzaG93IjoiZTgzZjcwYiJ9\" href='https:\/\/cultura.aupex.org\/operarural\/wp-content\/uploads\/2023\/05\/P1377321.jpg'><img loading=\"lazy\" decoding=\"async\" width=\"150\" height=\"150\" src=\"https:\/\/cultura.aupex.org\/operarural\/wp-content\/uploads\/2023\/05\/P1377321-150x150.jpg\" class=\"attachment-thumbnail size-thumbnail\" alt=\"\" srcset=\"https:\/\/cultura.aupex.org\/operarural\/wp-content\/uploads\/2023\/05\/P1377321-150x150.jpg 150w, https:\/\/cultura.aupex.org\/operarural\/wp-content\/uploads\/2023\/05\/P1377321-300x300.jpg 300w, https:\/\/cultura.aupex.org\/operarural\/wp-content\/uploads\/2023\/05\/P1377321-100x100.jpg 100w\" sizes=\"(max-width: 150px) 100vw, 150px\" \/><\/a>\n\t\t\t<\/div><\/figure><figure class='gallery-item'>\n\t\t\t<div class='gallery-icon landscape'>\n\t\t\t\t<a data-elementor-open-lightbox=\"yes\" data-elementor-lightbox-slideshow=\"e83f70b\" data-elementor-lightbox-title=\"P1377347\" data-e-action-hash=\"#elementor-action%3Aaction%3Dlightbox%26settings%3DeyJpZCI6MjcxNiwidXJsIjoiaHR0cHM6XC9cL2N1bHR1cmEuYXVwZXgub3JnXC9vcGVyYXJ1cmFsXC93cC1jb250ZW50XC91cGxvYWRzXC8yMDIzXC8wNVwvUDEzNzczNDcuanBnIiwic2xpZGVzaG93IjoiZTgzZjcwYiJ9\" href='https:\/\/cultura.aupex.org\/operarural\/wp-content\/uploads\/2023\/05\/P1377347.jpg'><img loading=\"lazy\" decoding=\"async\" width=\"150\" height=\"150\" src=\"https:\/\/cultura.aupex.org\/operarural\/wp-content\/uploads\/2023\/05\/P1377347-150x150.jpg\" class=\"attachment-thumbnail size-thumbnail\" alt=\"\" srcset=\"https:\/\/cultura.aupex.org\/operarural\/wp-content\/uploads\/2023\/05\/P1377347-150x150.jpg 150w, https:\/\/cultura.aupex.org\/operarural\/wp-content\/uploads\/2023\/05\/P1377347-300x300.jpg 300w, https:\/\/cultura.aupex.org\/operarural\/wp-content\/uploads\/2023\/05\/P1377347-100x100.jpg 100w\" sizes=\"(max-width: 150px) 100vw, 150px\" \/><\/a>\n\t\t\t<\/div><\/figure><figure class='gallery-item'>\n\t\t\t<div class='gallery-icon landscape'>\n\t\t\t\t<a data-elementor-open-lightbox=\"yes\" data-elementor-lightbox-slideshow=\"e83f70b\" data-elementor-lightbox-title=\"P1377360\" data-e-action-hash=\"#elementor-action%3Aaction%3Dlightbox%26settings%3DeyJpZCI6MjcxNywidXJsIjoiaHR0cHM6XC9cL2N1bHR1cmEuYXVwZXgub3JnXC9vcGVyYXJ1cmFsXC93cC1jb250ZW50XC91cGxvYWRzXC8yMDIzXC8wNVwvUDEzNzczNjAuanBnIiwic2xpZGVzaG93IjoiZTgzZjcwYiJ9\" href='https:\/\/cultura.aupex.org\/operarural\/wp-content\/uploads\/2023\/05\/P1377360.jpg'><img loading=\"lazy\" decoding=\"async\" width=\"150\" height=\"150\" src=\"https:\/\/cultura.aupex.org\/operarural\/wp-content\/uploads\/2023\/05\/P1377360-150x150.jpg\" class=\"attachment-thumbnail size-thumbnail\" alt=\"\" srcset=\"https:\/\/cultura.aupex.org\/operarural\/wp-content\/uploads\/2023\/05\/P1377360-150x150.jpg 150w, https:\/\/cultura.aupex.org\/operarural\/wp-content\/uploads\/2023\/05\/P1377360-300x300.jpg 300w, https:\/\/cultura.aupex.org\/operarural\/wp-content\/uploads\/2023\/05\/P1377360-100x100.jpg 100w\" sizes=\"(max-width: 150px) 100vw, 150px\" \/><\/a>\n\t\t\t<\/div><\/figure><figure class='gallery-item'>\n\t\t\t<div class='gallery-icon landscape'>\n\t\t\t\t<a data-elementor-open-lightbox=\"yes\" data-elementor-lightbox-slideshow=\"e83f70b\" data-elementor-lightbox-title=\"P1377364\" data-e-action-hash=\"#elementor-action%3Aaction%3Dlightbox%26settings%3DeyJpZCI6MjcxOCwidXJsIjoiaHR0cHM6XC9cL2N1bHR1cmEuYXVwZXgub3JnXC9vcGVyYXJ1cmFsXC93cC1jb250ZW50XC91cGxvYWRzXC8yMDIzXC8wNVwvUDEzNzczNjQuanBnIiwic2xpZGVzaG93IjoiZTgzZjcwYiJ9\" href='https:\/\/cultura.aupex.org\/operarural\/wp-content\/uploads\/2023\/05\/P1377364.jpg'><img loading=\"lazy\" decoding=\"async\" width=\"150\" height=\"150\" src=\"https:\/\/cultura.aupex.org\/operarural\/wp-content\/uploads\/2023\/05\/P1377364-150x150.jpg\" class=\"attachment-thumbnail size-thumbnail\" alt=\"\" srcset=\"https:\/\/cultura.aupex.org\/operarural\/wp-content\/uploads\/2023\/05\/P1377364-150x150.jpg 150w, https:\/\/cultura.aupex.org\/operarural\/wp-content\/uploads\/2023\/05\/P1377364-300x300.jpg 300w, https:\/\/cultura.aupex.org\/operarural\/wp-content\/uploads\/2023\/05\/P1377364-100x100.jpg 100w\" sizes=\"(max-width: 150px) 100vw, 150px\" \/><\/a>\n\t\t\t<\/div><\/figure><figure class='gallery-item'>\n\t\t\t<div class='gallery-icon landscape'>\n\t\t\t\t<a data-elementor-open-lightbox=\"yes\" data-elementor-lightbox-slideshow=\"e83f70b\" data-elementor-lightbox-title=\"P1377387 (1)\" data-e-action-hash=\"#elementor-action%3Aaction%3Dlightbox%26settings%3DeyJpZCI6MjcxOSwidXJsIjoiaHR0cHM6XC9cL2N1bHR1cmEuYXVwZXgub3JnXC9vcGVyYXJ1cmFsXC93cC1jb250ZW50XC91cGxvYWRzXC8yMDIzXC8wNVwvUDEzNzczODctMS5qcGciLCJzbGlkZXNob3ciOiJlODNmNzBiIn0%3D\" href='https:\/\/cultura.aupex.org\/operarural\/wp-content\/uploads\/2023\/05\/P1377387-1.jpg'><img loading=\"lazy\" decoding=\"async\" width=\"150\" height=\"150\" src=\"https:\/\/cultura.aupex.org\/operarural\/wp-content\/uploads\/2023\/05\/P1377387-1-150x150.jpg\" class=\"attachment-thumbnail size-thumbnail\" alt=\"\" srcset=\"https:\/\/cultura.aupex.org\/operarural\/wp-content\/uploads\/2023\/05\/P1377387-1-150x150.jpg 150w, https:\/\/cultura.aupex.org\/operarural\/wp-content\/uploads\/2023\/05\/P1377387-1-300x300.jpg 300w, https:\/\/cultura.aupex.org\/operarural\/wp-content\/uploads\/2023\/05\/P1377387-1-100x100.jpg 100w\" sizes=\"(max-width: 150px) 100vw, 150px\" \/><\/a>\n\t\t\t<\/div><\/figure>\n\t\t<\/div>\n\t\t<\/div>\n\t\t\t\t\t\t<\/div>\n\t\t\t\t<\/div>\n\t\t\t\t<div class=\"elementor-element elementor-element-f89d744 elementor-widget elementor-widget-spacer\" data-id=\"f89d744\" data-element_type=\"widget\" data-e-type=\"widget\" data-widget_type=\"spacer.default\">\n\t\t\t\t<div class=\"elementor-widget-container\">\n\t\t\t\t\t\t\t<div class=\"elementor-spacer\">\n\t\t\t<div class=\"elementor-spacer-inner\"><\/div>\n\t\t<\/div>\n\t\t\t\t\t\t<\/div>\n\t\t\t\t<\/div>\n\t\t\t\t\t<\/div>\n\t\t<\/div>\n\t\t\t\t\t<\/div>\n\t\t<\/section>\n\t\t\t\t\t<\/div>\n\t\t<\/div>\n\t\t\t\t\t<\/div>\n\t\t<\/section>\n\t\t\t\t<section class=\"elementor-section elementor-top-section elementor-element elementor-element-df85c5d elementor-section-boxed elementor-section-height-default elementor-section-height-default\" data-id=\"df85c5d\" data-element_type=\"section\" data-e-type=\"section\" data-settings=\"{&quot;background_background&quot;:&quot;classic&quot;}\">\n\t\t\t\t\t\t<div class=\"elementor-container elementor-column-gap-default\">\n\t\t\t\t\t<div class=\"elementor-column elementor-col-100 elementor-top-column elementor-element elementor-element-6c5c0cce\" data-id=\"6c5c0cce\" data-element_type=\"column\" data-e-type=\"column\">\n\t\t\t<div class=\"elementor-widget-wrap elementor-element-populated\">\n\t\t\t\t\t\t<div class=\"elementor-element elementor-element-32989094 elementor-widget elementor-widget-spacer\" data-id=\"32989094\" data-element_type=\"widget\" data-e-type=\"widget\" data-widget_type=\"spacer.default\">\n\t\t\t\t<div class=\"elementor-widget-container\">\n\t\t\t\t\t\t\t<div class=\"elementor-spacer\">\n\t\t\t<div class=\"elementor-spacer-inner\"><\/div>\n\t\t<\/div>\n\t\t\t\t\t\t<\/div>\n\t\t\t\t<\/div>\n\t\t\t\t\t<\/div>\n\t\t<\/div>\n\t\t\t\t\t<\/div>\n\t\t<\/section>\n\t\t\t\t<\/div>\n\t\t","protected":false},"excerpt":{"rendered":"<p>Taller de t\u00e9cnica vocal Las personas que superaron las audiciones, as\u00ed como las que formaron parte del coro y del elenco de personajes de la producci\u00f3n, participaron en el Taller de T\u00e9cnica Vocal celebrado entre el 10 y el 28 de marzo. Impartido por \u00c1ngel Jim\u00e9nez, director art\u00edstico del proyecto, y centrado en la propia [&hellip;]<\/p>\n","protected":false},"author":1,"featured_media":0,"parent":1545,"menu_order":40,"comment_status":"closed","ping_status":"closed","template":"","meta":{"footnotes":""},"class_list":["post-2705","page","type-page","status-publish","hentry"],"_links":{"self":[{"href":"https:\/\/cultura.aupex.org\/operarural\/wp-json\/wp\/v2\/pages\/2705","targetHints":{"allow":["GET"]}}],"collection":[{"href":"https:\/\/cultura.aupex.org\/operarural\/wp-json\/wp\/v2\/pages"}],"about":[{"href":"https:\/\/cultura.aupex.org\/operarural\/wp-json\/wp\/v2\/types\/page"}],"author":[{"embeddable":true,"href":"https:\/\/cultura.aupex.org\/operarural\/wp-json\/wp\/v2\/users\/1"}],"replies":[{"embeddable":true,"href":"https:\/\/cultura.aupex.org\/operarural\/wp-json\/wp\/v2\/comments?post=2705"}],"version-history":[{"count":16,"href":"https:\/\/cultura.aupex.org\/operarural\/wp-json\/wp\/v2\/pages\/2705\/revisions"}],"predecessor-version":[{"id":2949,"href":"https:\/\/cultura.aupex.org\/operarural\/wp-json\/wp\/v2\/pages\/2705\/revisions\/2949"}],"up":[{"embeddable":true,"href":"https:\/\/cultura.aupex.org\/operarural\/wp-json\/wp\/v2\/pages\/1545"}],"wp:attachment":[{"href":"https:\/\/cultura.aupex.org\/operarural\/wp-json\/wp\/v2\/media?parent=2705"}],"curies":[{"name":"wp","href":"https:\/\/api.w.org\/{rel}","templated":true}]}}