{"id":1812,"date":"2023-04-03T07:19:36","date_gmt":"2023-04-03T07:19:36","guid":{"rendered":"https:\/\/cultura.aupex.org\/operarural\/?page_id=1812"},"modified":"2023-04-03T07:35:18","modified_gmt":"2023-04-03T07:35:18","slug":"aviso-legal","status":"publish","type":"page","link":"https:\/\/cultura.aupex.org\/operarural\/aviso-legal\/","title":{"rendered":"Aviso Legal"},"content":{"rendered":"<style>.elementor-1812 .elementor-element.elementor-element-7702af50{padding:2% 0% 0% 0%;}.elementor-1812 .elementor-element.elementor-element-2dd93c7{--spacer-size:50px;}.elementor-widget-heading .elementor-heading-title{font-family:var( --e-global-typography-primary-font-family ), Sans-serif;font-weight:var( --e-global-typography-primary-font-weight );color:var( --e-global-color-primary );}.elementor-1812 .elementor-element.elementor-element-1382a6db{text-align:center;}.elementor-widget-text-editor{font-family:var( --e-global-typography-text-font-family ), Sans-serif;font-weight:var( --e-global-typography-text-font-weight );color:var( --e-global-color-text );}.elementor-widget-text-editor.elementor-drop-cap-view-stacked .elementor-drop-cap{background-color:var( --e-global-color-primary );}.elementor-widget-text-editor.elementor-drop-cap-view-framed .elementor-drop-cap, .elementor-widget-text-editor.elementor-drop-cap-view-default .elementor-drop-cap{color:var( --e-global-color-primary );border-color:var( --e-global-color-primary );}.elementor-1812 .elementor-element.elementor-element-aed6e70{--spacer-size:50px;}:root{--page-title-display:none;}<\/style>\t\t<div data-elementor-type=\"wp-page\" data-elementor-id=\"1812\" class=\"elementor elementor-1812\">\n\t\t\t\t\t\t<section class=\"elementor-section elementor-top-section elementor-element elementor-element-7702af50 elementor-section-boxed elementor-section-height-default elementor-section-height-default\" data-id=\"7702af50\" data-element_type=\"section\" data-e-type=\"section\">\n\t\t\t\t\t\t<div class=\"elementor-container elementor-column-gap-default\">\n\t\t\t\t\t<div class=\"elementor-column elementor-col-100 elementor-top-column elementor-element elementor-element-458de455\" data-id=\"458de455\" data-element_type=\"column\" data-e-type=\"column\">\n\t\t\t<div class=\"elementor-widget-wrap elementor-element-populated\">\n\t\t\t\t\t\t<div class=\"elementor-element elementor-element-2dd93c7 elementor-widget elementor-widget-spacer\" data-id=\"2dd93c7\" data-element_type=\"widget\" data-e-type=\"widget\" data-widget_type=\"spacer.default\">\n\t\t\t\t<div class=\"elementor-widget-container\">\n\t\t\t\t\t\t\t<div class=\"elementor-spacer\">\n\t\t\t<div class=\"elementor-spacer-inner\"><\/div>\n\t\t<\/div>\n\t\t\t\t\t\t<\/div>\n\t\t\t\t<\/div>\n\t\t\t\t<div class=\"elementor-element elementor-element-1382a6db elementor-widget elementor-widget-heading\" data-id=\"1382a6db\" data-element_type=\"widget\" data-e-type=\"widget\" data-widget_type=\"heading.default\">\n\t\t\t\t<div class=\"elementor-widget-container\">\n\t\t\t\t\t<h2 class=\"elementor-heading-title elementor-size-default\">AVISO LEGAL<\/h2>\t\t\t\t<\/div>\n\t\t\t\t<\/div>\n\t\t\t\t<div class=\"elementor-element elementor-element-3efd9fa elementor-widget elementor-widget-heading\" data-id=\"3efd9fa\" data-element_type=\"widget\" data-e-type=\"widget\" data-widget_type=\"heading.default\">\n\t\t\t\t<div class=\"elementor-widget-container\">\n\t\t\t\t\t<h5 class=\"elementor-heading-title elementor-size-default\">1.- Introducci\u00f3n<\/h5>\t\t\t\t<\/div>\n\t\t\t\t<\/div>\n\t\t\t\t<div class=\"elementor-element elementor-element-49ec5104 elementor-widget elementor-widget-text-editor\" data-id=\"49ec5104\" data-element_type=\"widget\" data-e-type=\"widget\" data-widget_type=\"text-editor.default\">\n\t\t\t\t<div class=\"elementor-widget-container\">\n\t\t\t\t\t\t\t\t\tEl presente documento tiene como finalidad el establecer y regular las normas de uso del Sitio www.aupex.org (en adelante el \u00abSitio\u00bb), entendiendo por Sitio todas las p\u00e1ginas y sus contenidos propiedad de ASOCIACI\u00d3N REGIONAL DE UNIVERSIDADES POPULARES DE EXTREMADURA (AUPEX) a las cuales se accede a trav\u00e9s del dominio www.aupex.org y sus subdominios.\t\t\t\t\t\t\t\t<\/div>\n\t\t\t\t<\/div>\n\t\t\t\t<div class=\"elementor-element elementor-element-373f1ab2 elementor-widget elementor-widget-text-editor\" data-id=\"373f1ab2\" data-element_type=\"widget\" data-e-type=\"widget\" data-widget_type=\"text-editor.default\">\n\t\t\t\t<div class=\"elementor-widget-container\">\n\t\t\t\t\t\t\t\t\tLa utilizaci\u00f3n del Sitio atribuye la condici\u00f3n de Usuario del mismo e implica la aceptaci\u00f3n de todas las condiciones incluidas en el presente Aviso Legal. El Usuario se compromete a leer atentamente el presente Aviso Legal en cada una de las ocasiones en que se proponga utilizar el Sitio, ya que \u00e9ste y sus condiciones de uso recogidas en el presente Aviso Legal pueden sufrir modificaciones. \nTodos los avisos pueden ser revisados en cualquier momento por el usuario a trav\u00e9s de nuestra p\u00e1gina web.\n\t\t\t\t\t\t\t\t<\/div>\n\t\t\t\t<\/div>\n\t\t\t\t<div class=\"elementor-element elementor-element-505ada60 elementor-widget elementor-widget-heading\" data-id=\"505ada60\" data-element_type=\"widget\" data-e-type=\"widget\" data-widget_type=\"heading.default\">\n\t\t\t\t<div class=\"elementor-widget-container\">\n\t\t\t\t\t<h5 class=\"elementor-heading-title elementor-size-default\">2.- Titularidad del Sitio Web.<\/h5>\t\t\t\t<\/div>\n\t\t\t\t<\/div>\n\t\t\t\t<div class=\"elementor-element elementor-element-2c8ef86 elementor-widget elementor-widget-text-editor\" data-id=\"2c8ef86\" data-element_type=\"widget\" data-e-type=\"widget\" data-widget_type=\"text-editor.default\">\n\t\t\t\t<div class=\"elementor-widget-container\">\n\t\t\t\t\t\t\t\t\tEl titular del presente Sitio es ASOCIACI\u00d3N REGIONAL DE UNIVERSIDADES POPULARES DE EXTREMADURA (AUPEX) con domicilio en C\/ Vasco N\u00fa\u00f1ez, 31 Bajo., C.P. 06001, de Badajoz, y con CIF: G06192868. Inscrita en el Registro de Asociaciones de la Junta de Extremadura con el n\u00famero 1788 de la Secci\u00f3n 1\u00aa de la provincia de Badajoz.\t\t\t\t\t\t\t\t<\/div>\n\t\t\t\t<\/div>\n\t\t\t\t<div class=\"elementor-element elementor-element-63226b87 elementor-widget elementor-widget-text-editor\" data-id=\"63226b87\" data-element_type=\"widget\" data-e-type=\"widget\" data-widget_type=\"text-editor.default\">\n\t\t\t\t<div class=\"elementor-widget-container\">\n\t\t\t\t\t\t\t\t\tUd. puede ponerse en contacto con nosotros en los siguientes n\u00fameros de tel\u00e9fono o e-mail: Tfno: 924207109, e-mail: aupex@aupex.org\t\t\t\t\t\t\t\t<\/div>\n\t\t\t\t<\/div>\n\t\t\t\t<div class=\"elementor-element elementor-element-50cc6b4c elementor-widget elementor-widget-heading\" data-id=\"50cc6b4c\" data-element_type=\"widget\" data-e-type=\"widget\" data-widget_type=\"heading.default\">\n\t\t\t\t<div class=\"elementor-widget-container\">\n\t\t\t\t\t<h5 class=\"elementor-heading-title elementor-size-default\">3.- Propiedad intelectual e industrial.<\/h5>\t\t\t\t<\/div>\n\t\t\t\t<\/div>\n\t\t\t\t<div class=\"elementor-element elementor-element-2eb018ee elementor-widget elementor-widget-text-editor\" data-id=\"2eb018ee\" data-element_type=\"widget\" data-e-type=\"widget\" data-widget_type=\"text-editor.default\">\n\t\t\t\t<div class=\"elementor-widget-container\">\n\t\t\t\t\t\t\t\t\tLos derechos de propiedad intelectual de este sitio, son titularidad de ASOCIACI\u00d3N REGIONAL DE UNIVERSIDADES POPULARES DE EXTREMADURA (AUPEX), o de terceros de los que dispone autorizaci\u00f3n cuando sea necesaria. \t\t\t\t\t\t\t\t<\/div>\n\t\t\t\t<\/div>\n\t\t\t\t<div class=\"elementor-element elementor-element-3f587476 elementor-widget elementor-widget-text-editor\" data-id=\"3f587476\" data-element_type=\"widget\" data-e-type=\"widget\" data-widget_type=\"text-editor.default\">\n\t\t\t\t<div class=\"elementor-widget-container\">\n\t\t\t\t\t\t\t\t\tLa reproducci\u00f3n, distribuci\u00f3n, comercializaci\u00f3n o transformaci\u00f3n, total o parcial, no autorizadas del contenido del Sitio, constituye una infracci\u00f3n de los derechos de propiedad intelectual de ASOCIACI\u00d3N REGIONAL DE UNIVERSIDADES POPULARES DE EXTREMADURA (AUPEX). Igualmente, todas las marcas o signos distintivos de cualquier clase contenidos en el Sitio est\u00e1n protegidos por Ley. \t\t\t\t\t\t\t\t<\/div>\n\t\t\t\t<\/div>\n\t\t\t\t<div class=\"elementor-element elementor-element-31d2b91 elementor-widget elementor-widget-text-editor\" data-id=\"31d2b91\" data-element_type=\"widget\" data-e-type=\"widget\" data-widget_type=\"text-editor.default\">\n\t\t\t\t<div class=\"elementor-widget-container\">\n\t\t\t\t\t\t\t\t\tLa utilizaci\u00f3n no autorizada de la informaci\u00f3n contenida en este Sitio, as\u00ed como los perjuicios ocasionados en los derechos de propiedad intelectual e industrial de ASOCIACI\u00d3N REGIONAL DE UNIVERSIDADES POPULARES DE EXTREMADURA (AUPEX), pueden dar lugar al ejercicio de las acciones que legalmente correspondan y, si procede, a las responsabilidades que de dicho ejercicio se deriven. \nEn el caso de que los productos de nuestra tienda online fueran susceptibles de protecci\u00f3n por Propiedad Intelectual, ASOCIACI\u00d3N REGIONAL DE UNIVERSIDADES POPULARES DE EXTREMADURA (AUPEX) garantiza estar autorizado para gestionar la adquisici\u00f3n y el cobro del producto al consumidor.\n\t\t\t\t\t\t\t\t<\/div>\n\t\t\t\t<\/div>\n\t\t\t\t<div class=\"elementor-element elementor-element-505effba elementor-widget elementor-widget-heading\" data-id=\"505effba\" data-element_type=\"widget\" data-e-type=\"widget\" data-widget_type=\"heading.default\">\n\t\t\t\t<div class=\"elementor-widget-container\">\n\t\t\t\t\t<h5 class=\"elementor-heading-title elementor-size-default\">4.- Exclusi\u00f3n de responsabilidad.<\/h5>\t\t\t\t<\/div>\n\t\t\t\t<\/div>\n\t\t\t\t<div class=\"elementor-element elementor-element-527ec0cb elementor-widget elementor-widget-text-editor\" data-id=\"527ec0cb\" data-element_type=\"widget\" data-e-type=\"widget\" data-widget_type=\"text-editor.default\">\n\t\t\t\t<div class=\"elementor-widget-container\">\n\t\t\t\t\t\t\t\t\tEl contenido, programas, informaci\u00f3n y\/o consejos expresados en este Sitio deben entenderse como simplemente orientativos. ASOCIACI\u00d3N REGIONAL DE UNIVERSIDADES POPULARES DE EXTREMADURA (AUPEX), no responde de ninguna forma de la efectividad o exactitud de los mismos, quedando exenta de cualquier responsabilidad contractual o extracontractual con los Usuarios que haga uso de ellos, ya que son \u00e9stas las que deber\u00e1n decidir seg\u00fan su criterio la oportunidad de los mismos. \t\t\t\t\t\t\t\t<\/div>\n\t\t\t\t<\/div>\n\t\t\t\t<div class=\"elementor-element elementor-element-19e4311 elementor-widget elementor-widget-text-editor\" data-id=\"19e4311\" data-element_type=\"widget\" data-e-type=\"widget\" data-widget_type=\"text-editor.default\">\n\t\t\t\t<div class=\"elementor-widget-container\">\n\t\t\t\t\t\t\t\t\tEn este Sitio se pueden publicar contenidos aportados por terceras personas o empresas, ASOCIACI\u00d3N REGIONAL DE UNIVERSIDADES POPULARES DE EXTREMADURA (AUPEX), no responde de la veracidad y exactitud de los mismos, quedando exenta de cualquier responsabilidad contractual o extracontractual con los Usuarios que hagan uso de ellos. \t\t\t\t\t\t\t\t<\/div>\n\t\t\t\t<\/div>\n\t\t\t\t<div class=\"elementor-element elementor-element-3c61e7e elementor-widget elementor-widget-text-editor\" data-id=\"3c61e7e\" data-element_type=\"widget\" data-e-type=\"widget\" data-widget_type=\"text-editor.default\">\n\t\t\t\t<div class=\"elementor-widget-container\">\n\t\t\t\t\t\t\t\t\tASOCIACI\u00d3N REGIONAL DE UNIVERSIDADES POPULARES DE EXTREMADURA (AUPEX), se reserva el derecho de modificar el contenido del Sitio sin previo aviso y sin ning\u00fan tipo de limitaci\u00f3n. \t\t\t\t\t\t\t\t<\/div>\n\t\t\t\t<\/div>\n\t\t\t\t<div class=\"elementor-element elementor-element-236506ac elementor-widget elementor-widget-text-editor\" data-id=\"236506ac\" data-element_type=\"widget\" data-e-type=\"widget\" data-widget_type=\"text-editor.default\">\n\t\t\t\t<div class=\"elementor-widget-container\">\n\t\t\t\t\t\t\t\t\tAsimismo, declina cualquier responsabilidad por los eventuales da\u00f1os y perjuicios que puedan ocasionarse por la falta de disponibilidad y\/o continuidad de este Sitio y de los servicios que se ofrecen en el. \t\t\t\t\t\t\t\t<\/div>\n\t\t\t\t<\/div>\n\t\t\t\t<div class=\"elementor-element elementor-element-25f04194 elementor-widget elementor-widget-text-editor\" data-id=\"25f04194\" data-element_type=\"widget\" data-e-type=\"widget\" data-widget_type=\"text-editor.default\">\n\t\t\t\t<div class=\"elementor-widget-container\">\n\t\t\t\t\t\t\t\t\tASOCIACI\u00d3N REGIONAL DE UNIVERSIDADES POPULARES DE EXTREMADURA (AUPEX), no garantiza la ausencia de virus ni de otros elementos en la web que puedan producir alteraciones en su sistema inform\u00e1tico. ASOCIACI\u00d3N REGIONAL DE UNIVERSIDADES POPULARES DE EXTREMADURA (AUPEX), declina cualquier responsabilidad contractual o extracontractual con los Usuarios que hagan uso de ello y tuviera perjuicios de cualquier naturaleza ocasionados por virus inform\u00e1ticos o por elementos inform\u00e1ticos de cualquier \u00edndole. \t\t\t\t\t\t\t\t<\/div>\n\t\t\t\t<\/div>\n\t\t\t\t<div class=\"elementor-element elementor-element-425989ed elementor-widget elementor-widget-text-editor\" data-id=\"425989ed\" data-element_type=\"widget\" data-e-type=\"widget\" data-widget_type=\"text-editor.default\">\n\t\t\t\t<div class=\"elementor-widget-container\">\n\t\t\t\t\t\t\t\t\tASOCIACI\u00d3N REGIONAL DE UNIVERSIDADES POPULARES DE EXTREMADURA (AUPEX), declina cualquier responsabilidad por los servicios que eventualmente pudieran prestarse en el Sitio por parte de terceros. \t\t\t\t\t\t\t\t<\/div>\n\t\t\t\t<\/div>\n\t\t\t\t<div class=\"elementor-element elementor-element-5a2d6989 elementor-widget elementor-widget-text-editor\" data-id=\"5a2d6989\" data-element_type=\"widget\" data-e-type=\"widget\" data-widget_type=\"text-editor.default\">\n\t\t\t\t<div class=\"elementor-widget-container\">\n\t\t\t\t\t\t\t\t\tASOCIACI\u00d3N REGIONAL DE UNIVERSIDADES POPULARES DE EXTREMADURA (AUPEX), declina cualquier responsabilidad por los servicios y\/o informaci\u00f3n que se preste en otros Sitios enlazados con este. ASOCIACI\u00d3N REGIONAL DE UNIVERSIDADES POPULARES DE EXTREMADURA (AUPEX), no controla ni ejerce ning\u00fan tipo de supervisi\u00f3n en Sitios Webs de terceros. Aconsejamos a los Usuarios de los mismos a actuar con prudencia y consultar las eventuales condiciones legales que se expongan en dichas webs. \t\t\t\t\t\t\t\t<\/div>\n\t\t\t\t<\/div>\n\t\t\t\t<div class=\"elementor-element elementor-element-2a819f5a elementor-widget elementor-widget-text-editor\" data-id=\"2a819f5a\" data-element_type=\"widget\" data-e-type=\"widget\" data-widget_type=\"text-editor.default\">\n\t\t\t\t<div class=\"elementor-widget-container\">\n\t\t\t\t\t\t\t\t\tLos Usuarios que remitan cualquier tipo de informaci\u00f3n a ASOCIACI\u00d3N REGIONAL DE UNIVERSIDADES POPULARES DE EXTREMADURA (AUPEX), se comprometen a que la misma sea veraz y que no vulnere cualquier derecho de terceros ni la legalidad vigente. \t\t\t\t\t\t\t\t<\/div>\n\t\t\t\t<\/div>\n\t\t\t\t<div class=\"elementor-element elementor-element-36962617 elementor-widget elementor-widget-heading\" data-id=\"36962617\" data-element_type=\"widget\" data-e-type=\"widget\" data-widget_type=\"heading.default\">\n\t\t\t\t<div class=\"elementor-widget-container\">\n\t\t\t\t\t<h5 class=\"elementor-heading-title elementor-size-default\">5.- Condiciones de uso del portal para los usuarios.<\/h5>\t\t\t\t<\/div>\n\t\t\t\t<\/div>\n\t\t\t\t<div class=\"elementor-element elementor-element-27799e6e elementor-widget elementor-widget-text-editor\" data-id=\"27799e6e\" data-element_type=\"widget\" data-e-type=\"widget\" data-widget_type=\"text-editor.default\">\n\t\t\t\t<div class=\"elementor-widget-container\">\n\t\t\t\t\t\t\t\t\tEl acceso al presente Sitio es gratuito salvo en lo relativo al coste de la conexi\u00f3n a trav\u00e9s de la red de telecomunicaciones suministrada por el proveedor de acceso contratado por los usuarios. \t\t\t\t\t\t\t\t<\/div>\n\t\t\t\t<\/div>\n\t\t\t\t<div class=\"elementor-element elementor-element-4756f9bb elementor-widget elementor-widget-text-editor\" data-id=\"4756f9bb\" data-element_type=\"widget\" data-e-type=\"widget\" data-widget_type=\"text-editor.default\">\n\t\t\t\t<div class=\"elementor-widget-container\">\n\t\t\t\t\t\t\t\t\tQueda expresamente prohibido el uso del Sitio con fines lesivos de bienes o intereses de ASOCIACI\u00d3N REGIONAL DE UNIVERSIDADES POPULARES DE EXTREMADURA (AUPEX) o de terceros o que de cualquier otra forma sobrecarguen, da\u00f1en o inutilicen las redes, servidores y dem\u00e1s equipos inform\u00e1ticos (hardware) o productos y aplicaciones inform\u00e1ticas (software) de ASOCIACI\u00d3N REGIONAL DE UNIVERSIDADES POPULARES DE EXTREMADURA (AUPEX), o de terceros. \t\t\t\t\t\t\t\t<\/div>\n\t\t\t\t<\/div>\n\t\t\t\t<div class=\"elementor-element elementor-element-39238930 elementor-widget elementor-widget-text-editor\" data-id=\"39238930\" data-element_type=\"widget\" data-e-type=\"widget\" data-widget_type=\"text-editor.default\">\n\t\t\t\t<div class=\"elementor-widget-container\">\n\t\t\t\t\t\t\t\t\tEn el caso de que el Usuario tuviera conocimiento de que los Sitios enlazados remiten a p\u00e1ginas cuyos contenidos o servicios son il\u00edcitos, nocivos, denigrantes, violentos o contrarios a la moral le agradecer\u00edamos que se pusiera en contacto con ASOCIACI\u00d3N REGIONAL DE UNIVERSIDADES POPULARES DE EXTREMADURA (AUPEX). \t\t\t\t\t\t\t\t<\/div>\n\t\t\t\t<\/div>\n\t\t\t\t<div class=\"elementor-element elementor-element-257bdd65 elementor-widget elementor-widget-heading\" data-id=\"257bdd65\" data-element_type=\"widget\" data-e-type=\"widget\" data-widget_type=\"heading.default\">\n\t\t\t\t<div class=\"elementor-widget-container\">\n\t\t\t\t\t<h5 class=\"elementor-heading-title elementor-size-default\">6.- Pol\u00edtica de protecci\u00f3n de datos personales.<\/h5>\t\t\t\t<\/div>\n\t\t\t\t<\/div>\n\t\t\t\t<div class=\"elementor-element elementor-element-74b0af6f elementor-widget elementor-widget-text-editor\" data-id=\"74b0af6f\" data-element_type=\"widget\" data-e-type=\"widget\" data-widget_type=\"text-editor.default\">\n\t\t\t\t<div class=\"elementor-widget-container\">\n\t\t\t\t\t\t\t\t\tPuede consultar nuestra Pol\u00edtica de protecci\u00f3n de datos personales en el apartado Pol\u00edtica de Privacidad de esta web.\t\t\t\t\t\t\t\t<\/div>\n\t\t\t\t<\/div>\n\t\t\t\t<div class=\"elementor-element elementor-element-aed6e70 elementor-widget elementor-widget-spacer\" data-id=\"aed6e70\" data-element_type=\"widget\" data-e-type=\"widget\" data-widget_type=\"spacer.default\">\n\t\t\t\t<div class=\"elementor-widget-container\">\n\t\t\t\t\t\t\t<div class=\"elementor-spacer\">\n\t\t\t<div class=\"elementor-spacer-inner\"><\/div>\n\t\t<\/div>\n\t\t\t\t\t\t<\/div>\n\t\t\t\t<\/div>\n\t\t\t\t\t<\/div>\n\t\t<\/div>\n\t\t\t\t\t<\/div>\n\t\t<\/section>\n\t\t\t\t<\/div>\n\t\t","protected":false},"excerpt":{"rendered":"<p>AVISO LEGAL 1.- Introducci\u00f3n El presente documento tiene como finalidad el establecer y regular las normas de uso del Sitio www.aupex.org (en adelante el \u00abSitio\u00bb), entendiendo por Sitio todas las p\u00e1ginas y sus contenidos propiedad de ASOCIACI\u00d3N REGIONAL DE UNIVERSIDADES POPULARES DE EXTREMADURA (AUPEX) a las cuales se accede a trav\u00e9s del dominio www.aupex.org y [&hellip;]<\/p>\n","protected":false},"author":1,"featured_media":0,"parent":0,"menu_order":100,"comment_status":"closed","ping_status":"closed","template":"","meta":{"footnotes":""},"class_list":["post-1812","page","type-page","status-publish","hentry"],"_links":{"self":[{"href":"https:\/\/cultura.aupex.org\/operarural\/wp-json\/wp\/v2\/pages\/1812","targetHints":{"allow":["GET"]}}],"collection":[{"href":"https:\/\/cultura.aupex.org\/operarural\/wp-json\/wp\/v2\/pages"}],"about":[{"href":"https:\/\/cultura.aupex.org\/operarural\/wp-json\/wp\/v2\/types\/page"}],"author":[{"embeddable":true,"href":"https:\/\/cultura.aupex.org\/operarural\/wp-json\/wp\/v2\/users\/1"}],"replies":[{"embeddable":true,"href":"https:\/\/cultura.aupex.org\/operarural\/wp-json\/wp\/v2\/comments?post=1812"}],"version-history":[{"count":4,"href":"https:\/\/cultura.aupex.org\/operarural\/wp-json\/wp\/v2\/pages\/1812\/revisions"}],"predecessor-version":[{"id":1847,"href":"https:\/\/cultura.aupex.org\/operarural\/wp-json\/wp\/v2\/pages\/1812\/revisions\/1847"}],"wp:attachment":[{"href":"https:\/\/cultura.aupex.org\/operarural\/wp-json\/wp\/v2\/media?parent=1812"}],"curies":[{"name":"wp","href":"https:\/\/api.w.org\/{rel}","templated":true}]}}