{"id":1636,"date":"2023-03-29T15:54:29","date_gmt":"2023-03-29T15:54:29","guid":{"rendered":"https:\/\/cultura.aupex.org\/operarural\/?page_id=1636"},"modified":"2023-03-29T16:43:05","modified_gmt":"2023-03-29T16:43:05","slug":"patricia_santos","status":"publish","type":"page","link":"https:\/\/cultura.aupex.org\/operarural\/la-traviata-de-giuseppe-verdi\/patricia_santos\/","title":{"rendered":"Patricia Santos"},"content":{"rendered":"<style>.elementor-1636 .elementor-element.elementor-element-5fd5838c > .elementor-container{max-width:1190px;}.elementor-1636 .elementor-element.elementor-element-5fd5838c:not(.elementor-motion-effects-element-type-background), .elementor-1636 .elementor-element.elementor-element-5fd5838c > .elementor-motion-effects-container > .elementor-motion-effects-layer{background-image:url(\"https:\/\/cultura.aupex.org\/operarural\/wp-content\/uploads\/2023\/03\/img-opera-03.jpg\");background-position:0px -581px;background-repeat:no-repeat;background-size:cover;}.elementor-1636 .elementor-element.elementor-element-5fd5838c > .elementor-background-overlay{background-color:transparent;background-image:linear-gradient(180deg, #6EC1E400 0%, #000000 100%);opacity:1;transition:background 0.3s, border-radius 0.3s, opacity 0.3s;}.elementor-1636 .elementor-element.elementor-element-5fd5838c{transition:background 0.3s, border 0.3s, border-radius 0.3s, box-shadow 0.3s;margin-top:5%;margin-bottom:0%;padding:2% 0% 0% 0%;}.elementor-1636 .elementor-element.elementor-element-6272efba{--spacer-size:151px;}.elementor-1636 .elementor-element.elementor-element-1e904a5c > .elementor-container{max-width:1190px;}.elementor-1636 .elementor-element.elementor-element-1e904a5c:not(.elementor-motion-effects-element-type-background), .elementor-1636 .elementor-element.elementor-element-1e904a5c > .elementor-motion-effects-container > .elementor-motion-effects-layer{background-color:transparent;background-image:linear-gradient(180deg, #1B1A17 0%, #1D0306 100%);}.elementor-1636 .elementor-element.elementor-element-1e904a5c{transition:background 0.3s, border 0.3s, border-radius 0.3s, box-shadow 0.3s;padding:0% 0% 0% 0%;}.elementor-1636 .elementor-element.elementor-element-1e904a5c > .elementor-background-overlay{transition:background 0.3s, border-radius 0.3s, opacity 0.3s;}.elementor-1636 .elementor-element.elementor-element-53e2c96b > .elementor-container{max-width:1190px;}.elementor-1636 .elementor-element.elementor-element-53e2c96b{overflow:hidden;transition:background 0.3s, border 0.3s, border-radius 0.3s, box-shadow 0.3s;margin-top:-47px;margin-bottom:0px;padding:3% 0% 0% 0%;}.elementor-1636 .elementor-element.elementor-element-53e2c96b:not(.elementor-motion-effects-element-type-background), .elementor-1636 .elementor-element.elementor-element-53e2c96b > .elementor-motion-effects-container > .elementor-motion-effects-layer{background-color:#2B281C4D;}.elementor-1636 .elementor-element.elementor-element-53e2c96b > .elementor-background-overlay{transition:background 0.3s, border-radius 0.3s, opacity 0.3s;}.elementor-1636 .elementor-element.elementor-element-53e2c96b.elementor-section::before{content:\"\";width:100%;height:100%;position:absolute;left:0;top:0;-webkit-backdrop-filter:blur(7px);backdrop-filter:blur(7px);border-radius:inherit;background-color:inherit;}.elementor-bc-flex-widget .elementor-1636 .elementor-element.elementor-element-18a654d7.elementor-column .elementor-widget-wrap{align-items:center;}.elementor-1636 .elementor-element.elementor-element-18a654d7.elementor-column.elementor-element[data-element_type=\"column\"] > .elementor-widget-wrap.elementor-element-populated{align-content:center;align-items:center;}.elementor-1636 .elementor-element.elementor-element-7a4fae99 > .elementor-container > .elementor-column > .elementor-widget-wrap{align-content:flex-start;align-items:flex-start;}.elementor-1636 .elementor-element.elementor-element-7a4fae99:not(.elementor-motion-effects-element-type-background), .elementor-1636 .elementor-element.elementor-element-7a4fae99 > .elementor-motion-effects-container > .elementor-motion-effects-layer{background-color:#232119;}.elementor-1636 .elementor-element.elementor-element-7a4fae99{transition:background 0.3s, border 0.3s, border-radius 0.3s, box-shadow 0.3s;padding:0% 3% 3% 3%;}.elementor-1636 .elementor-element.elementor-element-7a4fae99 > .elementor-background-overlay{transition:background 0.3s, border-radius 0.3s, opacity 0.3s;}.elementor-1636 .elementor-element.elementor-element-311fc89c > .elementor-element-populated{transition:background 0.3s, border 0.3s, border-radius 0.3s, box-shadow 0.3s;}.elementor-1636 .elementor-element.elementor-element-311fc89c > .elementor-element-populated > .elementor-background-overlay{transition:background 0.3s, border-radius 0.3s, opacity 0.3s;}.elementor-1636 .elementor-element.elementor-element-b99ce96{--spacer-size:80px;}.elementor-widget-image .widget-image-caption{color:var( --e-global-color-text );font-family:var( --e-global-typography-text-font-family ), Sans-serif;font-weight:var( --e-global-typography-text-font-weight );}.elementor-1636 .elementor-element.elementor-element-2a027eb7{text-align:end;}.elementor-widget-heading .elementor-heading-title{font-family:var( --e-global-typography-primary-font-family ), Sans-serif;font-weight:var( --e-global-typography-primary-font-weight );color:var( --e-global-color-primary );}.elementor-1636 .elementor-element.elementor-element-508de25c{text-align:start;}.elementor-1636 .elementor-element.elementor-element-508de25c .elementor-heading-title{color:#FFFFFF;}.elementor-1636 .elementor-element.elementor-element-508de25c > .elementor-widget-container{margin:0px 0px 0px 0px;}.elementor-widget-button .elementor-button{font-family:var( --e-global-typography-accent-font-family ), Sans-serif;font-weight:var( --e-global-typography-accent-font-weight );background-color:var( --e-global-color-accent );}.elementor-1636 .elementor-element.elementor-element-35868d01 .elementor-button{font-size:18px;font-weight:500;fill:#FFFFFF;color:#FFFFFF;background-color:#FFFFFF21;border-style:solid;border-width:0px 0px 0px 0px;padding:4px 10px 4px 10px;}.elementor-1636 .elementor-element.elementor-element-35868d01 > .elementor-widget-container{margin:0% 0% 0% 0%;padding:0% 0% 0% 0%;}.elementor-widget-text-editor{font-family:var( --e-global-typography-text-font-family ), Sans-serif;font-weight:var( --e-global-typography-text-font-weight );color:var( --e-global-color-text );}.elementor-widget-text-editor.elementor-drop-cap-view-stacked .elementor-drop-cap{background-color:var( --e-global-color-primary );}.elementor-widget-text-editor.elementor-drop-cap-view-framed .elementor-drop-cap, .elementor-widget-text-editor.elementor-drop-cap-view-default .elementor-drop-cap{color:var( --e-global-color-primary );border-color:var( --e-global-color-primary );}.elementor-1636 .elementor-element.elementor-element-5649731d{font-size:18px;font-weight:400;color:#C6C6C6;}.elementor-1636 .elementor-element.elementor-element-1578203{font-size:18px;font-weight:400;color:#C6C6C6;}.elementor-1636 .elementor-element.elementor-element-d245f0f{font-size:18px;font-weight:400;color:#C6C6C6;}.elementor-1636 .elementor-element.elementor-element-ead6367{font-size:18px;font-weight:400;color:#C6C6C6;}:root{--page-title-display:none;}body.elementor-page-1636:not(.elementor-motion-effects-element-type-background), body.elementor-page-1636 > .elementor-motion-effects-container > .elementor-motion-effects-layer{background-color:transparent;background-image:linear-gradient(186deg, #020000 69%, #270408 100%);}@media(min-width:768px){.elementor-1636 .elementor-element.elementor-element-311fc89c{width:36.684%;}.elementor-1636 .elementor-element.elementor-element-77c2d0cf{width:4.112%;}.elementor-1636 .elementor-element.elementor-element-5ff44c2b{width:58.838%;}}@media(max-width:1024px){.elementor-1636 .elementor-element.elementor-element-5fd5838c:not(.elementor-motion-effects-element-type-background), .elementor-1636 .elementor-element.elementor-element-5fd5838c > .elementor-motion-effects-container > .elementor-motion-effects-layer{background-position:0px 0px;}.elementor-1636 .elementor-element.elementor-element-5fd5838c{padding:350px 0px 60px 0px;}.elementor-1636 .elementor-element.elementor-element-1e904a5c{padding:0px 20px 80px 20px;}.elementor-1636 .elementor-element.elementor-element-53e2c96b{padding:40px 40px 40px 40px;}.elementor-1636 .elementor-element.elementor-element-18a654d7 > .elementor-element-populated{margin:0px 0px 40px 0px;--e-column-margin-right:0px;--e-column-margin-left:0px;}}@media(max-width:767px){.elementor-1636 .elementor-element.elementor-element-5fd5838c:not(.elementor-motion-effects-element-type-background), .elementor-1636 .elementor-element.elementor-element-5fd5838c > .elementor-motion-effects-container > .elementor-motion-effects-layer{background-position:0px 0px;}.elementor-1636 .elementor-element.elementor-element-5fd5838c{padding:250px 0px 50px 0px;}.elementor-1636 .elementor-element.elementor-element-53e2c96b{padding:30px 30px 40px 30px;}.elementor-1636 .elementor-element.elementor-element-508de25c > .elementor-widget-container{margin:0px 0px 0px 0px;}}@media(max-width:1024px) and (min-width:768px){.elementor-1636 .elementor-element.elementor-element-18a654d7{width:100%;}}@media(min-width:1025px){.elementor-1636 .elementor-element.elementor-element-5fd5838c:not(.elementor-motion-effects-element-type-background), .elementor-1636 .elementor-element.elementor-element-5fd5838c > .elementor-motion-effects-container > .elementor-motion-effects-layer{background-attachment:fixed;}}<\/style>\t\t<div data-elementor-type=\"wp-page\" data-elementor-id=\"1636\" class=\"elementor elementor-1636\">\n\t\t\t\t\t\t<section class=\"elementor-section elementor-top-section elementor-element elementor-element-5fd5838c elementor-section-boxed elementor-section-height-default elementor-section-height-default\" data-id=\"5fd5838c\" data-element_type=\"section\" data-e-type=\"section\" data-settings=\"{&quot;background_background&quot;:&quot;classic&quot;}\">\n\t\t\t\t\t\t\t<div class=\"elementor-background-overlay\"><\/div>\n\t\t\t\t\t\t\t<div class=\"elementor-container elementor-column-gap-no\">\n\t\t\t\t\t<div class=\"elementor-column elementor-col-100 elementor-top-column elementor-element elementor-element-6705ab5e\" data-id=\"6705ab5e\" data-element_type=\"column\" data-e-type=\"column\">\n\t\t\t<div class=\"elementor-widget-wrap elementor-element-populated\">\n\t\t\t\t\t\t<div class=\"elementor-element elementor-element-6272efba elementor-widget elementor-widget-spacer\" data-id=\"6272efba\" data-element_type=\"widget\" data-e-type=\"widget\" data-widget_type=\"spacer.default\">\n\t\t\t\t<div class=\"elementor-widget-container\">\n\t\t\t\t\t\t\t<div class=\"elementor-spacer\">\n\t\t\t<div class=\"elementor-spacer-inner\"><\/div>\n\t\t<\/div>\n\t\t\t\t\t\t<\/div>\n\t\t\t\t<\/div>\n\t\t\t\t\t<\/div>\n\t\t<\/div>\n\t\t\t\t\t<\/div>\n\t\t<\/section>\n\t\t\t\t<section class=\"elementor-section elementor-top-section elementor-element elementor-element-1e904a5c elementor-section-boxed elementor-section-height-default elementor-section-height-default\" data-id=\"1e904a5c\" data-element_type=\"section\" data-e-type=\"section\" data-settings=\"{&quot;background_background&quot;:&quot;gradient&quot;}\">\n\t\t\t\t\t\t<div class=\"elementor-container elementor-column-gap-no\">\n\t\t\t\t\t<div class=\"elementor-column elementor-col-100 elementor-top-column elementor-element elementor-element-15a9a2fb\" data-id=\"15a9a2fb\" data-element_type=\"column\" data-e-type=\"column\">\n\t\t\t<div class=\"elementor-widget-wrap elementor-element-populated\">\n\t\t\t\t\t\t<section class=\"elementor-section elementor-inner-section elementor-element elementor-element-53e2c96b elementor-section-boxed elementor-section-height-default elementor-section-height-default\" data-id=\"53e2c96b\" data-element_type=\"section\" data-e-type=\"section\" data-settings=\"{&quot;background_background&quot;:&quot;classic&quot;}\">\n\t\t\t\t\t\t<div class=\"elementor-container elementor-column-gap-no\">\n\t\t\t\t\t<div class=\"elementor-column elementor-col-100 elementor-inner-column elementor-element elementor-element-18a654d7\" data-id=\"18a654d7\" data-element_type=\"column\" data-e-type=\"column\">\n\t\t\t<div class=\"elementor-widget-wrap\">\n\t\t\t\t\t\t\t<\/div>\n\t\t<\/div>\n\t\t\t\t\t<\/div>\n\t\t<\/section>\n\t\t\t\t<section class=\"elementor-section elementor-inner-section elementor-element elementor-element-7a4fae99 elementor-section-content-top elementor-section-boxed elementor-section-height-default elementor-section-height-default\" data-id=\"7a4fae99\" data-element_type=\"section\" data-e-type=\"section\" data-settings=\"{&quot;background_background&quot;:&quot;classic&quot;}\">\n\t\t\t\t\t\t<div class=\"elementor-container elementor-column-gap-default\">\n\t\t\t\t\t<div class=\"elementor-column elementor-col-33 elementor-inner-column elementor-element elementor-element-311fc89c\" data-id=\"311fc89c\" data-element_type=\"column\" data-e-type=\"column\" data-settings=\"{&quot;background_background&quot;:&quot;classic&quot;}\">\n\t\t\t<div class=\"elementor-widget-wrap elementor-element-populated\">\n\t\t\t\t\t\t<div class=\"elementor-element elementor-element-b99ce96 elementor-widget elementor-widget-spacer\" data-id=\"b99ce96\" data-element_type=\"widget\" data-e-type=\"widget\" data-widget_type=\"spacer.default\">\n\t\t\t\t<div class=\"elementor-widget-container\">\n\t\t\t\t\t\t\t<div class=\"elementor-spacer\">\n\t\t\t<div class=\"elementor-spacer-inner\"><\/div>\n\t\t<\/div>\n\t\t\t\t\t\t<\/div>\n\t\t\t\t<\/div>\n\t\t\t\t<div class=\"elementor-element elementor-element-2a027eb7 elementor-widget elementor-widget-image\" data-id=\"2a027eb7\" data-element_type=\"widget\" data-e-type=\"widget\" data-widget_type=\"image.default\">\n\t\t\t\t<div class=\"elementor-widget-container\">\n\t\t\t\t\t\t\t\t\t\t\t\t\t\t\t<img fetchpriority=\"high\" decoding=\"async\" width=\"600\" height=\"650\" src=\"https:\/\/cultura.aupex.org\/operarural\/wp-content\/uploads\/2023\/03\/patricia-santos.jpg\" class=\"attachment-full size-full wp-image-1617\" alt=\"\" srcset=\"https:\/\/cultura.aupex.org\/operarural\/wp-content\/uploads\/2023\/03\/patricia-santos.jpg 600w, https:\/\/cultura.aupex.org\/operarural\/wp-content\/uploads\/2023\/03\/patricia-santos-277x300.jpg 277w\" sizes=\"(max-width: 600px) 100vw, 600px\" \/>\t\t\t\t\t\t\t\t\t\t\t\t\t\t\t<\/div>\n\t\t\t\t<\/div>\n\t\t\t\t\t<\/div>\n\t\t<\/div>\n\t\t\t\t<div class=\"elementor-column elementor-col-33 elementor-inner-column elementor-element elementor-element-77c2d0cf\" data-id=\"77c2d0cf\" data-element_type=\"column\" data-e-type=\"column\">\n\t\t\t<div class=\"elementor-widget-wrap\">\n\t\t\t\t\t\t\t<\/div>\n\t\t<\/div>\n\t\t\t\t<div class=\"elementor-column elementor-col-33 elementor-inner-column elementor-element elementor-element-5ff44c2b\" data-id=\"5ff44c2b\" data-element_type=\"column\" data-e-type=\"column\">\n\t\t\t<div class=\"elementor-widget-wrap elementor-element-populated\">\n\t\t\t\t\t\t<div class=\"elementor-element elementor-element-508de25c elementor-widget elementor-widget-heading\" data-id=\"508de25c\" data-element_type=\"widget\" data-e-type=\"widget\" data-widget_type=\"heading.default\">\n\t\t\t\t<div class=\"elementor-widget-container\">\n\t\t\t\t\t<h1 class=\"elementor-heading-title elementor-size-default\">Patricia Santos<\/h1>\t\t\t\t<\/div>\n\t\t\t\t<\/div>\n\t\t\t\t<div class=\"elementor-element elementor-element-35868d01 elementor-widget elementor-widget-button\" data-id=\"35868d01\" data-element_type=\"widget\" data-e-type=\"widget\" data-widget_type=\"button.default\">\n\t\t\t\t<div class=\"elementor-widget-container\">\n\t\t\t\t\t\t\t\t\t<div class=\"elementor-button-wrapper\">\n\t\t\t\t\t<a class=\"elementor-button elementor-size-md\" role=\"button\">\n\t\t\t\t\t\t<span class=\"elementor-button-content-wrapper\">\n\t\t\t\t\t\t\t\t\t<span class=\"elementor-button-text\">Flora<\/span>\n\t\t\t\t\t<\/span>\n\t\t\t\t\t<\/a>\n\t\t\t\t<\/div>\n\t\t\t\t\t\t\t\t<\/div>\n\t\t\t\t<\/div>\n\t\t\t\t<div class=\"elementor-element elementor-element-5649731d elementor-widget elementor-widget-text-editor\" data-id=\"5649731d\" data-element_type=\"widget\" data-e-type=\"widget\" data-widget_type=\"text-editor.default\">\n\t\t\t\t<div class=\"elementor-widget-container\">\n\t\t\t\t\t\t\t\t\tOriginaria de Monterrey, M\u00e9xico, comienza sus estudios en la Escuela Superior de M\u00fasica de su ciudad natal a los 15 a\u00f1os, siendo alumna de Kathia Santos. En el 2004, recibe una beca de Fundaci\u00f3n Carolina de Espa\u00f1a para realizar un posgrado en el Conservatorio del Teatro del Liceu, en Barcelona, Espa\u00f1a, bajo la tutela de Raquel Pierotti. En el 2010, siendo alumna de Yvonne Garza y Eric Steinman, gana el 1\u00ba puesto del reality show cultural \u201cOpera Prima, las Voces del Bicentenario\u201d, auspiciado por el Fondo Nacional para la Cultura y las Artes de M\u00e9xico y Canal de TV 22. \n\t\t\t\t\t\t\t\t<\/div>\n\t\t\t\t<\/div>\n\t\t\t\t<div class=\"elementor-element elementor-element-1578203 elementor-widget elementor-widget-text-editor\" data-id=\"1578203\" data-element_type=\"widget\" data-e-type=\"widget\" data-widget_type=\"text-editor.default\">\n\t\t\t\t<div class=\"elementor-widget-container\">\n\t\t\t\t\t\t\t\t\tHa actuado en festivales de m\u00fasica con las principales orquestas sinf\u00f3nicas de M\u00e9xico. y ha ofrecido conciertos a piano representando a M\u00e9xico en la Expo Universal de las Culturas en Shanghai, China. En 2011 debut\u00f3 con la Compa\u00f1\u00eda Nacional de \u00d3pera de M\u00e9xico en un rol principal en el Teatro de Bellas Artes de la Ciudad de M\u00e9xico (-Marie-\u201dFille du R\u00e9giment\u201d\/ Donizetti).\n\n\t\t\t\t\t\t\t\t<\/div>\n\t\t\t\t<\/div>\n\t\t\t\t<div class=\"elementor-element elementor-element-d245f0f elementor-widget elementor-widget-text-editor\" data-id=\"d245f0f\" data-element_type=\"widget\" data-e-type=\"widget\" data-widget_type=\"text-editor.default\">\n\t\t\t\t<div class=\"elementor-widget-container\">\n\t\t\t\t\t\t\t\t\tLa Compa\u00f1\u00eda de \u00d3pera la ciudad de Massy, Francia, marca su debut oficial en Europa, con la \u00f3pera \u201cElisir d\u2019Amore\u201d de Donizetti. Ha participado en las \u00f3peras \u201cEl emperador de la Atl\u00e1ntida\u201d de Viktor Ullmann y \u201cAlma\u201d de Jos\u00e9 Miguel Delgado. Tambi\u00e9n ha interpretado los personajes de \u201cMica\u00ebla\u201d (\u201cCarmen\u201d de Bizet),  \u201cAdina\u201d (\u201cElisir d\u2019Amore\u201d de Donizetti). En 2017 canta \u201cDespina\u201d en \u201cCosi fan tutte de Mozart\u201d y en 2018 personifica a la \u00abBruja\u00bb en la \u00f3pera \u00abHansel y Gretel\u00bb de Humperdinck, en M\u00e9xico. \n\t\t\t\t\t\t\t\t<\/div>\n\t\t\t\t<\/div>\n\t\t\t\t<div class=\"elementor-element elementor-element-ead6367 elementor-widget elementor-widget-text-editor\" data-id=\"ead6367\" data-element_type=\"widget\" data-e-type=\"widget\" data-widget_type=\"text-editor.default\">\n\t\t\t\t<div class=\"elementor-widget-container\">\n\t\t\t\t\t\t\t\t\tDesde el a\u00f1o 2021 es miembro de la Compa\u00f1\u00eda L\u00edrica ECABA, dirigida por el maestro \u00c1ngel Jim\u00e9nez.\t\t\t\t\t\t\t\t<\/div>\n\t\t\t\t<\/div>\n\t\t\t\t\t<\/div>\n\t\t<\/div>\n\t\t\t\t\t<\/div>\n\t\t<\/section>\n\t\t\t\t\t<\/div>\n\t\t<\/div>\n\t\t\t\t\t<\/div>\n\t\t<\/section>\n\t\t\t\t<\/div>\n\t\t","protected":false},"excerpt":{"rendered":"<p>Patricia Santos Flora Originaria de Monterrey, M\u00e9xico, comienza sus estudios en la Escuela Superior de M\u00fasica de su ciudad natal a los 15 a\u00f1os, siendo alumna de Kathia Santos. En el 2004, recibe una beca de Fundaci\u00f3n Carolina de Espa\u00f1a para realizar un posgrado en el Conservatorio del Teatro del Liceu, en Barcelona, Espa\u00f1a, bajo [&hellip;]<\/p>\n","protected":false},"author":1,"featured_media":0,"parent":652,"menu_order":30,"comment_status":"closed","ping_status":"closed","template":"","meta":{"footnotes":""},"class_list":["post-1636","page","type-page","status-publish","hentry"],"_links":{"self":[{"href":"https:\/\/cultura.aupex.org\/operarural\/wp-json\/wp\/v2\/pages\/1636","targetHints":{"allow":["GET"]}}],"collection":[{"href":"https:\/\/cultura.aupex.org\/operarural\/wp-json\/wp\/v2\/pages"}],"about":[{"href":"https:\/\/cultura.aupex.org\/operarural\/wp-json\/wp\/v2\/types\/page"}],"author":[{"embeddable":true,"href":"https:\/\/cultura.aupex.org\/operarural\/wp-json\/wp\/v2\/users\/1"}],"replies":[{"embeddable":true,"href":"https:\/\/cultura.aupex.org\/operarural\/wp-json\/wp\/v2\/comments?post=1636"}],"version-history":[{"count":4,"href":"https:\/\/cultura.aupex.org\/operarural\/wp-json\/wp\/v2\/pages\/1636\/revisions"}],"predecessor-version":[{"id":1690,"href":"https:\/\/cultura.aupex.org\/operarural\/wp-json\/wp\/v2\/pages\/1636\/revisions\/1690"}],"up":[{"embeddable":true,"href":"https:\/\/cultura.aupex.org\/operarural\/wp-json\/wp\/v2\/pages\/652"}],"wp:attachment":[{"href":"https:\/\/cultura.aupex.org\/operarural\/wp-json\/wp\/v2\/media?parent=1636"}],"curies":[{"name":"wp","href":"https:\/\/api.w.org\/{rel}","templated":true}]}}