{"id":1079,"date":"2023-03-09T11:35:49","date_gmt":"2023-03-09T11:35:49","guid":{"rendered":"https:\/\/cultura.aupex.org\/operarural\/?page_id=1079"},"modified":"2023-03-29T16:49:36","modified_gmt":"2023-03-29T16:49:36","slug":"sergio_aunion","status":"publish","type":"page","link":"https:\/\/cultura.aupex.org\/operarural\/la-traviata-de-giuseppe-verdi\/sergio_aunion\/","title":{"rendered":"Sergio Auni\u00f3n"},"content":{"rendered":"\t\t<div data-elementor-type=\"wp-page\" data-elementor-id=\"1079\" class=\"elementor elementor-1079\">\n\t\t\t\t\t\t<section class=\"elementor-section elementor-top-section elementor-element elementor-element-264b9c52 elementor-section-boxed elementor-section-height-default elementor-section-height-default\" data-id=\"264b9c52\" data-element_type=\"section\" data-e-type=\"section\" data-settings=\"{&quot;background_background&quot;:&quot;classic&quot;}\">\n\t\t\t\t\t\t\t<div class=\"elementor-background-overlay\"><\/div>\n\t\t\t\t\t\t\t<div class=\"elementor-container elementor-column-gap-no\">\n\t\t\t\t\t<div class=\"elementor-column elementor-col-100 elementor-top-column elementor-element elementor-element-733c7387\" data-id=\"733c7387\" data-element_type=\"column\" data-e-type=\"column\">\n\t\t\t<div class=\"elementor-widget-wrap elementor-element-populated\">\n\t\t\t\t\t\t<div class=\"elementor-element elementor-element-7e1bf8f9 elementor-widget elementor-widget-spacer\" data-id=\"7e1bf8f9\" data-element_type=\"widget\" data-e-type=\"widget\" data-widget_type=\"spacer.default\">\n\t\t\t\t<div class=\"elementor-widget-container\">\n\t\t\t\t\t\t\t<div class=\"elementor-spacer\">\n\t\t\t<div class=\"elementor-spacer-inner\"><\/div>\n\t\t<\/div>\n\t\t\t\t\t\t<\/div>\n\t\t\t\t<\/div>\n\t\t\t\t\t<\/div>\n\t\t<\/div>\n\t\t\t\t\t<\/div>\n\t\t<\/section>\n\t\t\t\t<section class=\"elementor-section elementor-top-section elementor-element elementor-element-5cde6e76 elementor-section-boxed elementor-section-height-default elementor-section-height-default\" data-id=\"5cde6e76\" data-element_type=\"section\" data-e-type=\"section\" data-settings=\"{&quot;background_background&quot;:&quot;gradient&quot;}\">\n\t\t\t\t\t\t<div class=\"elementor-container elementor-column-gap-no\">\n\t\t\t\t\t<div class=\"elementor-column elementor-col-100 elementor-top-column elementor-element elementor-element-124ef54b\" data-id=\"124ef54b\" data-element_type=\"column\" data-e-type=\"column\">\n\t\t\t<div class=\"elementor-widget-wrap elementor-element-populated\">\n\t\t\t\t\t\t<section class=\"elementor-section elementor-inner-section elementor-element elementor-element-72ca561d elementor-section-boxed elementor-section-height-default elementor-section-height-default\" data-id=\"72ca561d\" data-element_type=\"section\" data-e-type=\"section\" data-settings=\"{&quot;background_background&quot;:&quot;classic&quot;}\">\n\t\t\t\t\t\t<div class=\"elementor-container elementor-column-gap-no\">\n\t\t\t\t\t<div class=\"elementor-column elementor-col-100 elementor-inner-column elementor-element elementor-element-67f4af44\" data-id=\"67f4af44\" data-element_type=\"column\" data-e-type=\"column\">\n\t\t\t<div class=\"elementor-widget-wrap\">\n\t\t\t\t\t\t\t<\/div>\n\t\t<\/div>\n\t\t\t\t\t<\/div>\n\t\t<\/section>\n\t\t\t\t<section class=\"elementor-section elementor-inner-section elementor-element elementor-element-14e99082 elementor-section-content-top elementor-section-boxed elementor-section-height-default elementor-section-height-default\" data-id=\"14e99082\" data-element_type=\"section\" data-e-type=\"section\" data-settings=\"{&quot;background_background&quot;:&quot;classic&quot;}\">\n\t\t\t\t\t\t<div class=\"elementor-container elementor-column-gap-default\">\n\t\t\t\t\t<div class=\"elementor-column elementor-col-33 elementor-inner-column elementor-element elementor-element-4006176a\" data-id=\"4006176a\" data-element_type=\"column\" data-e-type=\"column\" data-settings=\"{&quot;background_background&quot;:&quot;classic&quot;}\">\n\t\t\t<div class=\"elementor-widget-wrap elementor-element-populated\">\n\t\t\t\t\t\t<div class=\"elementor-element elementor-element-3ad7cbd5 elementor-widget elementor-widget-spacer\" data-id=\"3ad7cbd5\" data-element_type=\"widget\" data-e-type=\"widget\" data-widget_type=\"spacer.default\">\n\t\t\t\t<div class=\"elementor-widget-container\">\n\t\t\t\t\t\t\t<div class=\"elementor-spacer\">\n\t\t\t<div class=\"elementor-spacer-inner\"><\/div>\n\t\t<\/div>\n\t\t\t\t\t\t<\/div>\n\t\t\t\t<\/div>\n\t\t\t\t<div class=\"elementor-element elementor-element-3b5de77 elementor-widget elementor-widget-image\" data-id=\"3b5de77\" data-element_type=\"widget\" data-e-type=\"widget\" data-widget_type=\"image.default\">\n\t\t\t\t<div class=\"elementor-widget-container\">\n\t\t\t\t\t\t\t\t\t\t\t\t\t\t\t<img fetchpriority=\"high\" decoding=\"async\" width=\"600\" height=\"650\" src=\"https:\/\/cultura.aupex.org\/operarural\/wp-content\/uploads\/2023\/03\/sergio-aunionjpg.jpg\" class=\"attachment-full size-full wp-image-1003\" alt=\"\" srcset=\"https:\/\/cultura.aupex.org\/operarural\/wp-content\/uploads\/2023\/03\/sergio-aunionjpg.jpg 600w, https:\/\/cultura.aupex.org\/operarural\/wp-content\/uploads\/2023\/03\/sergio-aunionjpg-277x300.jpg 277w\" sizes=\"(max-width: 600px) 100vw, 600px\" \/>\t\t\t\t\t\t\t\t\t\t\t\t\t\t\t<\/div>\n\t\t\t\t<\/div>\n\t\t\t\t\t<\/div>\n\t\t<\/div>\n\t\t\t\t<div class=\"elementor-column elementor-col-33 elementor-inner-column elementor-element elementor-element-20375be0\" data-id=\"20375be0\" data-element_type=\"column\" data-e-type=\"column\">\n\t\t\t<div class=\"elementor-widget-wrap\">\n\t\t\t\t\t\t\t<\/div>\n\t\t<\/div>\n\t\t\t\t<div class=\"elementor-column elementor-col-33 elementor-inner-column elementor-element elementor-element-16ce4f47\" data-id=\"16ce4f47\" data-element_type=\"column\" data-e-type=\"column\">\n\t\t\t<div class=\"elementor-widget-wrap elementor-element-populated\">\n\t\t\t\t\t\t<div class=\"elementor-element elementor-element-27da784c elementor-widget elementor-widget-heading\" data-id=\"27da784c\" data-element_type=\"widget\" data-e-type=\"widget\" data-widget_type=\"heading.default\">\n\t\t\t\t<div class=\"elementor-widget-container\">\n\t\t\t\t\t<h1 class=\"elementor-heading-title elementor-size-default\">Sergio Auni\u00f3n<\/h1>\t\t\t\t<\/div>\n\t\t\t\t<\/div>\n\t\t\t\t<div class=\"elementor-element elementor-element-31faad0b elementor-widget elementor-widget-button\" data-id=\"31faad0b\" data-element_type=\"widget\" data-e-type=\"widget\" data-widget_type=\"button.default\">\n\t\t\t\t<div class=\"elementor-widget-container\">\n\t\t\t\t\t\t\t\t\t<div class=\"elementor-button-wrapper\">\n\t\t\t\t\t<a class=\"elementor-button elementor-size-md\" role=\"button\">\n\t\t\t\t\t\t<span class=\"elementor-button-content-wrapper\">\n\t\t\t\t\t\t\t\t\t<span class=\"elementor-button-text\">Gastone<\/span>\n\t\t\t\t\t<\/span>\n\t\t\t\t\t<\/a>\n\t\t\t\t<\/div>\n\t\t\t\t\t\t\t\t<\/div>\n\t\t\t\t<\/div>\n\t\t\t\t<div class=\"elementor-element elementor-element-d06f7d0 elementor-widget elementor-widget-text-editor\" data-id=\"d06f7d0\" data-element_type=\"widget\" data-e-type=\"widget\" data-widget_type=\"text-editor.default\">\n\t\t\t\t<div class=\"elementor-widget-container\">\n\t\t\t\t\t\t\t\t\tNatural de Valdelacalzada, inicia su formaci\u00f3n musical en el Conservatorio\nProfesional de M\u00fasica \u201cLuis Gordillo\u201d, donde obtiene el t\u00edtulo profesional de viol\u00edn.\nGraduado en Historia y Ciencias de la M\u00fasica por la Universidad de Granada,\nactualmente estudia en la Escuela Superior de Canto de Madrid, con la profesora\nElena Mu\u00f1oz Valdelomar.\t\t\t\t\t\t\t\t<\/div>\n\t\t\t\t<\/div>\n\t\t\t\t<div class=\"elementor-element elementor-element-87d87e2 elementor-widget elementor-widget-text-editor\" data-id=\"87d87e2\" data-element_type=\"widget\" data-e-type=\"widget\" data-widget_type=\"text-editor.default\">\n\t\t\t\t<div class=\"elementor-widget-container\">\n\t\t\t\t\t\t\t\t\tHa formado parte de numerosos coros, como el Coro de RTVE, Coro de C\u00e1mara de\nExtremadura, Coro y Joven Coro de la OCG, Numen Ensemble, Capilla Renacentista,\nCor Jove de l\u2019Orfe\u00f3 Catal\u00e1, Noctes y ArsinNova, entre otros. Y ha colaborado con\ndistintas formaciones, tales como la Orquesta de RTVE, Orquesta Ciudad de Granada,\nLondon Symphony Orchestra, Orquesta de la Comunidad de Madrid, Orquesta de\nExtremadura y la Orquesta Barroca de Friburgo. Esto le ha permitido cantar obras\nsinf\u00f3nico-corales como Messiah de H\u00e4ndel, Misa en si m de Bach, Sinfon\u00eda n\u00ba 9 de\nBeethoven, Requiem de Cherubini; y participar en \u00f3peras como Carmen, Rigoletto, La\nTraviata, Un ballo in maschera, La Boh\u00e8me, Dido and Eneas, Cos\u00ec fan tutte y Le\nnozze di Figaro.\t\t\t\t\t\t\t\t<\/div>\n\t\t\t\t<\/div>\n\t\t\t\t<div class=\"elementor-element elementor-element-8e63459 elementor-widget elementor-widget-text-editor\" data-id=\"8e63459\" data-element_type=\"widget\" data-e-type=\"widget\" data-widget_type=\"text-editor.default\">\n\t\t\t\t<div class=\"elementor-widget-container\">\n\t\t\t\t\t\t\t\t\tHa actuado bajo la direcci\u00f3n de Pablo Heras-Casado, Llu\u00eds Vilamaj\u00f3, Simon Halsey,\nSimon Rattle y Ren\u00e9 Jacobs, entre otros. Algunos de los espacios m\u00e1s destacados\nser\u00edan el Auditorio Manuel de Falla, el Auditorio Nacional de Madrid, el Royal\nAlbert Hall, l\u2019Auditori de Barcelona, el Palau de la M\u00fasica Catalana, el Teatro Real\nde Madrid, la Kursaal y el Palacio de Carlos V de Granada.\t\t\t\t\t\t\t\t<\/div>\n\t\t\t\t<\/div>\n\t\t\t\t<div class=\"elementor-element elementor-element-6c5ece1 elementor-widget elementor-widget-text-editor\" data-id=\"6c5ece1\" data-element_type=\"widget\" data-e-type=\"widget\" data-widget_type=\"text-editor.default\">\n\t\t\t\t<div class=\"elementor-widget-container\">\n\t\t\t\t\t\t\t\t\tComo solista, ha interpretado el papel de Gherardo en la \u00f3pera \u201cGianni Schicchi\u201d, el\npapel de Escudero tercero en la \u00f3pera \u201cParsifal\u201d, el papel de Cap\u00f3 en la zarzuela \u201cLa\ndel manojo de rosas\u201d, el papel de Marinero en la \u00f3pera \u201cDido and Eneas\u201d, el papel de\n\u201cGozo\u201d en el oratorio \u201cLa gloria de los santos\u201d de Rabassa y la parte de tenor solista\ndel \u201cCarmina Burana\u201d.\t\t\t\t\t\t\t\t<\/div>\n\t\t\t\t<\/div>\n\t\t\t\t\t<\/div>\n\t\t<\/div>\n\t\t\t\t\t<\/div>\n\t\t<\/section>\n\t\t\t\t\t<\/div>\n\t\t<\/div>\n\t\t\t\t\t<\/div>\n\t\t<\/section>\n\t\t\t\t<\/div>\n\t\t","protected":false},"excerpt":{"rendered":"<p>Sergio Auni\u00f3n Gastone Natural de Valdelacalzada, inicia su formaci\u00f3n musical en el Conservatorio Profesional de M\u00fasica \u201cLuis Gordillo\u201d, donde obtiene el t\u00edtulo profesional de viol\u00edn. Graduado en Historia y Ciencias de la M\u00fasica por la Universidad de Granada, actualmente estudia en la Escuela Superior de Canto de Madrid, con la profesora Elena Mu\u00f1oz Valdelomar.Ha formado [&hellip;]<\/p>\n","protected":false},"author":1,"featured_media":0,"parent":652,"menu_order":35,"comment_status":"closed","ping_status":"closed","template":"","meta":{"footnotes":""},"class_list":["post-1079","page","type-page","status-publish","hentry"],"_links":{"self":[{"href":"https:\/\/cultura.aupex.org\/operarural\/wp-json\/wp\/v2\/pages\/1079","targetHints":{"allow":["GET"]}}],"collection":[{"href":"https:\/\/cultura.aupex.org\/operarural\/wp-json\/wp\/v2\/pages"}],"about":[{"href":"https:\/\/cultura.aupex.org\/operarural\/wp-json\/wp\/v2\/types\/page"}],"author":[{"embeddable":true,"href":"https:\/\/cultura.aupex.org\/operarural\/wp-json\/wp\/v2\/users\/1"}],"replies":[{"embeddable":true,"href":"https:\/\/cultura.aupex.org\/operarural\/wp-json\/wp\/v2\/comments?post=1079"}],"version-history":[{"count":13,"href":"https:\/\/cultura.aupex.org\/operarural\/wp-json\/wp\/v2\/pages\/1079\/revisions"}],"predecessor-version":[{"id":1705,"href":"https:\/\/cultura.aupex.org\/operarural\/wp-json\/wp\/v2\/pages\/1079\/revisions\/1705"}],"up":[{"embeddable":true,"href":"https:\/\/cultura.aupex.org\/operarural\/wp-json\/wp\/v2\/pages\/652"}],"wp:attachment":[{"href":"https:\/\/cultura.aupex.org\/operarural\/wp-json\/wp\/v2\/media?parent=1079"}],"curies":[{"name":"wp","href":"https:\/\/api.w.org\/{rel}","templated":true}]}}