{"id":1010,"date":"2023-03-09T10:59:48","date_gmt":"2023-03-09T10:59:48","guid":{"rendered":"https:\/\/cultura.aupex.org\/operarural\/?page_id=1010"},"modified":"2024-04-08T08:26:04","modified_gmt":"2024-04-08T08:26:04","slug":"angel-jimenez","status":"publish","type":"page","link":"https:\/\/cultura.aupex.org\/operarural\/la-traviata-de-giuseppe-verdi\/angel-jimenez\/","title":{"rendered":"\u00c1ngel Jim\u00e9nez"},"content":{"rendered":"\t\t<div data-elementor-type=\"wp-page\" data-elementor-id=\"1010\" class=\"elementor elementor-1010\">\n\t\t\t\t\t\t<section class=\"elementor-section elementor-top-section elementor-element elementor-element-731475b2 elementor-section-boxed elementor-section-height-default elementor-section-height-default\" data-id=\"731475b2\" data-element_type=\"section\" data-e-type=\"section\" data-settings=\"{&quot;background_background&quot;:&quot;classic&quot;}\">\n\t\t\t\t\t\t\t<div class=\"elementor-background-overlay\"><\/div>\n\t\t\t\t\t\t\t<div class=\"elementor-container elementor-column-gap-no\">\n\t\t\t\t\t<div class=\"elementor-column elementor-col-100 elementor-top-column elementor-element elementor-element-59a91f66\" data-id=\"59a91f66\" data-element_type=\"column\" data-e-type=\"column\">\n\t\t\t<div class=\"elementor-widget-wrap elementor-element-populated\">\n\t\t\t\t\t\t<div class=\"elementor-element elementor-element-6a2a0b97 elementor-widget elementor-widget-spacer\" data-id=\"6a2a0b97\" data-element_type=\"widget\" data-e-type=\"widget\" data-widget_type=\"spacer.default\">\n\t\t\t\t<div class=\"elementor-widget-container\">\n\t\t\t\t\t\t\t<div class=\"elementor-spacer\">\n\t\t\t<div class=\"elementor-spacer-inner\"><\/div>\n\t\t<\/div>\n\t\t\t\t\t\t<\/div>\n\t\t\t\t<\/div>\n\t\t\t\t\t<\/div>\n\t\t<\/div>\n\t\t\t\t\t<\/div>\n\t\t<\/section>\n\t\t\t\t<section class=\"elementor-section elementor-top-section elementor-element elementor-element-23ee911e elementor-section-boxed elementor-section-height-default elementor-section-height-default\" data-id=\"23ee911e\" data-element_type=\"section\" data-e-type=\"section\" data-settings=\"{&quot;background_background&quot;:&quot;gradient&quot;}\">\n\t\t\t\t\t\t<div class=\"elementor-container elementor-column-gap-no\">\n\t\t\t\t\t<div class=\"elementor-column elementor-col-100 elementor-top-column elementor-element elementor-element-37f178bc\" data-id=\"37f178bc\" data-element_type=\"column\" data-e-type=\"column\">\n\t\t\t<div class=\"elementor-widget-wrap elementor-element-populated\">\n\t\t\t\t\t\t<section class=\"elementor-section elementor-inner-section elementor-element elementor-element-52d10903 elementor-section-boxed elementor-section-height-default elementor-section-height-default\" data-id=\"52d10903\" data-element_type=\"section\" data-e-type=\"section\" data-settings=\"{&quot;background_background&quot;:&quot;classic&quot;}\">\n\t\t\t\t\t\t<div class=\"elementor-container elementor-column-gap-no\">\n\t\t\t\t\t<div class=\"elementor-column elementor-col-100 elementor-inner-column elementor-element elementor-element-61d1536c\" data-id=\"61d1536c\" data-element_type=\"column\" data-e-type=\"column\">\n\t\t\t<div class=\"elementor-widget-wrap\">\n\t\t\t\t\t\t\t<\/div>\n\t\t<\/div>\n\t\t\t\t\t<\/div>\n\t\t<\/section>\n\t\t\t\t<section class=\"elementor-section elementor-inner-section elementor-element elementor-element-132e1ca3 elementor-section-content-top elementor-section-boxed elementor-section-height-default elementor-section-height-default\" data-id=\"132e1ca3\" data-element_type=\"section\" data-e-type=\"section\" data-settings=\"{&quot;background_background&quot;:&quot;classic&quot;}\">\n\t\t\t\t\t\t<div class=\"elementor-container elementor-column-gap-default\">\n\t\t\t\t\t<div class=\"elementor-column elementor-col-33 elementor-inner-column elementor-element elementor-element-4429c9e\" data-id=\"4429c9e\" data-element_type=\"column\" data-e-type=\"column\" data-settings=\"{&quot;background_background&quot;:&quot;classic&quot;}\">\n\t\t\t<div class=\"elementor-widget-wrap elementor-element-populated\">\n\t\t\t\t\t\t<div class=\"elementor-element elementor-element-23ab9996 elementor-widget elementor-widget-spacer\" data-id=\"23ab9996\" data-element_type=\"widget\" data-e-type=\"widget\" data-widget_type=\"spacer.default\">\n\t\t\t\t<div class=\"elementor-widget-container\">\n\t\t\t\t\t\t\t<div class=\"elementor-spacer\">\n\t\t\t<div class=\"elementor-spacer-inner\"><\/div>\n\t\t<\/div>\n\t\t\t\t\t\t<\/div>\n\t\t\t\t<\/div>\n\t\t\t\t<div class=\"elementor-element elementor-element-3b5de77 elementor-widget elementor-widget-image\" data-id=\"3b5de77\" data-element_type=\"widget\" data-e-type=\"widget\" data-widget_type=\"image.default\">\n\t\t\t\t<div class=\"elementor-widget-container\">\n\t\t\t\t\t\t\t\t\t\t\t\t\t\t\t<img fetchpriority=\"high\" decoding=\"async\" width=\"600\" height=\"650\" src=\"https:\/\/cultura.aupex.org\/operarural\/wp-content\/uploads\/2023\/04\/img-angel-Jimenez.jpg\" class=\"attachment-full size-full wp-image-2089\" alt=\"\" srcset=\"https:\/\/cultura.aupex.org\/operarural\/wp-content\/uploads\/2023\/04\/img-angel-Jimenez.jpg 600w, https:\/\/cultura.aupex.org\/operarural\/wp-content\/uploads\/2023\/04\/img-angel-Jimenez-277x300.jpg 277w\" sizes=\"(max-width: 600px) 100vw, 600px\" \/>\t\t\t\t\t\t\t\t\t\t\t\t\t\t\t<\/div>\n\t\t\t\t<\/div>\n\t\t\t\t\t<\/div>\n\t\t<\/div>\n\t\t\t\t<div class=\"elementor-column elementor-col-33 elementor-inner-column elementor-element elementor-element-471ddef4\" data-id=\"471ddef4\" data-element_type=\"column\" data-e-type=\"column\">\n\t\t\t<div class=\"elementor-widget-wrap\">\n\t\t\t\t\t\t\t<\/div>\n\t\t<\/div>\n\t\t\t\t<div class=\"elementor-column elementor-col-33 elementor-inner-column elementor-element elementor-element-387305c1\" data-id=\"387305c1\" data-element_type=\"column\" data-e-type=\"column\">\n\t\t\t<div class=\"elementor-widget-wrap elementor-element-populated\">\n\t\t\t\t\t\t<div class=\"elementor-element elementor-element-27da784c elementor-widget elementor-widget-heading\" data-id=\"27da784c\" data-element_type=\"widget\" data-e-type=\"widget\" data-widget_type=\"heading.default\">\n\t\t\t\t<div class=\"elementor-widget-container\">\n\t\t\t\t\t<h1 class=\"elementor-heading-title elementor-size-default\">\u00c1ngel Jim\u00e9nez <\/h1>\t\t\t\t<\/div>\n\t\t\t\t<\/div>\n\t\t\t\t<div class=\"elementor-element elementor-element-31faad0b elementor-widget elementor-widget-button\" data-id=\"31faad0b\" data-element_type=\"widget\" data-e-type=\"widget\" data-widget_type=\"button.default\">\n\t\t\t\t<div class=\"elementor-widget-container\">\n\t\t\t\t\t\t\t\t\t<div class=\"elementor-button-wrapper\">\n\t\t\t\t\t<a class=\"elementor-button elementor-size-md\" role=\"button\">\n\t\t\t\t\t\t<span class=\"elementor-button-content-wrapper\">\n\t\t\t\t\t\t\t\t\t<span class=\"elementor-button-text\">Director art\u00edstico y escena<\/span>\n\t\t\t\t\t<\/span>\n\t\t\t\t\t<\/a>\n\t\t\t\t<\/div>\n\t\t\t\t\t\t\t\t<\/div>\n\t\t\t\t<\/div>\n\t\t\t\t<div class=\"elementor-element elementor-element-d06f7d0 elementor-widget elementor-widget-text-editor\" data-id=\"d06f7d0\" data-element_type=\"widget\" data-e-type=\"widget\" data-widget_type=\"text-editor.default\">\n\t\t\t\t<div class=\"elementor-widget-container\">\n\t\t\t\t\t\t\t\t\tProfesor superior de canto, ha desarrollado una extensa carrera profesional como bar\u00edtono, pedagogo y director musical. Ha interpretado conciertos en diferentes auditorios de M\u00e1laga, C\u00f3rdoba, Puente Genil, Montilla y Galicia. Como director de orquesta ha dirigido obras de Mozart, Beethoven, Vivaldi, Haydn y Pergolesi. Desde 2013 viene alternando su actividad como bar\u00edtono y su vocaci\u00f3n por la pedagog\u00eda.\n\t\t\t\t\t\t\t\t<\/div>\n\t\t\t\t<\/div>\n\t\t\t\t<div class=\"elementor-element elementor-element-863d7a0 elementor-widget elementor-widget-text-editor\" data-id=\"863d7a0\" data-element_type=\"widget\" data-e-type=\"widget\" data-widget_type=\"text-editor.default\">\n\t\t\t\t<div class=\"elementor-widget-container\">\n\t\t\t\t\t\t\t\t\tPor otro lado, es fundador y director del Coro de la Fundaci\u00f3n \u201cMiguel Castillejo\u201d de C\u00f3rdoba y fundador de la Orquesta y Coro de la Escuela de Canto de Badajoz. Es presidente y director del Centro de Investigaciones para la Voz y la M\u00fasica. Funda el Grupo ECABA donde actualmente realiza su actividad en los escenarios con Orquesta y Coro ECABA; ECABA Producciones y la Compa\u00f1\u00eda L\u00edrica ECABA. \n\t\t\t\t\t\t\t\t<\/div>\n\t\t\t\t<\/div>\n\t\t\t\t<div class=\"elementor-element elementor-element-0347e51 elementor-widget elementor-widget-text-editor\" data-id=\"0347e51\" data-element_type=\"widget\" data-e-type=\"widget\" data-widget_type=\"text-editor.default\">\n\t\t\t\t<div class=\"elementor-widget-container\">\n\t\t\t\t\t\t\t\t\tExperto en patolog\u00edas funcionales de la voz, ha sido colaborador y rehabilitador de la Unidad de Voz del Hospital Universitario Reina Sof\u00eda de C\u00f3rdoba, para las enfermedades profesionales de la voz. \n\t\t\t\t\t\t\t\t<\/div>\n\t\t\t\t<\/div>\n\t\t\t\t<div class=\"elementor-element elementor-element-c7c4115 elementor-widget elementor-widget-text-editor\" data-id=\"c7c4115\" data-element_type=\"widget\" data-e-type=\"widget\" data-widget_type=\"text-editor.default\">\n\t\t\t\t<div class=\"elementor-widget-container\">\n\t\t\t\t\t\t\t\t\tComo productor ha escrito y dirigido \u201cUna noche en la \u00d3pera\u201d y \u201cAntolog\u00eda de la Zarzuela \u2018El sue\u00f1o de Marina\u2019. En m\u00fasica esc\u00e9nica est\u00e1 desarrollando los montajes \u201cOperatrix\u201d y un monogr\u00e1fico esc\u00e9nico sobre la obra de Jos\u00e9 de Nebra.\n\t\t\t\t\t\t\t\t<\/div>\n\t\t\t\t<\/div>\n\t\t\t\t<div class=\"elementor-element elementor-element-b130777 elementor-widget elementor-widget-text-editor\" data-id=\"b130777\" data-element_type=\"widget\" data-e-type=\"widget\" data-widget_type=\"text-editor.default\">\n\t\t\t\t<div class=\"elementor-widget-container\">\n\t\t\t\t\t\t\t\t\tPor otro lado, como director musical, ha explorado en  toda la literatura del repertorio sinf\u00f3nico coral dirigiendo el \u201cRequiem, op. 48\u201d, de Gabriel Faur\u00e9, la \u201cMisa de la Coronaci\u00f3n\u201d (KV 317), de W.A. Mozart, \u201cStabat Mater\u201d (P.77), de G.B. Pergolesi, \u201cGloria\u201d (RV 589), de Antonio Vivaldi, el \u201cMes\u00edas (HWV 56)\u201d,  de G.F. H\u00e4ndel y la \u201cFantas\u00eda Coral en Do Menor (op. 80)\u201d, de L.v. Beethoven.\t\t\t\t\t\t\t\t<\/div>\n\t\t\t\t<\/div>\n\t\t\t\t<div class=\"elementor-element elementor-element-16e4561 elementor-widget elementor-widget-text-editor\" data-id=\"16e4561\" data-element_type=\"widget\" data-e-type=\"widget\" data-widget_type=\"text-editor.default\">\n\t\t\t\t<div class=\"elementor-widget-container\">\n\t\t\t\t\t\t\t\t\tEs director art\u00edstico del proyecto \u00d3pera Joven Popular (\u00d3pera Rural) dirigiendo la producci\u00f3n y escena de La Traviata de Giuseppe Verdi en 2023, con gran \u00e9xito y una excelente cr\u00edtica.\n\t\t\t\t\t\t\t\t<\/div>\n\t\t\t\t<\/div>\n\t\t\t\t<div class=\"elementor-element elementor-element-6b31029 elementor-widget elementor-widget-text-editor\" data-id=\"6b31029\" data-element_type=\"widget\" data-e-type=\"widget\" data-widget_type=\"text-editor.default\">\n\t\t\t\t<div class=\"elementor-widget-container\">\n\t\t\t\t\t\t\t\t\tActualmente alterna la actividad art\u00edstica e investigadora con su ocupaci\u00f3n principal como Director de la Escuela Superior de Arte Dram\u00e1tico de Extremadura, (C\u00e1ceres).\n\t\t\t\t\t\t\t\t<\/div>\n\t\t\t\t<\/div>\n\t\t\t\t\t<\/div>\n\t\t<\/div>\n\t\t\t\t\t<\/div>\n\t\t<\/section>\n\t\t\t\t\t<\/div>\n\t\t<\/div>\n\t\t\t\t\t<\/div>\n\t\t<\/section>\n\t\t\t\t<section class=\"elementor-section elementor-top-section elementor-element elementor-element-4d7da389 elementor-section-boxed elementor-section-height-default elementor-section-height-default\" data-id=\"4d7da389\" data-element_type=\"section\" data-e-type=\"section\">\n\t\t\t\t\t\t<div class=\"elementor-container elementor-column-gap-default\">\n\t\t\t\t\t<div class=\"elementor-column elementor-col-100 elementor-top-column elementor-element elementor-element-39d6a0da\" data-id=\"39d6a0da\" data-element_type=\"column\" data-e-type=\"column\">\n\t\t\t<div class=\"elementor-widget-wrap\">\n\t\t\t\t\t\t\t<\/div>\n\t\t<\/div>\n\t\t\t\t\t<\/div>\n\t\t<\/section>\n\t\t\t\t<\/div>\n\t\t","protected":false},"excerpt":{"rendered":"<p>\u00c1ngel Jim\u00e9nez Director art\u00edstico y escena Profesor superior de canto, ha desarrollado una extensa carrera profesional como bar\u00edtono, pedagogo y director musical. Ha interpretado conciertos en diferentes auditorios de M\u00e1laga, C\u00f3rdoba, Puente Genil, Montilla y Galicia. Como director de orquesta ha dirigido obras de Mozart, Beethoven, Vivaldi, Haydn y Pergolesi. Desde 2013 viene alternando su [&hellip;]<\/p>\n","protected":false},"author":1,"featured_media":0,"parent":652,"menu_order":0,"comment_status":"closed","ping_status":"closed","template":"","meta":{"footnotes":""},"class_list":["post-1010","page","type-page","status-publish","hentry"],"_links":{"self":[{"href":"https:\/\/cultura.aupex.org\/operarural\/wp-json\/wp\/v2\/pages\/1010","targetHints":{"allow":["GET"]}}],"collection":[{"href":"https:\/\/cultura.aupex.org\/operarural\/wp-json\/wp\/v2\/pages"}],"about":[{"href":"https:\/\/cultura.aupex.org\/operarural\/wp-json\/wp\/v2\/types\/page"}],"author":[{"embeddable":true,"href":"https:\/\/cultura.aupex.org\/operarural\/wp-json\/wp\/v2\/users\/1"}],"replies":[{"embeddable":true,"href":"https:\/\/cultura.aupex.org\/operarural\/wp-json\/wp\/v2\/comments?post=1010"}],"version-history":[{"count":70,"href":"https:\/\/cultura.aupex.org\/operarural\/wp-json\/wp\/v2\/pages\/1010\/revisions"}],"predecessor-version":[{"id":3850,"href":"https:\/\/cultura.aupex.org\/operarural\/wp-json\/wp\/v2\/pages\/1010\/revisions\/3850"}],"up":[{"embeddable":true,"href":"https:\/\/cultura.aupex.org\/operarural\/wp-json\/wp\/v2\/pages\/652"}],"wp:attachment":[{"href":"https:\/\/cultura.aupex.org\/operarural\/wp-json\/wp\/v2\/media?parent=1010"}],"curies":[{"name":"wp","href":"https:\/\/api.w.org\/{rel}","templated":true}]}}