{"id":860,"date":"2021-01-27T10:05:01","date_gmt":"2021-01-27T10:05:01","guid":{"rendered":"https:\/\/cultura.aupex.org\/escueladeletras\/?page_id=860"},"modified":"2021-01-27T10:05:02","modified_gmt":"2021-01-27T10:05:02","slug":"daniel-casado","status":"publish","type":"page","link":"https:\/\/cultura.aupex.org\/escueladeletras\/daniel-casado\/","title":{"rendered":""},"content":{"rendered":"<div id=\"pl-860\"  class=\"panel-layout\" ><div id=\"pg-860-0\"  class=\"panel-grid panel-no-style\" ><div id=\"pgc-860-0-0\"  class=\"panel-grid-cell\" ><div id=\"panel-860-0-0-0\" class=\"so-panel widget widget_sow-image panel-first-child panel-last-child\" data-index=\"0\" ><div\n\t\t\t\n\t\t\tclass=\"so-widget-sow-image so-widget-sow-image-default-8b5b6f678277-860\"\n\t\t\t\n\t\t>\n<div class=\"sow-image-container\">\n\t\t<img fetchpriority=\"high\" \n\tsrc=\"https:\/\/cultura.aupex.org\/escueladeletras\/wp-content\/uploads\/2021\/01\/Daniel_Casado.jpg\" width=\"800\" height=\"800\" srcset=\"https:\/\/cultura.aupex.org\/escueladeletras\/wp-content\/uploads\/2021\/01\/Daniel_Casado.jpg 800w, https:\/\/cultura.aupex.org\/escueladeletras\/wp-content\/uploads\/2021\/01\/Daniel_Casado-300x300.jpg 300w, https:\/\/cultura.aupex.org\/escueladeletras\/wp-content\/uploads\/2021\/01\/Daniel_Casado-150x150.jpg 150w, https:\/\/cultura.aupex.org\/escueladeletras\/wp-content\/uploads\/2021\/01\/Daniel_Casado-768x768.jpg 768w, https:\/\/cultura.aupex.org\/escueladeletras\/wp-content\/uploads\/2021\/01\/Daniel_Casado-370x370.jpg 370w, https:\/\/cultura.aupex.org\/escueladeletras\/wp-content\/uploads\/2021\/01\/Daniel_Casado-120x120.jpg 120w\" alt=\"\" \t\tclass=\"so-widget-image\"\/>\n\t<\/div>\n\n<\/div><\/div><\/div><div id=\"pgc-860-0-1\"  class=\"panel-grid-cell\" ><div id=\"panel-860-0-1-0\" class=\"so-panel widget widget_sow-editor panel-first-child panel-last-child\" data-index=\"1\" ><div\n\t\t\t\n\t\t\tclass=\"so-widget-sow-editor so-widget-sow-editor-base\"\n\t\t\t\n\t\t>\n<div class=\"siteorigin-widget-tinymce textwidget\">\n\t<h2>Daniel Casado (Trujillo, 1975) es gestor cultural, m\u00fasico y poeta<\/h2>\n<p>En calidad de t\u00e9cnico dise\u00f1a, coordina y desarrolla programas culturales para entidades p\u00fablicas y privadas. Por citar solo algunos, ha sido t\u00e9cnico del programa Extremadura Estaci\u00f3n Cultura de la Consejer\u00eda de Cultura de la Junta de Extremadura entre los a\u00f1os 2004 y 2008. Tambi\u00e9n ha colaborado, entre otros, en la organizaci\u00f3n de Congreso Internacional de la Lectura (C\u00e1ceres, 2006); Seminario Etnogr\u00e1fico V\u00eda de<br \/>\nla Plata (C\u00e1ceres, 2008); Encuentro de Mediadores Culturales en el \u00c1mbito Local (M\u00e9rida, 2008); Foro Internacional de Gesti\u00f3n Cultural en el \u00c1mbito Rural (Herv\u00e1s, 2010); Jornadas Industrias Culturales y Creativas (C\u00e1ceres, 2011).<\/p>\n<p>Como gestor cultural ha dise\u00f1ado y coordinado los programas Pepitas. Cultura de la Igualdad e Hypatias. Clubes de Lectura con perspectiva de G\u00e9nero, ambos para la Diputaci\u00f3n de Badajoz. Ha coordinado el Voluntariado Lector de Extremadura, para el Plan de Fomento de la Lectura de la Junta de Extremadura. Especializado en el fomento de la lectura, ha organizado numerosos cursos, encuentros, viajes y jornadas, entre las que destacan los encuentros literarios Caminos de Tinta y Papel (2009, 2010 y 2011) y la gesti\u00f3n de la Feria del Libro de Trujillo (2012-2014). Ha dirigido el Aula Literaria Jes\u00fas Delgado Valhondo de la Asociaci\u00f3n de Escritores Extreme\u00f1os. En la actualidad es coordinador de los clubes de lectura de adultos y juvenil de la Biblioteca P\u00fablica del Estado de M\u00e9rida. Imparte talleres de creaci\u00f3n literaria en Extremadura.<\/p>\n<h4>Obra literaria.<\/h4>\n<p>Ha publicado los siguientes libros de poes\u00eda:<\/p>\n<ul>\n<li>El largo andar tan breve (Vitruvio, 2002), Premio de Poes\u00eda Ciudad de M\u00e9rida.<\/li>\n<li>El viento y las brasas (Pre-textos, 2004), Premio Arcipreste de Hita.<\/li>\n<li>El proyector de sombras, (Editora Regional de Extremadura, 2005).<\/li>\n<li>Oscuro pez del fondo (Rialp, 2010). Acc\u00e9sit premio Adon\u00e1is.<\/li>\n<li>El creador del espejo (De la luna libros, 2013).<\/li>\n<li>Secretos que contar (Ediciones Amargord, 2015).<\/li>\n<li>La segunda mirada (Ediciones Amargord, 2017).<\/li>\n<li>Mar de fondo. Poemas 2002-2017. (Editora Regional de Extremadura, 2019).<\/li>\n<\/ul>\n<p>Como ant\u00f3logo ha publicado \u201cPiedra de toque. 15 poetas emergentes en Extremadura\u201d (Editora Regional de Extremadura, 2017).<\/p>\n<p>Web: <a href=\"http:\/\/www.danielcasado.es\">www.danielcasado.es<\/a><\/p>\n<\/div>\n<\/div><\/div><\/div><\/div><\/div>","protected":false},"excerpt":{"rendered":"<p>Daniel Casado (Trujillo, 1975) es gestor cultural, m\u00fasico y poeta En calidad de t\u00e9cnico dise\u00f1a, coordina y desarrolla programas culturales para entidades p\u00fablicas y privadas. Por citar solo algunos, ha sido t\u00e9cnico del programa Extremadura Estaci\u00f3n Cultura de la Consejer\u00eda de Cultura de la Junta de Extremadura entre los a\u00f1os 2004 y 2008. Tambi\u00e9n ha [&hellip;]<\/p>\n","protected":false},"author":4,"featured_media":0,"parent":0,"menu_order":0,"comment_status":"closed","ping_status":"closed","template":"","meta":{"footnotes":""},"class_list":["post-860","page","type-page","status-publish","hentry"],"_links":{"self":[{"href":"https:\/\/cultura.aupex.org\/escueladeletras\/wp-json\/wp\/v2\/pages\/860","targetHints":{"allow":["GET"]}}],"collection":[{"href":"https:\/\/cultura.aupex.org\/escueladeletras\/wp-json\/wp\/v2\/pages"}],"about":[{"href":"https:\/\/cultura.aupex.org\/escueladeletras\/wp-json\/wp\/v2\/types\/page"}],"author":[{"embeddable":true,"href":"https:\/\/cultura.aupex.org\/escueladeletras\/wp-json\/wp\/v2\/users\/4"}],"replies":[{"embeddable":true,"href":"https:\/\/cultura.aupex.org\/escueladeletras\/wp-json\/wp\/v2\/comments?post=860"}],"version-history":[{"count":2,"href":"https:\/\/cultura.aupex.org\/escueladeletras\/wp-json\/wp\/v2\/pages\/860\/revisions"}],"predecessor-version":[{"id":862,"href":"https:\/\/cultura.aupex.org\/escueladeletras\/wp-json\/wp\/v2\/pages\/860\/revisions\/862"}],"wp:attachment":[{"href":"https:\/\/cultura.aupex.org\/escueladeletras\/wp-json\/wp\/v2\/media?parent=860"}],"curies":[{"name":"wp","href":"https:\/\/api.w.org\/{rel}","templated":true}]}}