{"id":675,"date":"2020-10-21T17:47:44","date_gmt":"2020-10-21T17:47:44","guid":{"rendered":"https:\/\/cultura.aupex.org\/escueladeletras\/?page_id=675"},"modified":"2020-10-21T17:50:43","modified_gmt":"2020-10-21T17:50:43","slug":"juan-ramon-santos-delgado","status":"publish","type":"page","link":"https:\/\/cultura.aupex.org\/escueladeletras\/juan-ramon-santos-delgado\/","title":{"rendered":""},"content":{"rendered":"<div id=\"pl-675\"  class=\"panel-layout\" ><div id=\"pg-675-0\"  class=\"panel-grid panel-no-style\" ><div id=\"pgc-675-0-0\"  class=\"panel-grid-cell\" ><div id=\"panel-675-0-0-0\" class=\"so-panel widget widget_sow-image panel-first-child panel-last-child\" data-index=\"0\" ><div\n\t\t\t\n\t\t\tclass=\"so-widget-sow-image so-widget-sow-image-default-8b5b6f678277-675\"\n\t\t\t\n\t\t>\n<div class=\"sow-image-container\">\n\t\t<img fetchpriority=\"high\" \n\tsrc=\"https:\/\/cultura.aupex.org\/escueladeletras\/wp-content\/uploads\/2020\/10\/Juan-Ramon-Santos-Delgado.jpg\" width=\"800\" height=\"800\" srcset=\"https:\/\/cultura.aupex.org\/escueladeletras\/wp-content\/uploads\/2020\/10\/Juan-Ramon-Santos-Delgado.jpg 800w, https:\/\/cultura.aupex.org\/escueladeletras\/wp-content\/uploads\/2020\/10\/Juan-Ramon-Santos-Delgado-300x300.jpg 300w, https:\/\/cultura.aupex.org\/escueladeletras\/wp-content\/uploads\/2020\/10\/Juan-Ramon-Santos-Delgado-150x150.jpg 150w, https:\/\/cultura.aupex.org\/escueladeletras\/wp-content\/uploads\/2020\/10\/Juan-Ramon-Santos-Delgado-768x768.jpg 768w, https:\/\/cultura.aupex.org\/escueladeletras\/wp-content\/uploads\/2020\/10\/Juan-Ramon-Santos-Delgado-370x370.jpg 370w, https:\/\/cultura.aupex.org\/escueladeletras\/wp-content\/uploads\/2020\/10\/Juan-Ramon-Santos-Delgado-120x120.jpg 120w\" title=\"Juan Ram\u00f3n Santos Delgado\" alt=\"Juan Ram\u00f3n Santos Delgado\" \t\tclass=\"so-widget-image\"\/>\n\t<\/div>\n\n<\/div><\/div><\/div><div id=\"pgc-675-0-1\"  class=\"panel-grid-cell\" ><div id=\"panel-675-0-1-0\" class=\"so-panel widget widget_sow-editor panel-first-child panel-last-child\" data-index=\"1\" ><div\n\t\t\t\n\t\t\tclass=\"so-widget-sow-editor so-widget-sow-editor-base\"\n\t\t\t\n\t\t>\n<div class=\"siteorigin-widget-tinymce textwidget\">\n\t<h2>Juan Ram\u00f3n Santos Delgado (Plasencia, 1975)<\/h2>\n<p>Licenciado en Derecho y en Ciencias Pol\u00edticas y autor de novelas, relatos y libros de poes\u00eda. Fundador de la Asociaci\u00f3n Cultural Alcanc\u00eda, de Plasencia, desde 2005 coordina con Nicanor Gil el Aula de Literatura \"Jos\u00e9 Antonio Gabriel y Gal\u00e1n\", de Plasencia y entre 2015 y 2019 fue presidente de la Asociaci\u00f3n de Escritores Extreme\u00f1os.<\/p>\n<p>Mantiene una secci\u00f3n dedicada a la rese\u00f1a y recomendaci\u00f3n de libros en la web www.planvex.es bajo el t\u00edtulo \"Con VE de libro\".<\/p>\n<h4>Premios<\/h4>\n<p>Con sus libros \"Cortometrajes\" y \"Cuaderno escolar\" qued\u00f3 finalista del Premio Setenil al mejor libro de relatos publicado en Espa\u00f1a en sus ediciones de 2005 y 2009, con su novela \"El verano del Endocrino\" (presentada con el t\u00edtulo \"Fuera de \u00f3rbita\") result\u00f3 finalista del Premio Nadal y en 2019 gan\u00f3 el Premio Felipe Trigo en su modalidad de narraci\u00f3n corta con \"El s\u00edndrome de Di\u00f3genes\".<\/p>\n<h4>Obra publicada<\/h4>\n<p><strong>NOVELA<\/strong><\/p>\n<p>\"Biblia ap\u00f3crifa de Aracia\", Badajoz, Del Oeste Ediciones, 2010<br \/>\n\"El tesoro de la isla\", M\u00e9rida, Editorial de la luna libros, 2015<br \/>\n\"El verano del Endocrino\", Tegueste, Editorial Baile del Sol, 2018<br \/>\n\"El s\u00edndrome de Di\u00f3genes\", Sevilla, Fundaci\u00f3n Jos\u00e9 Manuel Lara, 2020<\/p>\n<p><strong>RELATO<\/strong><\/p>\n<p>\"Cortometrajes\", M\u00e9rida, Editora Regional de Extremadura, 2004<br \/>\n\"El c\u00edrculo de Viena\", Gij\u00f3n, Llibros del Pexe, 2005<br \/>\n\"Cuaderno escolar\", M\u00e9rida, Editora Regional de Extremadura, 2009<br \/>\n\"Palabras menores\", M\u00e9rida, Editorial de la luna libros, 2011<br \/>\n\"Perder el tiempo\", M\u00e9rida, Editorial de la luna libros, 2016<\/p>\n<p><strong>POES\u00cdA<\/strong><\/p>\n<p>\"Cicerone\", M\u00e9rida, Editorial de la luna libros, 2014<br \/>\n\"Aire de familia\", Sevilla, La isla de Siltol\u00e1, 2016<\/p>\n<p><strong>ANTOLOG\u00cdAS Y LIBROS COLECTIVOS<\/strong><\/p>\n<p>\"Relatos rel\u00e1mpago\", M\u00e9rida, Editorial Regional de Extremadura, 2007<br \/>\n\"Por favor, sea breve 2\", Madrid, P\u00e1ginas de espuma, 2009<\/p>\n<p><strong>TRADUCCI\u00d3N<\/strong><\/p>\n<p>\"Lo invisible\", de Rui Lage, Madrid, La Umbr\u00eda y la Solana, 2020<\/p>\n<\/div>\n<\/div><\/div><\/div><\/div><\/div>","protected":false},"excerpt":{"rendered":"<p>Juan Ram\u00f3n Santos Delgado (Plasencia, 1975) Licenciado en Derecho y en Ciencias Pol\u00edticas y autor de novelas, relatos y libros de poes\u00eda. Fundador de la Asociaci\u00f3n Cultural Alcanc\u00eda, de Plasencia, desde 2005 coordina con Nicanor Gil el Aula de Literatura \u00abJos\u00e9 Antonio Gabriel y Gal\u00e1n\u00bb, de Plasencia y entre 2015 y 2019 fue presidente de [&hellip;]<\/p>\n","protected":false},"author":4,"featured_media":0,"parent":0,"menu_order":0,"comment_status":"closed","ping_status":"closed","template":"","meta":{"footnotes":""},"class_list":["post-675","page","type-page","status-publish","hentry"],"_links":{"self":[{"href":"https:\/\/cultura.aupex.org\/escueladeletras\/wp-json\/wp\/v2\/pages\/675","targetHints":{"allow":["GET"]}}],"collection":[{"href":"https:\/\/cultura.aupex.org\/escueladeletras\/wp-json\/wp\/v2\/pages"}],"about":[{"href":"https:\/\/cultura.aupex.org\/escueladeletras\/wp-json\/wp\/v2\/types\/page"}],"author":[{"embeddable":true,"href":"https:\/\/cultura.aupex.org\/escueladeletras\/wp-json\/wp\/v2\/users\/4"}],"replies":[{"embeddable":true,"href":"https:\/\/cultura.aupex.org\/escueladeletras\/wp-json\/wp\/v2\/comments?post=675"}],"version-history":[{"count":10,"href":"https:\/\/cultura.aupex.org\/escueladeletras\/wp-json\/wp\/v2\/pages\/675\/revisions"}],"predecessor-version":[{"id":685,"href":"https:\/\/cultura.aupex.org\/escueladeletras\/wp-json\/wp\/v2\/pages\/675\/revisions\/685"}],"wp:attachment":[{"href":"https:\/\/cultura.aupex.org\/escueladeletras\/wp-json\/wp\/v2\/media?parent=675"}],"curies":[{"name":"wp","href":"https:\/\/api.w.org\/{rel}","templated":true}]}}