{"id":651,"date":"2020-10-21T17:34:51","date_gmt":"2020-10-21T17:34:51","guid":{"rendered":"https:\/\/cultura.aupex.org\/escueladeletras\/?page_id=651"},"modified":"2020-10-21T17:41:40","modified_gmt":"2020-10-21T17:41:40","slug":"jose-luis-rozas","status":"publish","type":"page","link":"https:\/\/cultura.aupex.org\/escueladeletras\/jose-luis-rozas\/","title":{"rendered":""},"content":{"rendered":"<div id=\"pl-651\"  class=\"panel-layout\" ><div id=\"pg-651-0\"  class=\"panel-grid panel-no-style\" ><div id=\"pgc-651-0-0\"  class=\"panel-grid-cell\" ><div id=\"panel-651-0-0-0\" class=\"so-panel widget widget_sow-image panel-first-child panel-last-child\" data-index=\"0\" ><div\n\t\t\t\n\t\t\tclass=\"so-widget-sow-image so-widget-sow-image-default-8b5b6f678277-651\"\n\t\t\t\n\t\t>\n<div class=\"sow-image-container\">\n\t\t<img fetchpriority=\"high\" \n\tsrc=\"https:\/\/cultura.aupex.org\/escueladeletras\/wp-content\/uploads\/2020\/10\/Jose-Luis-Rozas.jpg\" width=\"800\" height=\"800\" srcset=\"https:\/\/cultura.aupex.org\/escueladeletras\/wp-content\/uploads\/2020\/10\/Jose-Luis-Rozas.jpg 800w, https:\/\/cultura.aupex.org\/escueladeletras\/wp-content\/uploads\/2020\/10\/Jose-Luis-Rozas-300x300.jpg 300w, https:\/\/cultura.aupex.org\/escueladeletras\/wp-content\/uploads\/2020\/10\/Jose-Luis-Rozas-150x150.jpg 150w, https:\/\/cultura.aupex.org\/escueladeletras\/wp-content\/uploads\/2020\/10\/Jose-Luis-Rozas-768x768.jpg 768w, https:\/\/cultura.aupex.org\/escueladeletras\/wp-content\/uploads\/2020\/10\/Jose-Luis-Rozas-370x370.jpg 370w, https:\/\/cultura.aupex.org\/escueladeletras\/wp-content\/uploads\/2020\/10\/Jose-Luis-Rozas-120x120.jpg 120w\" title=\"Jos\u00e9 Luis Rozas\" alt=\"Jos\u00e9 Luis Rozas\" \t\tclass=\"so-widget-image\"\/>\n\t<\/div>\n\n<\/div><\/div><\/div><div id=\"pgc-651-0-1\"  class=\"panel-grid-cell\" ><div id=\"panel-651-0-1-0\" class=\"so-panel widget widget_sow-editor panel-first-child panel-last-child\" data-index=\"1\" ><div\n\t\t\t\n\t\t\tclass=\"so-widget-sow-editor so-widget-sow-editor-base\"\n\t\t\t\n\t\t>\n<div class=\"siteorigin-widget-tinymce textwidget\">\n\t<h2>Jos\u00e9 Luis Rozas Bravo (Madrid, 1965)<\/h2>\n<p>Doctor en Filolog\u00eda Hisp\u00e1nica por la Universidad de Extremadura.<\/p>\n<p>Ha impartido clases en distintas universidades espa\u00f1olas y extranjeras (Universidad Nacional de Educaci\u00f3n a Distancia, Universidad Internacional Men\u00e9ndez Pelayo, Universidad de Besan\u00e7on y de Estrasburgo, en Francia y Universidad Antonio de Nebrija de Madrid). Actualmente, es profesor de Lengua y Literatura de eduacion Secundaria.<\/p>\n<p>Su formaci\u00f3n, como hispanista, se centra tanto en el \u00e1mbito ling\u00fc\u00edstico como en el literario \u2013especialmente en literatura del siglo de Oro y del siglo XX-. Es autor de diversos art\u00edculos sobre literatura espa\u00f1ola del primer tercio del siglo XX as\u00ed como sobre metodolog\u00eda de la ense\u00f1anza de la lengua espa\u00f1ola a extranjeros. Formador habitual de futuros profesores de ELE, ha colaborado tambi\u00e9n, como lexic\u00f3grafo, en la elaboraci\u00f3n del Diccionario de la Real Academia de la Lengua.<\/p>\n<p>Imparte cursos de escritura creativa en Aupex desde el a\u00f1o 2010.<\/p>\n<\/div>\n<\/div><\/div><\/div><\/div><\/div>","protected":false},"excerpt":{"rendered":"<p>Jos\u00e9 Luis Rozas Bravo (Madrid, 1965) Doctor en Filolog\u00eda Hisp\u00e1nica por la Universidad de Extremadura. Ha impartido clases en distintas universidades espa\u00f1olas y extranjeras (Universidad Nacional de Educaci\u00f3n a Distancia, Universidad Internacional Men\u00e9ndez Pelayo, Universidad de Besan\u00e7on y de Estrasburgo, en Francia y Universidad Antonio de Nebrija de Madrid). Actualmente, es profesor de Lengua y [&hellip;]<\/p>\n","protected":false},"author":4,"featured_media":0,"parent":0,"menu_order":0,"comment_status":"closed","ping_status":"closed","template":"full-width.php","meta":{"footnotes":""},"class_list":["post-651","page","type-page","status-publish","hentry"],"_links":{"self":[{"href":"https:\/\/cultura.aupex.org\/escueladeletras\/wp-json\/wp\/v2\/pages\/651","targetHints":{"allow":["GET"]}}],"collection":[{"href":"https:\/\/cultura.aupex.org\/escueladeletras\/wp-json\/wp\/v2\/pages"}],"about":[{"href":"https:\/\/cultura.aupex.org\/escueladeletras\/wp-json\/wp\/v2\/types\/page"}],"author":[{"embeddable":true,"href":"https:\/\/cultura.aupex.org\/escueladeletras\/wp-json\/wp\/v2\/users\/4"}],"replies":[{"embeddable":true,"href":"https:\/\/cultura.aupex.org\/escueladeletras\/wp-json\/wp\/v2\/comments?post=651"}],"version-history":[{"count":16,"href":"https:\/\/cultura.aupex.org\/escueladeletras\/wp-json\/wp\/v2\/pages\/651\/revisions"}],"predecessor-version":[{"id":667,"href":"https:\/\/cultura.aupex.org\/escueladeletras\/wp-json\/wp\/v2\/pages\/651\/revisions\/667"}],"wp:attachment":[{"href":"https:\/\/cultura.aupex.org\/escueladeletras\/wp-json\/wp\/v2\/media?parent=651"}],"curies":[{"name":"wp","href":"https:\/\/api.w.org\/{rel}","templated":true}]}}