{"id":2244,"date":"2025-03-20T08:00:57","date_gmt":"2025-03-20T08:00:57","guid":{"rendered":"https:\/\/cultura.aupex.org\/escueladeletras\/?page_id=2244"},"modified":"2025-03-20T08:00:57","modified_gmt":"2025-03-20T08:00:57","slug":"isidro-timon","status":"publish","type":"page","link":"https:\/\/cultura.aupex.org\/escueladeletras\/isidro-timon\/","title":{"rendered":""},"content":{"rendered":"<div id=\"pl-2244\"  class=\"panel-layout\" ><div id=\"pg-2244-0\"  class=\"panel-grid panel-no-style\" ><div id=\"pgc-2244-0-0\"  class=\"panel-grid-cell\" ><div id=\"panel-2244-0-0-0\" class=\"so-panel widget widget_sow-image panel-first-child panel-last-child\" data-index=\"0\" ><div class=\"redondea panel-widget-style panel-widget-style-for-2244-0-0-0\" ><div\n\t\t\t\n\t\t\tclass=\"so-widget-sow-image so-widget-sow-image-default-8b5b6f678277-2244\"\n\t\t\t\n\t\t>\n<div class=\"sow-image-container\">\n\t\t<img fetchpriority=\"high\" \n\tsrc=\"https:\/\/cultura.aupex.org\/escueladeletras\/wp-content\/uploads\/2025\/03\/isidro_timon.jpg\" width=\"800\" height=\"800\" srcset=\"https:\/\/cultura.aupex.org\/escueladeletras\/wp-content\/uploads\/2025\/03\/isidro_timon.jpg 800w, https:\/\/cultura.aupex.org\/escueladeletras\/wp-content\/uploads\/2025\/03\/isidro_timon-300x300.jpg 300w, https:\/\/cultura.aupex.org\/escueladeletras\/wp-content\/uploads\/2025\/03\/isidro_timon-150x150.jpg 150w, https:\/\/cultura.aupex.org\/escueladeletras\/wp-content\/uploads\/2025\/03\/isidro_timon-768x768.jpg 768w, https:\/\/cultura.aupex.org\/escueladeletras\/wp-content\/uploads\/2025\/03\/isidro_timon-370x370.jpg 370w, https:\/\/cultura.aupex.org\/escueladeletras\/wp-content\/uploads\/2025\/03\/isidro_timon-120x120.jpg 120w\" alt=\"\" \t\tclass=\"so-widget-image\"\/>\n\t<\/div>\n\n<\/div><\/div><\/div><\/div><div id=\"pgc-2244-0-1\"  class=\"panel-grid-cell\" ><div id=\"panel-2244-0-1-0\" class=\"so-panel widget widget_sow-editor panel-first-child panel-last-child\" data-index=\"1\" ><div\n\t\t\t\n\t\t\tclass=\"so-widget-sow-editor so-widget-sow-editor-base\"\n\t\t\t\n\t\t>\n<div class=\"siteorigin-widget-tinymce textwidget\">\n\t<h2>Isidro Tim\u00f3n<\/h2>\n<h4>Nota biogr\u00e1fica<\/h4>\n<p align=\"justify\"><span style=\"color: #000000;\"><span style=\"font-family: Montserrat;\"><span style=\"font-size: medium;\">Isidro Tim\u00f3n es Graduado en Direcci\u00f3n de Escena y Dramaturgia por la ESAD Extremadura. Como dramaturgo firma m\u00e1s de 40 textos teatrales, entre propios y versiones, algunos representados en espacios y cert\u00e1menes tan se\u00f1alados como Festival de Almagro, Festival de Alc\u00e1ntara, las Naves del Espa\u00f1ol-Matadero, Cl\u00e1sicos en Alcal\u00e1, el Teatro Victoria Eugenia de San Sebasti\u00e1n, el Festival de Teatro Cl\u00e1sico de C\u00e1ceres, el Festival Internacional de Teatro Cl\u00e1sico de M\u00e9rida, el International Festival of Ancient Drama, de Chipre y, recientemente, Per\u00fa, M\u00e9xico y Argentina. Como director de escena, ha compuesto alrededor de 30 montajes, tanto sobre textos propios como de otros autores, que han recorrido un buen n\u00famero de teatros y festivales de Extremadura.<\/span><\/span><\/span><\/p>\n<\/div>\n<\/div><\/div><\/div><\/div><\/div>","protected":false},"excerpt":{"rendered":"<p>Isidro Tim\u00f3n Nota biogr\u00e1fica Isidro Tim\u00f3n es Graduado en Direcci\u00f3n de Escena y Dramaturgia por la ESAD Extremadura. Como dramaturgo firma m\u00e1s de 40 textos teatrales, entre propios y versiones, algunos representados en espacios y cert\u00e1menes tan se\u00f1alados como Festival de Almagro, Festival de Alc\u00e1ntara, las Naves del Espa\u00f1ol-Matadero, Cl\u00e1sicos en Alcal\u00e1, el Teatro Victoria [&hellip;]<\/p>\n","protected":false},"author":6,"featured_media":0,"parent":0,"menu_order":0,"comment_status":"closed","ping_status":"closed","template":"","meta":{"footnotes":""},"class_list":["post-2244","page","type-page","status-publish","hentry"],"_links":{"self":[{"href":"https:\/\/cultura.aupex.org\/escueladeletras\/wp-json\/wp\/v2\/pages\/2244","targetHints":{"allow":["GET"]}}],"collection":[{"href":"https:\/\/cultura.aupex.org\/escueladeletras\/wp-json\/wp\/v2\/pages"}],"about":[{"href":"https:\/\/cultura.aupex.org\/escueladeletras\/wp-json\/wp\/v2\/types\/page"}],"author":[{"embeddable":true,"href":"https:\/\/cultura.aupex.org\/escueladeletras\/wp-json\/wp\/v2\/users\/6"}],"replies":[{"embeddable":true,"href":"https:\/\/cultura.aupex.org\/escueladeletras\/wp-json\/wp\/v2\/comments?post=2244"}],"version-history":[{"count":1,"href":"https:\/\/cultura.aupex.org\/escueladeletras\/wp-json\/wp\/v2\/pages\/2244\/revisions"}],"predecessor-version":[{"id":2245,"href":"https:\/\/cultura.aupex.org\/escueladeletras\/wp-json\/wp\/v2\/pages\/2244\/revisions\/2245"}],"wp:attachment":[{"href":"https:\/\/cultura.aupex.org\/escueladeletras\/wp-json\/wp\/v2\/media?parent=2244"}],"curies":[{"name":"wp","href":"https:\/\/api.w.org\/{rel}","templated":true}]}}