{"id":1272,"date":"2022-11-14T12:25:57","date_gmt":"2022-11-14T12:25:57","guid":{"rendered":"https:\/\/cultura.aupex.org\/escueladeletras\/?page_id=1272"},"modified":"2022-11-14T12:27:03","modified_gmt":"2022-11-14T12:27:03","slug":"entre-lineas-realizadas","status":"publish","type":"page","link":"https:\/\/cultura.aupex.org\/escueladeletras\/entre-lineas-realizadas\/","title":{"rendered":"Entre l\u00edneas realizadas"},"content":{"rendered":"<div id=\"pl-1272\"  class=\"panel-layout\" ><div id=\"pg-1272-0\"  class=\"panel-grid panel-has-style\" ><div class=\"panel-row-style panel-row-style-for-1272-0\" ><div id=\"pgc-1272-0-0\"  class=\"panel-grid-cell\" ><div id=\"panel-1272-0-0-0\" class=\"so-panel widget widget_sow-editor panel-first-child\" data-index=\"0\" ><div id=\"como\" class=\"panel-widget-style panel-widget-style-for-1272-0-0-0\" ><div\n\t\t\t\n\t\t\tclass=\"so-widget-sow-editor so-widget-sow-editor-base\"\n\t\t\t\n\t\t>\n<div class=\"siteorigin-widget-tinymce textwidget\">\n\t<h4>Entre L\u00edneas<\/h4>\n<p>Son encuentros virtuales en los que escritores y escritoras de la regi\u00f3n har\u00e1n repaso de su obra y lectura de algunos de sus textos, adem\u00e1s de profundizar en su proceso creador, en sus lecturas y en todo lo que tiene que ver con el taller del autor\/a, desde las notas iniciales al libro impreso. Todos ellos est\u00e1n abiertos al p\u00fablico en general.<\/p>\n<\/div>\n<\/div><\/div><\/div><div id=\"panel-1272-0-0-1\" class=\"so-panel widget widget_siteorigin-panels-builder panel-last-child\" data-index=\"1\" ><div id=\"pl-w63723417ca435\"  class=\"panel-layout\" ><div id=\"pg-w63723417ca435-0\"  class=\"panel-grid panel-no-style\" ><div id=\"pgc-w63723417ca435-0-0\"  class=\"panel-grid-cell\" ><div id=\"panel-w63723417ca435-0-0-0\" class=\"so-panel widget widget_sow-image panel-first-child panel-last-child\" data-index=\"0\" ><div\n\t\t\t\n\t\t\tclass=\"so-widget-sow-image so-widget-sow-image-default-8b5b6f678277\"\n\t\t\t\n\t\t>\n<div class=\"sow-image-container\">\n\t\t\t<a href=\"https:\/\/youtu.be\/l2qc18yPYFU\"\n\t\t\ttarget=\"_blank\" rel=\"noopener noreferrer\" \t\t>\n\t\t\t<img fetchpriority=\"high\" \n\tsrc=\"https:\/\/cultura.aupex.org\/escueladeletras\/wp-content\/uploads\/2020\/11\/JoseleTarjeta-768x891.jpg\" width=\"640\" height=\"743\" srcset=\"https:\/\/cultura.aupex.org\/escueladeletras\/wp-content\/uploads\/2020\/11\/JoseleTarjeta-768x891.jpg 768w, https:\/\/cultura.aupex.org\/escueladeletras\/wp-content\/uploads\/2020\/11\/JoseleTarjeta-259x300.jpg 259w, https:\/\/cultura.aupex.org\/escueladeletras\/wp-content\/uploads\/2020\/11\/JoseleTarjeta-883x1024.jpg 883w, https:\/\/cultura.aupex.org\/escueladeletras\/wp-content\/uploads\/2020\/11\/JoseleTarjeta-1324x1536.jpg 1324w, https:\/\/cultura.aupex.org\/escueladeletras\/wp-content\/uploads\/2020\/11\/JoseleTarjeta-370x429.jpg 370w, https:\/\/cultura.aupex.org\/escueladeletras\/wp-content\/uploads\/2020\/11\/JoseleTarjeta.jpg 1617w\" alt=\"\" \t\tclass=\"so-widget-image\"\/>\n\t\t\t<\/a><\/div>\n\n<\/div><\/div><\/div><div id=\"pgc-w63723417ca435-0-1\"  class=\"panel-grid-cell\" ><div id=\"panel-w63723417ca435-0-1-0\" class=\"so-panel widget widget_sow-image panel-first-child panel-last-child\" data-index=\"1\" ><div\n\t\t\t\n\t\t\tclass=\"so-widget-sow-image so-widget-sow-image-default-8b5b6f678277\"\n\t\t\t\n\t\t>\n<div class=\"sow-image-container\">\n\t\t\t<a href=\"https:\/\/youtu.be\/RkfzZfzQbe4\"\n\t\t\ttarget=\"_blank\" rel=\"noopener noreferrer\" \t\t>\n\t\t\t<img \n\tsrc=\"https:\/\/cultura.aupex.org\/escueladeletras\/wp-content\/uploads\/2020\/11\/EdL_SusanaGijon_Tarjeta_web-768x891.jpg\" width=\"640\" height=\"743\" srcset=\"https:\/\/cultura.aupex.org\/escueladeletras\/wp-content\/uploads\/2020\/11\/EdL_SusanaGijon_Tarjeta_web-768x891.jpg 768w, https:\/\/cultura.aupex.org\/escueladeletras\/wp-content\/uploads\/2020\/11\/EdL_SusanaGijon_Tarjeta_web-259x300.jpg 259w, https:\/\/cultura.aupex.org\/escueladeletras\/wp-content\/uploads\/2020\/11\/EdL_SusanaGijon_Tarjeta_web-883x1024.jpg 883w, https:\/\/cultura.aupex.org\/escueladeletras\/wp-content\/uploads\/2020\/11\/EdL_SusanaGijon_Tarjeta_web-370x429.jpg 370w, https:\/\/cultura.aupex.org\/escueladeletras\/wp-content\/uploads\/2020\/11\/EdL_SusanaGijon_Tarjeta_web.jpg 1024w\" alt=\"\" \t\tclass=\"so-widget-image\"\/>\n\t\t\t<\/a><\/div>\n\n<\/div><\/div><\/div><div id=\"pgc-w63723417ca435-0-2\"  class=\"panel-grid-cell\" ><div id=\"panel-w63723417ca435-0-2-0\" class=\"so-panel widget widget_sow-image panel-first-child panel-last-child\" data-index=\"2\" ><div\n\t\t\t\n\t\t\tclass=\"so-widget-sow-image so-widget-sow-image-default-8b5b6f678277\"\n\t\t\t\n\t\t>\n<div class=\"sow-image-container\">\n\t\t\t<a href=\"https:\/\/youtu.be\/L-tUUiWsOAk\"\n\t\t\ttarget=\"_blank\" rel=\"noopener noreferrer\" \t\t>\n\t\t\t<img \n\tsrc=\"https:\/\/cultura.aupex.org\/escueladeletras\/wp-content\/uploads\/2021\/04\/EDL_AnabelRodriguez.jpg\" width=\"1078\" height=\"1251\" srcset=\"https:\/\/cultura.aupex.org\/escueladeletras\/wp-content\/uploads\/2021\/04\/EDL_AnabelRodriguez.jpg 1078w, https:\/\/cultura.aupex.org\/escueladeletras\/wp-content\/uploads\/2021\/04\/EDL_AnabelRodriguez-259x300.jpg 259w, https:\/\/cultura.aupex.org\/escueladeletras\/wp-content\/uploads\/2021\/04\/EDL_AnabelRodriguez-882x1024.jpg 882w, https:\/\/cultura.aupex.org\/escueladeletras\/wp-content\/uploads\/2021\/04\/EDL_AnabelRodriguez-768x891.jpg 768w, https:\/\/cultura.aupex.org\/escueladeletras\/wp-content\/uploads\/2021\/04\/EDL_AnabelRodriguez-370x429.jpg 370w\" alt=\"\" \t\tclass=\"so-widget-image\"\/>\n\t\t\t<\/a><\/div>\n\n<\/div><\/div><\/div><\/div><div id=\"pg-w63723417ca435-1\"  class=\"panel-grid panel-no-style\" ><div id=\"pgc-w63723417ca435-1-0\"  class=\"panel-grid-cell\" ><div id=\"panel-w63723417ca435-1-0-0\" class=\"so-panel widget widget_sow-image panel-first-child panel-last-child\" data-index=\"3\" ><div\n\t\t\t\n\t\t\tclass=\"so-widget-sow-image so-widget-sow-image-default-8b5b6f678277\"\n\t\t\t\n\t\t>\n<div class=\"sow-image-container\">\n\t\t\t<a href=\"https:\/\/youtu.be\/NFTcDOk9zds\"\n\t\t\ttarget=\"_blank\" rel=\"noopener noreferrer\" \t\t>\n\t\t\t<img loading=\"lazy\" \n\tsrc=\"https:\/\/cultura.aupex.org\/escueladeletras\/wp-content\/uploads\/2021\/04\/EL_LuisRoso.jpg\" width=\"1617\" height=\"1876\" srcset=\"https:\/\/cultura.aupex.org\/escueladeletras\/wp-content\/uploads\/2021\/04\/EL_LuisRoso.jpg 1617w, https:\/\/cultura.aupex.org\/escueladeletras\/wp-content\/uploads\/2021\/04\/EL_LuisRoso-259x300.jpg 259w, https:\/\/cultura.aupex.org\/escueladeletras\/wp-content\/uploads\/2021\/04\/EL_LuisRoso-883x1024.jpg 883w, https:\/\/cultura.aupex.org\/escueladeletras\/wp-content\/uploads\/2021\/04\/EL_LuisRoso-768x891.jpg 768w, https:\/\/cultura.aupex.org\/escueladeletras\/wp-content\/uploads\/2021\/04\/EL_LuisRoso-1324x1536.jpg 1324w, https:\/\/cultura.aupex.org\/escueladeletras\/wp-content\/uploads\/2021\/04\/EL_LuisRoso-370x429.jpg 370w\" alt=\"\" \t\tclass=\"so-widget-image\"\/>\n\t\t\t<\/a><\/div>\n\n<\/div><\/div><\/div><div id=\"pgc-w63723417ca435-1-1\"  class=\"panel-grid-cell\" ><div id=\"panel-w63723417ca435-1-1-0\" class=\"so-panel widget widget_sow-image panel-first-child panel-last-child\" data-index=\"4\" ><div\n\t\t\t\n\t\t\tclass=\"so-widget-sow-image so-widget-sow-image-default-8b5b6f678277\"\n\t\t\t\n\t\t>\n<div class=\"sow-image-container\">\n\t\t\t<a href=\"https:\/\/youtu.be\/vXbV8SaIqUU\"\n\t\t\ttarget=\"_blank\" rel=\"noopener noreferrer\" \t\t>\n\t\t\t<img loading=\"lazy\" \n\tsrc=\"https:\/\/cultura.aupex.org\/escueladeletras\/wp-content\/uploads\/2021\/06\/EdL_EL_AnaLuisa_Amaral.jpg\" width=\"1617\" height=\"1876\" srcset=\"https:\/\/cultura.aupex.org\/escueladeletras\/wp-content\/uploads\/2021\/06\/EdL_EL_AnaLuisa_Amaral.jpg 1617w, https:\/\/cultura.aupex.org\/escueladeletras\/wp-content\/uploads\/2021\/06\/EdL_EL_AnaLuisa_Amaral-259x300.jpg 259w, https:\/\/cultura.aupex.org\/escueladeletras\/wp-content\/uploads\/2021\/06\/EdL_EL_AnaLuisa_Amaral-883x1024.jpg 883w, https:\/\/cultura.aupex.org\/escueladeletras\/wp-content\/uploads\/2021\/06\/EdL_EL_AnaLuisa_Amaral-768x891.jpg 768w, https:\/\/cultura.aupex.org\/escueladeletras\/wp-content\/uploads\/2021\/06\/EdL_EL_AnaLuisa_Amaral-1324x1536.jpg 1324w, https:\/\/cultura.aupex.org\/escueladeletras\/wp-content\/uploads\/2021\/06\/EdL_EL_AnaLuisa_Amaral-370x429.jpg 370w\" alt=\"\" \t\tclass=\"so-widget-image\"\/>\n\t\t\t<\/a><\/div>\n\n<\/div><\/div><\/div><div id=\"pgc-w63723417ca435-1-2\"  class=\"panel-grid-cell\" ><div id=\"panel-w63723417ca435-1-2-0\" class=\"so-panel widget widget_sow-image panel-first-child panel-last-child\" data-index=\"5\" ><div\n\t\t\t\n\t\t\tclass=\"so-widget-sow-image so-widget-sow-image-default-8b5b6f678277\"\n\t\t\t\n\t\t>\n<div class=\"sow-image-container\">\n\t\t\t<a href=\"https:\/\/youtu.be\/FiIZnEp36Sk\"\n\t\t\ttarget=\"_blank\" rel=\"noopener noreferrer\" \t\t>\n\t\t\t<img loading=\"lazy\" \n\tsrc=\"https:\/\/cultura.aupex.org\/escueladeletras\/wp-content\/uploads\/2021\/11\/NicanorGil_EntreLineas.jpg\" width=\"2156\" height=\"2501\" srcset=\"https:\/\/cultura.aupex.org\/escueladeletras\/wp-content\/uploads\/2021\/11\/NicanorGil_EntreLineas.jpg 2156w, https:\/\/cultura.aupex.org\/escueladeletras\/wp-content\/uploads\/2021\/11\/NicanorGil_EntreLineas-259x300.jpg 259w, https:\/\/cultura.aupex.org\/escueladeletras\/wp-content\/uploads\/2021\/11\/NicanorGil_EntreLineas-883x1024.jpg 883w, https:\/\/cultura.aupex.org\/escueladeletras\/wp-content\/uploads\/2021\/11\/NicanorGil_EntreLineas-768x891.jpg 768w, https:\/\/cultura.aupex.org\/escueladeletras\/wp-content\/uploads\/2021\/11\/NicanorGil_EntreLineas-1324x1536.jpg 1324w, https:\/\/cultura.aupex.org\/escueladeletras\/wp-content\/uploads\/2021\/11\/NicanorGil_EntreLineas-1765x2048.jpg 1765w, https:\/\/cultura.aupex.org\/escueladeletras\/wp-content\/uploads\/2021\/11\/NicanorGil_EntreLineas-370x429.jpg 370w\" alt=\"\" \t\tclass=\"so-widget-image\"\/>\n\t\t\t<\/a><\/div>\n\n<\/div><\/div><\/div><\/div><div id=\"pg-w63723417ca435-2\"  class=\"panel-grid panel-no-style\" ><div id=\"pgc-w63723417ca435-2-0\"  class=\"panel-grid-cell\" ><div id=\"panel-w63723417ca435-2-0-0\" class=\"so-panel widget widget_sow-image panel-first-child panel-last-child\" data-index=\"6\" ><div\n\t\t\t\n\t\t\tclass=\"so-widget-sow-image so-widget-sow-image-default-8b5b6f678277\"\n\t\t\t\n\t\t>\n<div class=\"sow-image-container\">\n\t\t\t<a href=\"https:\/\/youtu.be\/FiIZnEp36Sk\"\n\t\t\ttarget=\"_blank\" rel=\"noopener noreferrer\" \t\t>\n\t\t\t<img loading=\"lazy\" \n\tsrc=\"https:\/\/cultura.aupex.org\/escueladeletras\/wp-content\/uploads\/2021\/11\/EugenioFuentes_EntreLineas.jpg\" width=\"2156\" height=\"2501\" srcset=\"https:\/\/cultura.aupex.org\/escueladeletras\/wp-content\/uploads\/2021\/11\/EugenioFuentes_EntreLineas.jpg 2156w, https:\/\/cultura.aupex.org\/escueladeletras\/wp-content\/uploads\/2021\/11\/EugenioFuentes_EntreLineas-259x300.jpg 259w, https:\/\/cultura.aupex.org\/escueladeletras\/wp-content\/uploads\/2021\/11\/EugenioFuentes_EntreLineas-883x1024.jpg 883w, https:\/\/cultura.aupex.org\/escueladeletras\/wp-content\/uploads\/2021\/11\/EugenioFuentes_EntreLineas-768x891.jpg 768w, https:\/\/cultura.aupex.org\/escueladeletras\/wp-content\/uploads\/2021\/11\/EugenioFuentes_EntreLineas-1324x1536.jpg 1324w, https:\/\/cultura.aupex.org\/escueladeletras\/wp-content\/uploads\/2021\/11\/EugenioFuentes_EntreLineas-1765x2048.jpg 1765w, https:\/\/cultura.aupex.org\/escueladeletras\/wp-content\/uploads\/2021\/11\/EugenioFuentes_EntreLineas-370x429.jpg 370w\" alt=\"\" \t\tclass=\"so-widget-image\"\/>\n\t\t\t<\/a><\/div>\n\n<\/div><\/div><\/div><div id=\"pgc-w63723417ca435-2-1\"  class=\"panel-grid-cell\" ><div id=\"panel-w63723417ca435-2-1-0\" class=\"so-panel widget widget_sow-image panel-first-child panel-last-child\" data-index=\"7\" ><div\n\t\t\t\n\t\t\tclass=\"so-widget-sow-image so-widget-sow-image-default-8b5b6f678277\"\n\t\t\t\n\t\t>\n<div class=\"sow-image-container\">\n\t\t\t<a href=\"https:\/\/youtu.be\/JQaPx36m8JI\"\n\t\t\ttarget=\"_blank\" rel=\"noopener noreferrer\" \t\t>\n\t\t\t<img loading=\"lazy\" \n\tsrc=\"https:\/\/cultura.aupex.org\/escueladeletras\/wp-content\/uploads\/2022\/02\/Entrelineas_Concha.jpg\" width=\"2156\" height=\"2501\" srcset=\"https:\/\/cultura.aupex.org\/escueladeletras\/wp-content\/uploads\/2022\/02\/Entrelineas_Concha.jpg 2156w, https:\/\/cultura.aupex.org\/escueladeletras\/wp-content\/uploads\/2022\/02\/Entrelineas_Concha-259x300.jpg 259w, https:\/\/cultura.aupex.org\/escueladeletras\/wp-content\/uploads\/2022\/02\/Entrelineas_Concha-883x1024.jpg 883w, https:\/\/cultura.aupex.org\/escueladeletras\/wp-content\/uploads\/2022\/02\/Entrelineas_Concha-768x891.jpg 768w, https:\/\/cultura.aupex.org\/escueladeletras\/wp-content\/uploads\/2022\/02\/Entrelineas_Concha-1324x1536.jpg 1324w, https:\/\/cultura.aupex.org\/escueladeletras\/wp-content\/uploads\/2022\/02\/Entrelineas_Concha-1765x2048.jpg 1765w, https:\/\/cultura.aupex.org\/escueladeletras\/wp-content\/uploads\/2022\/02\/Entrelineas_Concha-370x429.jpg 370w\" alt=\"\" \t\tclass=\"so-widget-image\"\/>\n\t\t\t<\/a><\/div>\n\n<\/div><\/div><\/div><div id=\"pgc-w63723417ca435-2-2\"  class=\"panel-grid-cell\" ><div id=\"panel-w63723417ca435-2-2-0\" class=\"so-panel widget widget_sow-image panel-first-child panel-last-child\" data-index=\"8\" ><div\n\t\t\t\n\t\t\tclass=\"so-widget-sow-image so-widget-sow-image-default-8b5b6f678277\"\n\t\t\t\n\t\t>\n<div class=\"sow-image-container\">\n\t\t\t<a href=\"https:\/\/youtu.be\/wO7-Q5zYFKc\"\n\t\t\ttarget=\"_blank\" rel=\"noopener noreferrer\" \t\t>\n\t\t\t<img loading=\"lazy\" \n\tsrc=\"https:\/\/cultura.aupex.org\/escueladeletras\/wp-content\/uploads\/2022\/04\/EL_JavierRodriguez.png\" width=\"1617\" height=\"1876\" srcset=\"https:\/\/cultura.aupex.org\/escueladeletras\/wp-content\/uploads\/2022\/04\/EL_JavierRodriguez.png 1617w, https:\/\/cultura.aupex.org\/escueladeletras\/wp-content\/uploads\/2022\/04\/EL_JavierRodriguez-259x300.png 259w, https:\/\/cultura.aupex.org\/escueladeletras\/wp-content\/uploads\/2022\/04\/EL_JavierRodriguez-883x1024.png 883w, https:\/\/cultura.aupex.org\/escueladeletras\/wp-content\/uploads\/2022\/04\/EL_JavierRodriguez-768x891.png 768w, https:\/\/cultura.aupex.org\/escueladeletras\/wp-content\/uploads\/2022\/04\/EL_JavierRodriguez-1324x1536.png 1324w, https:\/\/cultura.aupex.org\/escueladeletras\/wp-content\/uploads\/2022\/04\/EL_JavierRodriguez-370x429.png 370w\" alt=\"\" \t\tclass=\"so-widget-image\"\/>\n\t\t\t<\/a><\/div>\n\n<\/div><\/div><\/div><\/div><\/div><\/div><\/div><\/div><\/div><\/div>","protected":false},"excerpt":{"rendered":"<p>Entre L\u00edneas Son encuentros virtuales en los que escritores y escritoras de la regi\u00f3n har\u00e1n repaso de su obra y lectura de algunos de sus textos, adem\u00e1s de profundizar en su proceso creador, en sus lecturas y en todo lo que tiene que ver con el taller del autor\/a, desde las notas iniciales al libro [&hellip;]<\/p>\n","protected":false},"author":4,"featured_media":545,"parent":0,"menu_order":0,"comment_status":"closed","ping_status":"closed","template":"","meta":{"footnotes":""},"class_list":["post-1272","page","type-page","status-publish","has-post-thumbnail","hentry"],"_links":{"self":[{"href":"https:\/\/cultura.aupex.org\/escueladeletras\/wp-json\/wp\/v2\/pages\/1272","targetHints":{"allow":["GET"]}}],"collection":[{"href":"https:\/\/cultura.aupex.org\/escueladeletras\/wp-json\/wp\/v2\/pages"}],"about":[{"href":"https:\/\/cultura.aupex.org\/escueladeletras\/wp-json\/wp\/v2\/types\/page"}],"author":[{"embeddable":true,"href":"https:\/\/cultura.aupex.org\/escueladeletras\/wp-json\/wp\/v2\/users\/4"}],"replies":[{"embeddable":true,"href":"https:\/\/cultura.aupex.org\/escueladeletras\/wp-json\/wp\/v2\/comments?post=1272"}],"version-history":[{"count":3,"href":"https:\/\/cultura.aupex.org\/escueladeletras\/wp-json\/wp\/v2\/pages\/1272\/revisions"}],"predecessor-version":[{"id":1275,"href":"https:\/\/cultura.aupex.org\/escueladeletras\/wp-json\/wp\/v2\/pages\/1272\/revisions\/1275"}],"wp:featuredmedia":[{"embeddable":true,"href":"https:\/\/cultura.aupex.org\/escueladeletras\/wp-json\/wp\/v2\/media\/545"}],"wp:attachment":[{"href":"https:\/\/cultura.aupex.org\/escueladeletras\/wp-json\/wp\/v2\/media?parent=1272"}],"curies":[{"name":"wp","href":"https:\/\/api.w.org\/{rel}","templated":true}]}}