{"id":1616,"date":"2024-09-30T06:36:18","date_gmt":"2024-09-30T06:36:18","guid":{"rendered":"https:\/\/cultura.aupex.org\/danzaenmovimiento\/?page_id=1616"},"modified":"2024-10-14T09:58:58","modified_gmt":"2024-10-14T09:58:58","slug":"home","status":"publish","type":"page","link":"https:\/\/cultura.aupex.org\/danzaenmovimiento\/home\/","title":{"rendered":"Home"},"content":{"rendered":"\t\t<div data-elementor-type=\"wp-page\" data-elementor-id=\"1616\" class=\"elementor elementor-1616\">\n\t\t\t\t\t\t<section class=\"elementor-section elementor-top-section elementor-element elementor-element-6a47c2d2 elementor-section-content-middle elementor-section-boxed elementor-section-height-default elementor-section-height-default\" data-id=\"6a47c2d2\" data-element_type=\"section\" data-e-type=\"section\" data-settings=\"{&quot;background_background&quot;:&quot;video&quot;,&quot;background_video_link&quot;:&quot;https:\\\/\\\/youtu.be\\\/CdlzgV0JTrE&quot;,&quot;background_video_start&quot;:60,&quot;background_video_end&quot;:120,&quot;background_play_on_mobile&quot;:&quot;yes&quot;}\">\n\t\t\t\t\t\t\t\t<div class=\"elementor-background-video-container\">\n\t\t\t\t\t\t\t\t\t\t\t\t\t<div class=\"elementor-background-video-embed\" role=\"presentation\"><\/div>\n\t\t\t\t\t\t\t\t\t\t\t\t<\/div>\n\t\t\t\t\t\t\t\t\t<div class=\"elementor-background-overlay\"><\/div>\n\t\t\t\t\t\t\t<div class=\"elementor-container elementor-column-gap-default\">\n\t\t\t\t\t<div class=\"elementor-column elementor-col-100 elementor-top-column elementor-element elementor-element-2866e0ce\" data-id=\"2866e0ce\" data-element_type=\"column\" data-e-type=\"column\">\n\t\t\t<div class=\"elementor-widget-wrap elementor-element-populated\">\n\t\t\t\t\t\t<div class=\"elementor-element elementor-element-7308664b elementor-widget elementor-widget-spacer\" data-id=\"7308664b\" data-element_type=\"widget\" data-e-type=\"widget\" data-widget_type=\"spacer.default\">\n\t\t\t\t<div class=\"elementor-widget-container\">\n\t\t\t\t\t\t\t<div class=\"elementor-spacer\">\n\t\t\t<div class=\"elementor-spacer-inner\"><\/div>\n\t\t<\/div>\n\t\t\t\t\t\t<\/div>\n\t\t\t\t<\/div>\n\t\t\t\t<div class=\"elementor-element elementor-element-d101fc6 elementor-widget elementor-widget-image\" data-id=\"d101fc6\" data-element_type=\"widget\" data-e-type=\"widget\" data-widget_type=\"image.default\">\n\t\t\t\t<div class=\"elementor-widget-container\">\n\t\t\t\t\t\t\t\t\t\t\t\t\t\t\t<img fetchpriority=\"high\" decoding=\"async\" width=\"450\" height=\"254\" src=\"https:\/\/cultura.aupex.org\/danzaenmovimiento\/wp-content\/uploads\/2024\/09\/DnzMov_Logo.png\" class=\"attachment-large size-large wp-image-1618\" alt=\"\" srcset=\"https:\/\/cultura.aupex.org\/danzaenmovimiento\/wp-content\/uploads\/2024\/09\/DnzMov_Logo.png 450w, https:\/\/cultura.aupex.org\/danzaenmovimiento\/wp-content\/uploads\/2024\/09\/DnzMov_Logo-300x169.png 300w, https:\/\/cultura.aupex.org\/danzaenmovimiento\/wp-content\/uploads\/2024\/09\/DnzMov_Logo-370x209.png 370w\" sizes=\"(max-width: 450px) 100vw, 450px\" \/>\t\t\t\t\t\t\t\t\t\t\t\t\t\t\t<\/div>\n\t\t\t\t<\/div>\n\t\t\t\t<div class=\"elementor-element elementor-element-26bd2144 elementor-widget elementor-widget-spacer\" data-id=\"26bd2144\" data-element_type=\"widget\" data-e-type=\"widget\" data-widget_type=\"spacer.default\">\n\t\t\t\t<div class=\"elementor-widget-container\">\n\t\t\t\t\t\t\t<div class=\"elementor-spacer\">\n\t\t\t<div class=\"elementor-spacer-inner\"><\/div>\n\t\t<\/div>\n\t\t\t\t\t\t<\/div>\n\t\t\t\t<\/div>\n\t\t\t\t<div class=\"elementor-element elementor-element-8119cad elementor-widget elementor-widget-heading\" data-id=\"8119cad\" data-element_type=\"widget\" data-e-type=\"widget\" data-widget_type=\"heading.default\">\n\t\t\t\t<div class=\"elementor-widget-container\">\n\t\t\t\t\t<h4 class=\"elementor-heading-title elementor-size-default\">\"Nunca es tarde si la danza es buena\"<\/h4>\t\t\t\t<\/div>\n\t\t\t\t<\/div>\n\t\t\t\t<div class=\"elementor-element elementor-element-86a2212 elementor-widget elementor-widget-heading\" data-id=\"86a2212\" data-element_type=\"widget\" data-e-type=\"widget\" data-widget_type=\"heading.default\">\n\t\t\t\t<div class=\"elementor-widget-container\">\n\t\t\t\t\t<h4 class=\"elementor-heading-title elementor-size-default\">Sara Garc\u00eda Guisado<\/h4>\t\t\t\t<\/div>\n\t\t\t\t<\/div>\n\t\t\t\t<div class=\"elementor-element elementor-element-2980a33 elementor-widget elementor-widget-spacer\" data-id=\"2980a33\" data-element_type=\"widget\" data-e-type=\"widget\" data-widget_type=\"spacer.default\">\n\t\t\t\t<div class=\"elementor-widget-container\">\n\t\t\t\t\t\t\t<div class=\"elementor-spacer\">\n\t\t\t<div class=\"elementor-spacer-inner\"><\/div>\n\t\t<\/div>\n\t\t\t\t\t\t<\/div>\n\t\t\t\t<\/div>\n\t\t\t\t\t<\/div>\n\t\t<\/div>\n\t\t\t\t\t<\/div>\n\t\t<\/section>\n\t\t\t\t<section class=\"elementor-section elementor-top-section elementor-element elementor-element-d58f819 elementor-section-content-top elementor-section-boxed elementor-section-height-default elementor-section-height-default\" data-id=\"d58f819\" data-element_type=\"section\" data-e-type=\"section\">\n\t\t\t\t\t\t\t<div class=\"elementor-background-overlay\"><\/div>\n\t\t\t\t\t\t\t<div class=\"elementor-container elementor-column-gap-default\">\n\t\t\t\t\t<div class=\"elementor-column elementor-col-33 elementor-top-column elementor-element elementor-element-ab93c44\" data-id=\"ab93c44\" data-element_type=\"column\" data-e-type=\"column\" data-settings=\"{&quot;background_background&quot;:&quot;classic&quot;}\">\n\t\t\t<div class=\"elementor-widget-wrap elementor-element-populated\">\n\t\t\t\t\t\t<div class=\"elementor-element elementor-element-1437a55 elementor-widget elementor-widget-image\" data-id=\"1437a55\" data-element_type=\"widget\" data-e-type=\"widget\" data-widget_type=\"image.default\">\n\t\t\t\t<div class=\"elementor-widget-container\">\n\t\t\t\t\t\t\t\t\t\t\t\t\t\t\t<img decoding=\"async\" width=\"2048\" height=\"1152\" src=\"https:\/\/cultura.aupex.org\/danzaenmovimiento\/wp-content\/uploads\/2024\/10\/img-dm-01.jpg\" class=\"attachment-full size-full wp-image-2304\" alt=\"\" srcset=\"https:\/\/cultura.aupex.org\/danzaenmovimiento\/wp-content\/uploads\/2024\/10\/img-dm-01.jpg 2048w, https:\/\/cultura.aupex.org\/danzaenmovimiento\/wp-content\/uploads\/2024\/10\/img-dm-01-300x169.jpg 300w, https:\/\/cultura.aupex.org\/danzaenmovimiento\/wp-content\/uploads\/2024\/10\/img-dm-01-1024x576.jpg 1024w, https:\/\/cultura.aupex.org\/danzaenmovimiento\/wp-content\/uploads\/2024\/10\/img-dm-01-768x432.jpg 768w, https:\/\/cultura.aupex.org\/danzaenmovimiento\/wp-content\/uploads\/2024\/10\/img-dm-01-1536x864.jpg 1536w, https:\/\/cultura.aupex.org\/danzaenmovimiento\/wp-content\/uploads\/2024\/10\/img-dm-01-370x208.jpg 370w\" sizes=\"(max-width: 2048px) 100vw, 2048px\" \/>\t\t\t\t\t\t\t\t\t\t\t\t\t\t\t<\/div>\n\t\t\t\t<\/div>\n\t\t\t\t<div class=\"elementor-element elementor-element-09f6553 elementor-hidden-mobile elementor-widget elementor-widget-spacer\" data-id=\"09f6553\" data-element_type=\"widget\" data-e-type=\"widget\" data-widget_type=\"spacer.default\">\n\t\t\t\t<div class=\"elementor-widget-container\">\n\t\t\t\t\t\t\t<div class=\"elementor-spacer\">\n\t\t\t<div class=\"elementor-spacer-inner\"><\/div>\n\t\t<\/div>\n\t\t\t\t\t\t<\/div>\n\t\t\t\t<\/div>\n\t\t\t\t<div class=\"elementor-element elementor-element-deb619d elementor-widget elementor-widget-image\" data-id=\"deb619d\" data-element_type=\"widget\" data-e-type=\"widget\" data-widget_type=\"image.default\">\n\t\t\t\t<div class=\"elementor-widget-container\">\n\t\t\t\t\t\t\t\t\t\t\t\t\t\t\t<img decoding=\"async\" width=\"1920\" height=\"1080\" src=\"https:\/\/cultura.aupex.org\/danzaenmovimiento\/wp-content\/uploads\/2021\/09\/Captura-de-pantalla-de-2021-09-07-10-24-53.png\" class=\"attachment-full size-full wp-image-838\" alt=\"\" srcset=\"https:\/\/cultura.aupex.org\/danzaenmovimiento\/wp-content\/uploads\/2021\/09\/Captura-de-pantalla-de-2021-09-07-10-24-53.png 1920w, https:\/\/cultura.aupex.org\/danzaenmovimiento\/wp-content\/uploads\/2021\/09\/Captura-de-pantalla-de-2021-09-07-10-24-53-300x169.png 300w, https:\/\/cultura.aupex.org\/danzaenmovimiento\/wp-content\/uploads\/2021\/09\/Captura-de-pantalla-de-2021-09-07-10-24-53-1024x576.png 1024w, https:\/\/cultura.aupex.org\/danzaenmovimiento\/wp-content\/uploads\/2021\/09\/Captura-de-pantalla-de-2021-09-07-10-24-53-768x432.png 768w, https:\/\/cultura.aupex.org\/danzaenmovimiento\/wp-content\/uploads\/2021\/09\/Captura-de-pantalla-de-2021-09-07-10-24-53-1536x864.png 1536w, https:\/\/cultura.aupex.org\/danzaenmovimiento\/wp-content\/uploads\/2021\/09\/Captura-de-pantalla-de-2021-09-07-10-24-53-370x208.png 370w\" sizes=\"(max-width: 1920px) 100vw, 1920px\" \/>\t\t\t\t\t\t\t\t\t\t\t\t\t\t\t<\/div>\n\t\t\t\t<\/div>\n\t\t\t\t\t<\/div>\n\t\t<\/div>\n\t\t\t\t<div class=\"elementor-column elementor-col-33 elementor-top-column elementor-element elementor-element-fef02c1\" data-id=\"fef02c1\" data-element_type=\"column\" data-e-type=\"column\" data-settings=\"{&quot;background_background&quot;:&quot;classic&quot;}\">\n\t\t\t<div class=\"elementor-widget-wrap\">\n\t\t\t\t\t\t\t<\/div>\n\t\t<\/div>\n\t\t\t\t<div class=\"elementor-column elementor-col-33 elementor-top-column elementor-element elementor-element-3e0b4fe\" data-id=\"3e0b4fe\" data-element_type=\"column\" data-e-type=\"column\">\n\t\t\t<div class=\"elementor-widget-wrap elementor-element-populated\">\n\t\t\t\t\t\t<div class=\"elementor-element elementor-element-4abbef1 elementor-widget elementor-widget-text-editor\" data-id=\"4abbef1\" data-element_type=\"widget\" data-e-type=\"widget\" data-widget_type=\"text-editor.default\">\n\t\t\t\t<div class=\"elementor-widget-container\">\n\t\t\t\t\t\t\t\t\tCon el fin de emprender acciones de sensibilizaci\u00f3n y acercamiento en torno a danza, movimiento, nuevos lenguajes esc\u00e9nicos y otros contaminantes en Extremadura, desde la Exma. Diputaci\u00f3n de Badajoz y la Asociaci\u00f3n de Universidades Populares de Extremadura (AUPEX) se lanz\u00f3 como proyecto piloto para el a\u00f1o 2012 el proyecto \u201cMu\u00e9vete en Artes del Movimiento\u201d.\t\t\t\t\t\t\t\t<\/div>\n\t\t\t\t<\/div>\n\t\t\t\t<div class=\"elementor-element elementor-element-ee881d8 elementor-widget elementor-widget-text-editor\" data-id=\"ee881d8\" data-element_type=\"widget\" data-e-type=\"widget\" data-widget_type=\"text-editor.default\">\n\t\t\t\t<div class=\"elementor-widget-container\">\n\t\t\t\t\t\t\t\t\tEste proyecto piloto estaba compuesto por distintas acciones experienciales donde se capacit\u00f3 a las participantes en disciplinas relacionadas con las artes del movimiento (danza contempor\u00e1nea, expresi\u00f3n corporal, danza teatro\u2026 ), esc\u00e9nicas y performativas, ofreciendo herramientas que despertaban la curiosidad por la investigaci\u00f3n, fomentando la participaci\u00f3n y el deseo por desarrollar proyectos art\u00edsticos y culturales.\t\t\t\t\t\t\t\t<\/div>\n\t\t\t\t<\/div>\n\t\t\t\t<div class=\"elementor-element elementor-element-3e0a926 elementor-widget elementor-widget-text-editor\" data-id=\"3e0a926\" data-element_type=\"widget\" data-e-type=\"widget\" data-widget_type=\"text-editor.default\">\n\t\t\t\t<div class=\"elementor-widget-container\">\n\t\t\t\t\t\t\t\t\t<p>La iniciativa, ideada y dise\u00f1ada por <strong>Sara Garc\u00eda Guisado<\/strong> especialmente para el contexto territorial y cultural extreme\u00f1o, tuvo muy buenos resultados y caus\u00f3 un gran impacto en las localidades beneficiarias y sus habitantes por lo que, en a\u00f1os sucesivos, se afianz\u00f3 como DANZA EN MOVIMIENTO. As\u00ed fue evolucionando y expandi\u00e9ndose a otros lugares gracias a la estrecha colaboraci\u00f3n entre Casa de Harina_Acci\u00f3n cultural por el desarrollo y la Asociaci\u00f3n de Universidades Populares de Extremadura, el soporte de las Diputaciones de Badajoz y C\u00e1ceres y la participaci\u00f3n de Ayuntamientos y Universidades Populares.<\/p>\t\t\t\t\t\t\t\t<\/div>\n\t\t\t\t<\/div>\n\t\t\t\t<div class=\"elementor-element elementor-element-13114001 elementor-widget elementor-widget-eael-adv-accordion\" data-id=\"13114001\" data-element_type=\"widget\" data-e-type=\"widget\" data-widget_type=\"eael-adv-accordion.default\">\n\t\t\t\t<div class=\"elementor-widget-container\">\n\t\t\t\t\t            <div class=\"eael-adv-accordion\" id=\"eael-adv-accordion-13114001\" data-scroll-on-click=\"no\" data-scroll-speed=\"300\" data-accordion-id=\"13114001\" data-accordion-type=\"accordion\" data-toogle-speed=\"300\">\n            <div class=\"eael-accordion-list\">\n\t\t\t\t\t<div id=\"leer-ms\" class=\"elementor-tab-title eael-accordion-header\" tabindex=\"0\" data-tab=\"1\" aria-controls=\"elementor-tab-content-3191\"><span class=\"eael-advanced-accordion-icon-closed\"><i aria-hidden=\"true\" class=\"fa-accordion-icon fas fa-plus\"><\/i><\/span><span class=\"eael-advanced-accordion-icon-opened\"><i aria-hidden=\"true\" class=\"fa-accordion-icon fas fa-minus\"><\/i><\/span><span class=\"eael-accordion-tab-title\">Leer m\u00e1s<\/span><i aria-hidden=\"true\" class=\"fa-toggle fas fa-angle-right\"><\/i><\/div><div id=\"elementor-tab-content-3191\" class=\"eael-accordion-content clearfix\" data-tab=\"1\" aria-labelledby=\"leer-ms\"><p>A d\u00eda de hoy seguimos haciendo historia en muchos pueblos extreme\u00f1os, en los cuales se genera la primera experiencia directa con la danza contempor\u00e1nea y las artes del movimiento, con sentido comunitario y para todos los cuerpos, a trav\u00e9s de este proyecto.<\/p>\n\n<p>La <strong> danza contempor\u00e1nea<\/strong> es un tipo de expresi\u00f3n art\u00edstica que est\u00e1 basada en la t\u00e9cnica del ballet cl\u00e1sico, que surge como una reacci\u00f3n a las formas cl\u00e1sicas y probablemente como una necesidad de expresarse m\u00e1s libremente con el cuerpo. Es un tipo de danza en la que se busca expresar, a trav\u00e9s de la persona que danza, una idea, un sentimiento, una emoci\u00f3n, al igual que el ballet cl\u00e1sico, pero mezclando movimientos corporales propios del siglo XX y XXI.<\/p>\n\n<p>Las caracter\u00edsticas de esta modalidad art\u00edstica son la interpretaci\u00f3n, la comunicaci\u00f3n, el espacio, el movimiento y, en ocasiones, el uso de herramientas multimedia para acompa\u00f1ar las coreograf\u00edas (video e im\u00e1genes usados de fondo). En ella se busca la innovaci\u00f3n y la creaci\u00f3n de nuevas formas de movimiento de acuerdo con las necesidades del core\u00f3grafo o el int\u00e9rprete. La danza contempor\u00e1nea busca la conexi\u00f3n con lo terrenal, con lo humano y sus pasiones, la no estructura, la transgresi\u00f3n.<\/p><\/div>\n\t\t\t\t\t<\/div><\/div>\t\t\t\t<\/div>\n\t\t\t\t<\/div>\n\t\t\t\t<div class=\"elementor-element elementor-element-00892ef elementor-hidden-desktop elementor-hidden-tablet elementor-widget elementor-widget-spacer\" data-id=\"00892ef\" data-element_type=\"widget\" data-e-type=\"widget\" data-widget_type=\"spacer.default\">\n\t\t\t\t<div class=\"elementor-widget-container\">\n\t\t\t\t\t\t\t<div class=\"elementor-spacer\">\n\t\t\t<div class=\"elementor-spacer-inner\"><\/div>\n\t\t<\/div>\n\t\t\t\t\t\t<\/div>\n\t\t\t\t<\/div>\n\t\t\t\t\t<\/div>\n\t\t<\/div>\n\t\t\t\t\t<\/div>\n\t\t<\/section>\n\t\t\t\t<section class=\"elementor-section elementor-top-section elementor-element elementor-element-7cb3a20d elementor-section-boxed elementor-section-height-default elementor-section-height-default\" data-id=\"7cb3a20d\" data-element_type=\"section\" data-e-type=\"section\">\n\t\t\t\t\t\t\t<div class=\"elementor-background-overlay\"><\/div>\n\t\t\t\t\t\t\t<div class=\"elementor-container elementor-column-gap-no\">\n\t\t\t\t\t<div class=\"elementor-column elementor-col-100 elementor-top-column elementor-element elementor-element-a7d95f9\" data-id=\"a7d95f9\" data-element_type=\"column\" data-e-type=\"column\" data-settings=\"{&quot;background_background&quot;:&quot;classic&quot;}\">\n\t\t\t<div class=\"elementor-widget-wrap elementor-element-populated\">\n\t\t\t\t\t<div class=\"elementor-background-overlay\"><\/div>\n\t\t\t\t\t\t<div class=\"elementor-element elementor-element-b51c1f8 elementor-widget elementor-widget-heading\" data-id=\"b51c1f8\" data-element_type=\"widget\" data-e-type=\"widget\" data-widget_type=\"heading.default\">\n\t\t\t\t<div class=\"elementor-widget-container\">\n\t\t\t\t\t<h2 class=\"elementor-heading-title elementor-size-default\">Objetivos<\/h2>\t\t\t\t<\/div>\n\t\t\t\t<\/div>\n\t\t\t\t<div class=\"elementor-element elementor-element-39f825a7 elementor-widget elementor-widget-spacer\" data-id=\"39f825a7\" data-element_type=\"widget\" data-e-type=\"widget\" data-widget_type=\"spacer.default\">\n\t\t\t\t<div class=\"elementor-widget-container\">\n\t\t\t\t\t\t\t<div class=\"elementor-spacer\">\n\t\t\t<div class=\"elementor-spacer-inner\"><\/div>\n\t\t<\/div>\n\t\t\t\t\t\t<\/div>\n\t\t\t\t<\/div>\n\t\t\t\t\t<\/div>\n\t\t<\/div>\n\t\t\t\t\t<\/div>\n\t\t<\/section>\n\t\t\t\t<section class=\"elementor-section elementor-top-section elementor-element elementor-element-95358b7 elementor-section-boxed elementor-section-height-default elementor-section-height-default\" data-id=\"95358b7\" data-element_type=\"section\" data-e-type=\"section\">\n\t\t\t\t\t\t\t<div class=\"elementor-background-overlay\"><\/div>\n\t\t\t\t\t\t\t<div class=\"elementor-container elementor-column-gap-no\">\n\t\t\t\t\t<div class=\"elementor-column elementor-col-50 elementor-top-column elementor-element elementor-element-4014c27\" data-id=\"4014c27\" data-element_type=\"column\" data-e-type=\"column\" data-settings=\"{&quot;background_background&quot;:&quot;classic&quot;}\">\n\t\t\t<div class=\"elementor-widget-wrap elementor-element-populated\">\n\t\t\t\t\t<div class=\"elementor-background-overlay\"><\/div>\n\t\t\t\t\t\t<div class=\"elementor-element elementor-element-738b2eb elementor-widget elementor-widget-spacer\" data-id=\"738b2eb\" data-element_type=\"widget\" data-e-type=\"widget\" data-widget_type=\"spacer.default\">\n\t\t\t\t<div class=\"elementor-widget-container\">\n\t\t\t\t\t\t\t<div class=\"elementor-spacer\">\n\t\t\t<div class=\"elementor-spacer-inner\"><\/div>\n\t\t<\/div>\n\t\t\t\t\t\t<\/div>\n\t\t\t\t<\/div>\n\t\t\t\t<div class=\"elementor-element elementor-element-b8d6832 elementor-icon-list--layout-traditional elementor-list-item-link-full_width elementor-widget elementor-widget-icon-list\" data-id=\"b8d6832\" data-element_type=\"widget\" data-e-type=\"widget\" data-widget_type=\"icon-list.default\">\n\t\t\t\t<div class=\"elementor-widget-container\">\n\t\t\t\t\t\t\t<ul class=\"elementor-icon-list-items\">\n\t\t\t\t\t\t\t<li class=\"elementor-icon-list-item\">\n\t\t\t\t\t\t\t\t\t\t\t<span class=\"elementor-icon-list-icon\">\n\t\t\t\t\t\t\t<i aria-hidden=\"true\" class=\"rtmicon rtmicon-arrow-down-right\"><\/i>\t\t\t\t\t\t<\/span>\n\t\t\t\t\t\t\t\t\t\t<span class=\"elementor-icon-list-text\">Acercar las artes del movimiento y las nuevas artes esc\u00e9nicas de \u00faltima generaci\u00f3n al \u00e1mbito rural a trav\u00e9s de las Universidades Populares, poniendo al d\u00eda a la poblaci\u00f3n de las nuevas manifestaciones culturales.<\/span>\n\t\t\t\t\t\t\t\t\t<\/li>\n\t\t\t\t\t\t<\/ul>\n\t\t\t\t\t\t<\/div>\n\t\t\t\t<\/div>\n\t\t\t\t<div class=\"elementor-element elementor-element-1eb8ac4 elementor-icon-list--layout-traditional elementor-list-item-link-full_width elementor-widget elementor-widget-icon-list\" data-id=\"1eb8ac4\" data-element_type=\"widget\" data-e-type=\"widget\" data-widget_type=\"icon-list.default\">\n\t\t\t\t<div class=\"elementor-widget-container\">\n\t\t\t\t\t\t\t<ul class=\"elementor-icon-list-items\">\n\t\t\t\t\t\t\t<li class=\"elementor-icon-list-item\">\n\t\t\t\t\t\t\t\t\t\t\t<span class=\"elementor-icon-list-icon\">\n\t\t\t\t\t\t\t<i aria-hidden=\"true\" class=\"rtmicon rtmicon-arrow-down-right\"><\/i>\t\t\t\t\t\t<\/span>\n\t\t\t\t\t\t\t\t\t\t<span class=\"elementor-icon-list-text\">Dar a conocer y propiciar la pr\u00e1ctica de las Artes Esc\u00e9nicas, Artes del Movimiento y Artes Performativas (en sus diferentes disciplinas y formas de expresi\u00f3n) como elemento socializador y comunicador.<\/span>\n\t\t\t\t\t\t\t\t\t<\/li>\n\t\t\t\t\t\t<\/ul>\n\t\t\t\t\t\t<\/div>\n\t\t\t\t<\/div>\n\t\t\t\t<div class=\"elementor-element elementor-element-186b495 elementor-icon-list--layout-traditional elementor-list-item-link-full_width elementor-widget elementor-widget-icon-list\" data-id=\"186b495\" data-element_type=\"widget\" data-e-type=\"widget\" data-widget_type=\"icon-list.default\">\n\t\t\t\t<div class=\"elementor-widget-container\">\n\t\t\t\t\t\t\t<ul class=\"elementor-icon-list-items\">\n\t\t\t\t\t\t\t<li class=\"elementor-icon-list-item\">\n\t\t\t\t\t\t\t\t\t\t\t<span class=\"elementor-icon-list-icon\">\n\t\t\t\t\t\t\t<i aria-hidden=\"true\" class=\"rtmicon rtmicon-arrow-down-right\"><\/i>\t\t\t\t\t\t<\/span>\n\t\t\t\t\t\t\t\t\t\t<span class=\"elementor-icon-list-text\">Capacitar a las personas participantes (j\u00f3venes y mayores) en disciplinas relacionadas con las artes esc\u00e9nicas y otras derivadas de las artes del movimiento, a trav\u00e9s de propuestas y actividades conducidas por profesionales del sector.<\/span>\n\t\t\t\t\t\t\t\t\t<\/li>\n\t\t\t\t\t\t<\/ul>\n\t\t\t\t\t\t<\/div>\n\t\t\t\t<\/div>\n\t\t\t\t<div class=\"elementor-element elementor-element-17fbed1 elementor-icon-list--layout-traditional elementor-list-item-link-full_width elementor-widget elementor-widget-icon-list\" data-id=\"17fbed1\" data-element_type=\"widget\" data-e-type=\"widget\" data-widget_type=\"icon-list.default\">\n\t\t\t\t<div class=\"elementor-widget-container\">\n\t\t\t\t\t\t\t<ul class=\"elementor-icon-list-items\">\n\t\t\t\t\t\t\t<li class=\"elementor-icon-list-item\">\n\t\t\t\t\t\t\t\t\t\t\t<span class=\"elementor-icon-list-icon\">\n\t\t\t\t\t\t\t<i aria-hidden=\"true\" class=\"rtmicon rtmicon-arrow-down-right\"><\/i>\t\t\t\t\t\t<\/span>\n\t\t\t\t\t\t\t\t\t\t<span class=\"elementor-icon-list-text\">Aficionar e involucrar a la poblaci\u00f3n en la pr\u00e1ctica de las diversas actividades planteadas, con la finalidad de generar una poblaci\u00f3n m\u00e1s participativa, con criterio en relaci\u00f3n a las din\u00e1micas culturales y los contenidos de las manifestaciones art\u00edsticas, l\u00fadico-culturales que nos rodean.<\/span>\n\t\t\t\t\t\t\t\t\t<\/li>\n\t\t\t\t\t\t<\/ul>\n\t\t\t\t\t\t<\/div>\n\t\t\t\t<\/div>\n\t\t\t\t<div class=\"elementor-element elementor-element-8a3dcae elementor-icon-list--layout-traditional elementor-list-item-link-full_width elementor-widget elementor-widget-icon-list\" data-id=\"8a3dcae\" data-element_type=\"widget\" data-e-type=\"widget\" data-widget_type=\"icon-list.default\">\n\t\t\t\t<div class=\"elementor-widget-container\">\n\t\t\t\t\t\t\t<ul class=\"elementor-icon-list-items\">\n\t\t\t\t\t\t\t<li class=\"elementor-icon-list-item\">\n\t\t\t\t\t\t\t\t\t\t\t<span class=\"elementor-icon-list-icon\">\n\t\t\t\t\t\t\t<i aria-hidden=\"true\" class=\"rtmicon rtmicon-arrow-down-right\"><\/i>\t\t\t\t\t\t<\/span>\n\t\t\t\t\t\t\t\t\t\t<span class=\"elementor-icon-list-text\">Posicionar la actividad de la danza contempor\u00e1nea, teatro f\u00edsico, teatro visual, danza-teatro y otras artes del movimiento en un lugar de igualdad en cuanto a su oferta y su pr\u00e1ctica frente a otras actividades relacionadas con la m\u00fasica, audiovisuales, teatrales, etc. que tienen ya presencia desde hace tiempo en nuestro panorama cultural.<\/span>\n\t\t\t\t\t\t\t\t\t<\/li>\n\t\t\t\t\t\t<\/ul>\n\t\t\t\t\t\t<\/div>\n\t\t\t\t<\/div>\n\t\t\t\t\t<\/div>\n\t\t<\/div>\n\t\t\t\t<div class=\"elementor-column elementor-col-50 elementor-top-column elementor-element elementor-element-04af3fe elementor-hidden-mobile\" data-id=\"04af3fe\" data-element_type=\"column\" data-e-type=\"column\" data-settings=\"{&quot;background_background&quot;:&quot;classic&quot;}\">\n\t\t\t<div class=\"elementor-widget-wrap elementor-element-populated\">\n\t\t\t\t\t<div class=\"elementor-background-overlay\"><\/div>\n\t\t\t\t\t\t<div class=\"elementor-element elementor-element-0c43573 elementor-widget elementor-widget-image\" data-id=\"0c43573\" data-element_type=\"widget\" data-e-type=\"widget\" data-widget_type=\"image.default\">\n\t\t\t\t<div class=\"elementor-widget-container\">\n\t\t\t\t\t\t\t\t\t\t\t\t\t\t\t<img decoding=\"async\" src=\"https:\/\/cultura.aupex.org\/danzaenmovimiento\/wp-content\/uploads\/2024\/09\/placeholder-8.png\" title=\"\" alt=\"\" loading=\"lazy\" \/>\t\t\t\t\t\t\t\t\t\t\t\t\t\t\t<\/div>\n\t\t\t\t<\/div>\n\t\t\t\t<div class=\"elementor-element elementor-element-18d63e2 elementor-widget elementor-widget-image\" data-id=\"18d63e2\" data-element_type=\"widget\" data-e-type=\"widget\" data-widget_type=\"image.default\">\n\t\t\t\t<div class=\"elementor-widget-container\">\n\t\t\t\t\t\t\t\t\t\t\t\t\t\t\t<img decoding=\"async\" src=\"https:\/\/cultura.aupex.org\/danzaenmovimiento\/wp-content\/uploads\/2024\/09\/placeholder-9.png\" title=\"\" alt=\"\" loading=\"lazy\" \/>\t\t\t\t\t\t\t\t\t\t\t\t\t\t\t<\/div>\n\t\t\t\t<\/div>\n\t\t\t\t\t<\/div>\n\t\t<\/div>\n\t\t\t\t\t<\/div>\n\t\t<\/section>\n\t\t\t\t<\/div>\n\t\t","protected":false},"excerpt":{"rendered":"<p>\u00abNunca es tarde si la danza es buena\u00bb Sara Garc\u00eda Guisado Con el fin de emprender acciones de sensibilizaci\u00f3n y acercamiento en torno a danza, movimiento, nuevos lenguajes esc\u00e9nicos y otros contaminantes en Extremadura, desde la Exma. Diputaci\u00f3n de Badajoz y la Asociaci\u00f3n de Universidades Populares de Extremadura (AUPEX) se lanz\u00f3 como proyecto piloto para [&hellip;]<\/p>\n","protected":false},"author":3,"featured_media":0,"parent":0,"menu_order":0,"comment_status":"closed","ping_status":"closed","template":"elementor_header_footer","meta":{"footnotes":""},"class_list":["post-1616","page","type-page","status-publish","hentry"],"_links":{"self":[{"href":"https:\/\/cultura.aupex.org\/danzaenmovimiento\/wp-json\/wp\/v2\/pages\/1616","targetHints":{"allow":["GET"]}}],"collection":[{"href":"https:\/\/cultura.aupex.org\/danzaenmovimiento\/wp-json\/wp\/v2\/pages"}],"about":[{"href":"https:\/\/cultura.aupex.org\/danzaenmovimiento\/wp-json\/wp\/v2\/types\/page"}],"author":[{"embeddable":true,"href":"https:\/\/cultura.aupex.org\/danzaenmovimiento\/wp-json\/wp\/v2\/users\/3"}],"replies":[{"embeddable":true,"href":"https:\/\/cultura.aupex.org\/danzaenmovimiento\/wp-json\/wp\/v2\/comments?post=1616"}],"version-history":[{"count":128,"href":"https:\/\/cultura.aupex.org\/danzaenmovimiento\/wp-json\/wp\/v2\/pages\/1616\/revisions"}],"predecessor-version":[{"id":2309,"href":"https:\/\/cultura.aupex.org\/danzaenmovimiento\/wp-json\/wp\/v2\/pages\/1616\/revisions\/2309"}],"wp:attachment":[{"href":"https:\/\/cultura.aupex.org\/danzaenmovimiento\/wp-json\/wp\/v2\/media?parent=1616"}],"curies":[{"name":"wp","href":"https:\/\/api.w.org\/{rel}","templated":true}]}}