{"id":1392,"date":"2024-09-16T10:10:22","date_gmt":"2024-09-16T10:10:22","guid":{"rendered":"https:\/\/cultura.aupex.org\/danzaenmovimiento\/?page_id=1392"},"modified":"2024-10-14T10:08:03","modified_gmt":"2024-10-14T10:08:03","slug":"equipo","status":"publish","type":"page","link":"https:\/\/cultura.aupex.org\/danzaenmovimiento\/equipo\/","title":{"rendered":"Equipo"},"content":{"rendered":"\t\t<div data-elementor-type=\"wp-page\" data-elementor-id=\"1392\" class=\"elementor elementor-1392\">\n\t\t\t\t\t\t<section class=\"elementor-section elementor-top-section elementor-element elementor-element-4600aa1b elementor-section-content-middle elementor-section-boxed elementor-section-height-default elementor-section-height-default\" data-id=\"4600aa1b\" data-element_type=\"section\" data-e-type=\"section\" data-settings=\"{&quot;background_background&quot;:&quot;classic&quot;}\">\n\t\t\t\t\t\t\t<div class=\"elementor-background-overlay\"><\/div>\n\t\t\t\t\t\t\t<div class=\"elementor-container elementor-column-gap-default\">\n\t\t\t\t\t<div class=\"elementor-column elementor-col-100 elementor-top-column elementor-element elementor-element-59e55783\" data-id=\"59e55783\" data-element_type=\"column\" data-e-type=\"column\">\n\t\t\t<div class=\"elementor-widget-wrap elementor-element-populated\">\n\t\t\t\t\t\t<div class=\"elementor-element elementor-element-4f3be285 elementor-widget elementor-widget-spacer\" data-id=\"4f3be285\" data-element_type=\"widget\" data-e-type=\"widget\" data-widget_type=\"spacer.default\">\n\t\t\t\t<div class=\"elementor-widget-container\">\n\t\t\t\t\t\t\t<div class=\"elementor-spacer\">\n\t\t\t<div class=\"elementor-spacer-inner\"><\/div>\n\t\t<\/div>\n\t\t\t\t\t\t<\/div>\n\t\t\t\t<\/div>\n\t\t\t\t<div class=\"elementor-element elementor-element-3bec018 elementor-hidden-mobile elementor-widget elementor-widget-spacer\" data-id=\"3bec018\" data-element_type=\"widget\" data-e-type=\"widget\" data-widget_type=\"spacer.default\">\n\t\t\t\t<div class=\"elementor-widget-container\">\n\t\t\t\t\t\t\t<div class=\"elementor-spacer\">\n\t\t\t<div class=\"elementor-spacer-inner\"><\/div>\n\t\t<\/div>\n\t\t\t\t\t\t<\/div>\n\t\t\t\t<\/div>\n\t\t\t\t<div class=\"elementor-element elementor-element-706e24ba elementor-widget elementor-widget-heading\" data-id=\"706e24ba\" data-element_type=\"widget\" data-e-type=\"widget\" data-widget_type=\"heading.default\">\n\t\t\t\t<div class=\"elementor-widget-container\">\n\t\t\t\t\t<h1 class=\"elementor-heading-title elementor-size-default\">Equipo<\/h1>\t\t\t\t<\/div>\n\t\t\t\t<\/div>\n\t\t\t\t<div class=\"elementor-element elementor-element-389726a2 elementor-widget elementor-widget-spacer\" data-id=\"389726a2\" data-element_type=\"widget\" data-e-type=\"widget\" data-widget_type=\"spacer.default\">\n\t\t\t\t<div class=\"elementor-widget-container\">\n\t\t\t\t\t\t\t<div class=\"elementor-spacer\">\n\t\t\t<div class=\"elementor-spacer-inner\"><\/div>\n\t\t<\/div>\n\t\t\t\t\t\t<\/div>\n\t\t\t\t<\/div>\n\t\t\t\t\t<\/div>\n\t\t<\/div>\n\t\t\t\t\t<\/div>\n\t\t<\/section>\n\t\t\t\t<section class=\"elementor-section elementor-top-section elementor-element elementor-element-7b90fd2 elementor-section-boxed elementor-section-height-default elementor-section-height-default\" data-id=\"7b90fd2\" data-element_type=\"section\" data-e-type=\"section\">\n\t\t\t\t\t\t\t<div class=\"elementor-background-overlay\"><\/div>\n\t\t\t\t\t\t\t<div class=\"elementor-container elementor-column-gap-default\">\n\t\t\t\t\t<div class=\"elementor-column elementor-col-100 elementor-top-column elementor-element elementor-element-b08ce31\" data-id=\"b08ce31\" data-element_type=\"column\" data-e-type=\"column\">\n\t\t\t<div class=\"elementor-widget-wrap elementor-element-populated\">\n\t\t\t\t\t\t<div class=\"elementor-element elementor-element-ad26e27 elementor-widget elementor-widget-spacer\" data-id=\"ad26e27\" data-element_type=\"widget\" data-e-type=\"widget\" data-widget_type=\"spacer.default\">\n\t\t\t\t<div class=\"elementor-widget-container\">\n\t\t\t\t\t\t\t<div class=\"elementor-spacer\">\n\t\t\t<div class=\"elementor-spacer-inner\"><\/div>\n\t\t<\/div>\n\t\t\t\t\t\t<\/div>\n\t\t\t\t<\/div>\n\t\t\t\t<section class=\"elementor-section elementor-inner-section elementor-element elementor-element-44b8453 elementor-section-boxed elementor-section-height-default elementor-section-height-default\" data-id=\"44b8453\" data-element_type=\"section\" data-e-type=\"section\">\n\t\t\t\t\t\t<div class=\"elementor-container elementor-column-gap-default\">\n\t\t\t\t\t<div class=\"elementor-column elementor-col-33 elementor-inner-column elementor-element elementor-element-0db80b1 elementor-hidden-mobile\" data-id=\"0db80b1\" data-element_type=\"column\" data-e-type=\"column\">\n\t\t\t<div class=\"elementor-widget-wrap\">\n\t\t\t\t\t\t\t<\/div>\n\t\t<\/div>\n\t\t\t\t<div class=\"elementor-column elementor-col-33 elementor-inner-column elementor-element elementor-element-bcc5291\" data-id=\"bcc5291\" data-element_type=\"column\" data-e-type=\"column\">\n\t\t\t<div class=\"elementor-widget-wrap elementor-element-populated\">\n\t\t\t\t\t\t<div class=\"elementor-element elementor-element-d5247c5 elementor-widget elementor-widget-heading\" data-id=\"d5247c5\" data-element_type=\"widget\" data-e-type=\"widget\" data-widget_type=\"heading.default\">\n\t\t\t\t<div class=\"elementor-widget-container\">\n\t\t\t\t\t<h2 class=\"elementor-heading-title elementor-size-default\">Directora art\u00edstica<\/h2>\t\t\t\t<\/div>\n\t\t\t\t<\/div>\n\t\t\t\t<div class=\"elementor-element elementor-element-129d3c4 elementor-widget elementor-widget-image\" data-id=\"129d3c4\" data-element_type=\"widget\" data-e-type=\"widget\" data-widget_type=\"image.default\">\n\t\t\t\t<div class=\"elementor-widget-container\">\n\t\t\t\t\t\t\t\t\t\t\t\t\t\t\t<img fetchpriority=\"high\" decoding=\"async\" width=\"224\" height=\"228\" src=\"https:\/\/cultura.aupex.org\/danzaenmovimiento\/wp-content\/uploads\/2019\/08\/saragg.png\" class=\"attachment-large size-large wp-image-648\" alt=\"\" \/>\t\t\t\t\t\t\t\t\t\t\t\t\t\t\t<\/div>\n\t\t\t\t<\/div>\n\t\t\t\t<div class=\"elementor-element elementor-element-a94e67d elementor-widget elementor-widget-heading\" data-id=\"a94e67d\" data-element_type=\"widget\" data-e-type=\"widget\" data-widget_type=\"heading.default\">\n\t\t\t\t<div class=\"elementor-widget-container\">\n\t\t\t\t\t<h2 class=\"elementor-heading-title elementor-size-default\">Sara Garc\u00eda Guisado\n<\/h2>\t\t\t\t<\/div>\n\t\t\t\t<\/div>\n\t\t\t\t<div class=\"elementor-element elementor-element-5ef1efb elementor-widget elementor-widget-text-editor\" data-id=\"5ef1efb\" data-element_type=\"widget\" data-e-type=\"widget\" data-widget_type=\"text-editor.default\">\n\t\t\t\t<div class=\"elementor-widget-container\">\n\t\t\t\t\t\t\t\t\tDirectora Arti\u0301stica, Bailarina y Creadora, Desarrolladora de Contenidos Culturales &#038; Accio\u0301n Arti\u0301stico-Social. Impulsora de Casa de Harina_Accio\u0301n Cultural por el Desarrollo. Creadora, Directora art\u00edstica y Docente de Danza en Movimiento y ACERCADANZA_LAB.\n\t\t\t\t\t\t\t\t<\/div>\n\t\t\t\t<\/div>\n\t\t\t\t<div class=\"elementor-element elementor-element-cff1786 elementor-widget elementor-widget-eael-adv-accordion\" data-id=\"cff1786\" data-element_type=\"widget\" data-e-type=\"widget\" data-widget_type=\"eael-adv-accordion.default\">\n\t\t\t\t<div class=\"elementor-widget-container\">\n\t\t\t\t\t            <div class=\"eael-adv-accordion\" id=\"eael-adv-accordion-cff1786\" data-scroll-on-click=\"no\" data-scroll-speed=\"300\" data-accordion-id=\"cff1786\" data-accordion-type=\"accordion\" data-toogle-speed=\"300\">\n            <div class=\"eael-accordion-list\">\n\t\t\t\t\t<div id=\"leer-ms\" class=\"elementor-tab-title eael-accordion-header\" tabindex=\"0\" data-tab=\"1\" aria-controls=\"elementor-tab-content-2181\"><span class=\"eael-advanced-accordion-icon-closed\"><i aria-hidden=\"true\" class=\"fa-accordion-icon fas fa-plus\"><\/i><\/span><span class=\"eael-advanced-accordion-icon-opened\"><i aria-hidden=\"true\" class=\"fa-accordion-icon fas fa-minus\"><\/i><\/span><span class=\"eael-accordion-tab-title\">Leer m\u00e1s<\/span><i aria-hidden=\"true\" class=\"fa-toggle fas fa-angle-right\"><\/i><\/div><div id=\"elementor-tab-content-2181\" class=\"eael-accordion-content clearfix\" data-tab=\"1\" aria-labelledby=\"leer-ms\"><p><strong><br \/>Directora art\u00edstica de DANZA EN MOVIMIENTO, bailarina, core\u00f3grafa, artista transdisciplinar y emprendedora social.<br \/><\/strong><\/p><p>Nacida en Badajoz en 1972. Desde 1990 marcha de Extremadura con el objetivo de satisfacer sus inquietudes art\u00edsticas y formativas, pero sin abandonar nunca la conexi\u00f3n con su tierra, familia y amigos, lo que le hace estar peri\u00f3dicamente por Extremadura trabajando, realizando y dinamizando proyectos m\u00e1s all\u00e1 de Catalu\u00f1a, lugar donde ha residido con m\u00e1s frecuencia los \u00faltimos 20 a\u00f1os.<\/p><p>Titulada en Danza Contempor\u00e1nea y Coreograf\u00eda por el Instituto del Teatro de Barcelona (1998). Se ha formado con grandes maestros en Artes del Movimiento, Interpretaci\u00f3n y otras disciplinas, como; Comedia del Arte, Teatro del Oprimido, Performance, Direcci\u00f3n de Actores o Antropolog\u00eda Teatral, entre otras.<\/p><p>Ha realizado un Postgrado en la Universidad de Girona, sobre \u201cTeatro Sensorial y Po\u00e9ticas del Juego\u201d, bajo la direcci\u00f3n de Enrique Vargas (C\u00eda. Teatro los Sentidos).<\/p><p>En otros \u00e1mbitos relacionados a la cultura, se ha formado como T\u00e9cnico Gesti\u00f3n Cultural y Cooperaci\u00f3n por el Desarrollo.<\/p><p>C\u00f3mo Int\u00e9rprete y\/o Core\u00f3grafa ha trabajado en proyectos esc\u00e9nicos con diferentes productoras o compa\u00f1\u00edas catalanas, entre ellas C\u00eda. Els Comediants, C\u00eda. Danat Danza, C\u00eda.Rasataula, C\u00eda.Mar G\u00f3mez, Anexa Producciones, Management, Factor\u00eda Mariscal, etc. actuando en Festivales Internacionales como el Grec de Barcelona, Festival Performance de Copenhague, Festival de Oto\u00f1o en Madrid, Festival de Performance de Copenhague, Danza Valencia, Festival de Cine de San Sebastian, Festival Castell de Peralada, Muestra Coreogr\u00e1fica del Programa Kaleidoscopio en Caen (Normand\u00eda), etc.<\/p><p>Es impulsora y directora de diversos proyectos en el sector cultural, tales como: C\u00eda.NadaQueVer; Danza_Teatro_Audiovisual; Encuentro Internacional Mujer Creadora; Arte, Cultura, Creatividad y Compromiso Social; o Culturadanza.com, espacio web para la divulgaci\u00f3n de la danza contempor\u00e1nea y la cultura por el desarrollo.<\/p><p>En Extremadura es miembro fundador de la asociaci\u00f3n Experiencia Danza, por el fomento y acercamiento de la danza a la poblaci\u00f3n de la ciudad de Badajoz.<\/p><p>Tambi\u00e9n forma parte del equipo de Casa de Harina_Acci\u00f3n y Cooperaci\u00f3n Cultural, entidad que promueve el intercambio, la cooperaci\u00f3n y la realizaci\u00f3n de proyectos Colaborativos de car\u00e1cter Transfronterizos.<\/p><p><b> Danza, teatro, performance = artes de expresi\u00f3n en vivo <\/b><\/p><p>Mi experiencia art\u00edstica navega entre la danza, la improvisaci\u00f3n, el teatro de sala y de calle, la acci\u00f3n performativa, el trabajo audiovisual para la escena u otras necesidades creativas. Comenc\u00e9 en Extremadura, actuando de peque\u00f1a en el sal\u00f3n de mi casa para mis diez hermanos\u2026 y ahora en ocasiones en las salas alternativas de ciertas ciudades apenas encontramos a esas diez personas como p\u00fablico. Es por ello que mi trabajo y\/o mi \u00edmpetu, tambi\u00e9n es involucrarme en otras propuestas art\u00edstico-culturales que acerquen las artes del movimiento a las personas que no son p\u00fablico asiduo o conocedor, restando \u00abmiedo\u00bb a ese encuentro, llevando las acciones a la calle, plazas, mercados, etc. porque si Mahoma no va a la monta\u00f1a\u2026<\/p><\/div>\n\t\t\t\t\t<\/div><\/div>\t\t\t\t<\/div>\n\t\t\t\t<\/div>\n\t\t\t\t\t<\/div>\n\t\t<\/div>\n\t\t\t\t<div class=\"elementor-column elementor-col-33 elementor-inner-column elementor-element elementor-element-fb7f720\" data-id=\"fb7f720\" data-element_type=\"column\" data-e-type=\"column\">\n\t\t\t<div class=\"elementor-widget-wrap\">\n\t\t\t\t\t\t\t<\/div>\n\t\t<\/div>\n\t\t\t\t\t<\/div>\n\t\t<\/section>\n\t\t\t\t\t<\/div>\n\t\t<\/div>\n\t\t\t\t\t<\/div>\n\t\t<\/section>\n\t\t\t\t<section class=\"elementor-section elementor-top-section elementor-element elementor-element-eeaaf63 elementor-section-boxed elementor-section-height-default elementor-section-height-default\" data-id=\"eeaaf63\" data-element_type=\"section\" data-e-type=\"section\">\n\t\t\t\t\t\t<div class=\"elementor-container elementor-column-gap-default\">\n\t\t\t\t\t<div class=\"elementor-column elementor-col-100 elementor-top-column elementor-element elementor-element-8b953f4\" data-id=\"8b953f4\" data-element_type=\"column\" data-e-type=\"column\">\n\t\t\t<div class=\"elementor-widget-wrap elementor-element-populated\">\n\t\t\t\t\t\t<section class=\"elementor-section elementor-inner-section elementor-element elementor-element-b7fba89 elementor-section-boxed elementor-section-height-default elementor-section-height-default\" data-id=\"b7fba89\" data-element_type=\"section\" data-e-type=\"section\">\n\t\t\t\t\t\t<div class=\"elementor-container elementor-column-gap-default\">\n\t\t\t\t\t<div class=\"elementor-column elementor-col-100 elementor-inner-column elementor-element elementor-element-8b83d33\" data-id=\"8b83d33\" data-element_type=\"column\" data-e-type=\"column\">\n\t\t\t<div class=\"elementor-widget-wrap elementor-element-populated\">\n\t\t\t\t\t\t<div class=\"elementor-element elementor-element-d958720 elementor-widget elementor-widget-heading\" data-id=\"d958720\" data-element_type=\"widget\" data-e-type=\"widget\" data-widget_type=\"heading.default\">\n\t\t\t\t<div class=\"elementor-widget-container\">\n\t\t\t\t\t<h2 class=\"elementor-heading-title elementor-size-default\">Colaboraciones<\/h2>\t\t\t\t<\/div>\n\t\t\t\t<\/div>\n\t\t\t\t\t<\/div>\n\t\t<\/div>\n\t\t\t\t\t<\/div>\n\t\t<\/section>\n\t\t\t\t<div class=\"elementor-element elementor-element-adc438b elementor-widget elementor-widget-spacer\" data-id=\"adc438b\" data-element_type=\"widget\" data-e-type=\"widget\" data-widget_type=\"spacer.default\">\n\t\t\t\t<div class=\"elementor-widget-container\">\n\t\t\t\t\t\t\t<div class=\"elementor-spacer\">\n\t\t\t<div class=\"elementor-spacer-inner\"><\/div>\n\t\t<\/div>\n\t\t\t\t\t\t<\/div>\n\t\t\t\t<\/div>\n\t\t\t\t\t<\/div>\n\t\t<\/div>\n\t\t\t\t\t<\/div>\n\t\t<\/section>\n\t\t\t\t<section class=\"elementor-section elementor-top-section elementor-element elementor-element-41a0e24 elementor-section-boxed elementor-section-height-default elementor-section-height-default\" data-id=\"41a0e24\" data-element_type=\"section\" data-e-type=\"section\">\n\t\t\t\t\t\t<div class=\"elementor-container elementor-column-gap-default\">\n\t\t\t\t\t<div class=\"elementor-column elementor-col-100 elementor-top-column elementor-element elementor-element-8b048e1\" data-id=\"8b048e1\" data-element_type=\"column\" data-e-type=\"column\">\n\t\t\t<div class=\"elementor-widget-wrap elementor-element-populated\">\n\t\t\t\t\t\t<section class=\"elementor-section elementor-inner-section elementor-element elementor-element-1179e8f elementor-section-boxed elementor-section-height-default elementor-section-height-default\" data-id=\"1179e8f\" data-element_type=\"section\" data-e-type=\"section\">\n\t\t\t\t\t\t<div class=\"elementor-container elementor-column-gap-default\">\n\t\t\t\t\t<div class=\"elementor-column elementor-col-33 elementor-inner-column elementor-element elementor-element-b2d44c8\" data-id=\"b2d44c8\" data-element_type=\"column\" data-e-type=\"column\">\n\t\t\t<div class=\"elementor-widget-wrap elementor-element-populated\">\n\t\t\t\t\t\t<div class=\"elementor-element elementor-element-a755c77 elementor-widget elementor-widget-image\" data-id=\"a755c77\" data-element_type=\"widget\" data-e-type=\"widget\" data-widget_type=\"image.default\">\n\t\t\t\t<div class=\"elementor-widget-container\">\n\t\t\t\t\t\t\t\t\t\t\t\t\t\t\t<img decoding=\"async\" width=\"228\" height=\"228\" src=\"https:\/\/cultura.aupex.org\/danzaenmovimiento\/wp-content\/uploads\/2024\/09\/marga_iniguez.png\" class=\"attachment-large size-large wp-image-1347\" alt=\"\" srcset=\"https:\/\/cultura.aupex.org\/danzaenmovimiento\/wp-content\/uploads\/2024\/09\/marga_iniguez.png 228w, https:\/\/cultura.aupex.org\/danzaenmovimiento\/wp-content\/uploads\/2024\/09\/marga_iniguez-150x150.png 150w, https:\/\/cultura.aupex.org\/danzaenmovimiento\/wp-content\/uploads\/2024\/09\/marga_iniguez-120x120.png 120w\" sizes=\"(max-width: 228px) 100vw, 228px\" \/>\t\t\t\t\t\t\t\t\t\t\t\t\t\t\t<\/div>\n\t\t\t\t<\/div>\n\t\t\t\t<div class=\"elementor-element elementor-element-3690f82 elementor-widget elementor-widget-heading\" data-id=\"3690f82\" data-element_type=\"widget\" data-e-type=\"widget\" data-widget_type=\"heading.default\">\n\t\t\t\t<div class=\"elementor-widget-container\">\n\t\t\t\t\t<h2 class=\"elementor-heading-title elementor-size-default\">Marga \u00cd\u00f1iguez\n<\/h2>\t\t\t\t<\/div>\n\t\t\t\t<\/div>\n\t\t\t\t<div class=\"elementor-element elementor-element-09f9d6c elementor-widget elementor-widget-text-editor\" data-id=\"09f9d6c\" data-element_type=\"widget\" data-e-type=\"widget\" data-widget_type=\"text-editor.default\">\n\t\t\t\t<div class=\"elementor-widget-container\">\n\t\t\t\t\t\t\t\t\tExperta Consultora en Innovacio\u0301n &#038; Creadora de Contenidos pedago\u0301gicos de a\u0301mbito internacional. Invitada a ACERCADANZA_LAB 2022 y 2024.\t\t\t\t\t\t\t\t<\/div>\n\t\t\t\t<\/div>\n\t\t\t\t<div class=\"elementor-element elementor-element-c8d3f38 elementor-widget elementor-widget-eael-adv-accordion\" data-id=\"c8d3f38\" data-element_type=\"widget\" data-e-type=\"widget\" data-widget_type=\"eael-adv-accordion.default\">\n\t\t\t\t<div class=\"elementor-widget-container\">\n\t\t\t\t\t            <div class=\"eael-adv-accordion\" id=\"eael-adv-accordion-c8d3f38\" data-scroll-on-click=\"no\" data-scroll-speed=\"300\" data-accordion-id=\"c8d3f38\" data-accordion-type=\"accordion\" data-toogle-speed=\"300\">\n            <div class=\"eael-accordion-list\">\n\t\t\t\t\t<div id=\"leer-ms\" class=\"elementor-tab-title eael-accordion-header\" tabindex=\"0\" data-tab=\"1\" aria-controls=\"elementor-tab-content-2101\"><span class=\"eael-advanced-accordion-icon-closed\"><i aria-hidden=\"true\" class=\"fa-accordion-icon fas fa-plus\"><\/i><\/span><span class=\"eael-advanced-accordion-icon-opened\"><i aria-hidden=\"true\" class=\"fa-accordion-icon fas fa-minus\"><\/i><\/span><span class=\"eael-accordion-tab-title\">Leer m\u00e1s<\/span><i aria-hidden=\"true\" class=\"fa-toggle fas fa-angle-right\"><\/i><\/div><div id=\"elementor-tab-content-2101\" class=\"eael-accordion-content clearfix\" data-tab=\"1\" aria-labelledby=\"leer-ms\"> <p><strong>\u00abAsesora pedag\u00f3gica de TVE desde 1977 hasta 1992 del Departamento de Programas Infantiles y Juveniles cumpliendo funciones m\u00faltiples. Dise\u00f1o, orientaci\u00f3n y estilo de la programaci\u00f3n infantil. Relaci\u00f3n con las instituciones con las televisiones extranjeras, y creando una red profesionales para ni\u00f1os. <\/strong> <\/p>\n <p>\nDestacando su participaci\u00f3n en \u00abLa bola de cristal\u00bb, \u00abPasando\u00bb, \u00abPista libre\u00bb, \u00abBarrio S\u00e9samo\u00bb, \u00abLa cometa blanca\u00bb. (Todos estos programas recibieron premios del espectador y de la cr\u00edtica. As\u00ed como El premio Cervantes \u00abchico\u00bb a \u00abLa bola de cristal\u00bb). En Euskal Televisa realiz\u00f3 talleres de formaci\u00f3n para la generaci\u00f3n de programas infantiles y creatividad aplicada a la creaci\u00f3n de series de ficci\u00f3n. En Argentina ha realizado coloquios sobre TV Infantil y Juvenil as\u00ed como Creatividad e innovaci\u00f3n en la televisi\u00f3n p\u00fablica. En el ambito acad\u00e9mico ha realizado talleres de creatividad aplicada a los medios en ECAM Madrid, Universidad Nacional, Escuela de Cine de Bogot\u00e1, Universidad Jorge Tadeo Lozano (Bogot\u00e1), ETC Canarias, y Asociaci\u00f3n de Mujeres Cineastas de Madrid. Tambi\u00e9n ha sido invitada a participar en conferencias en la Universidad Veracruzana (Xalapa-M\u00e9xico), Universidad de San Carlos y Universidad Rafael Landivar (Guatemala), Colegio de arquitectos de Tenerife y Zaragoza, Instituto Europeo del Dise\u00f1o (I.E.D.) as\u00ed como ponente en el Congreso Internacional \u00abCiudades Creativas\u00bb. C\u00e1ceres 2009. <\/p>\n <p>\nTambi\u00e9n ha participado en conferencias y mesas redondas a p\u00fablicos diversos sobre \u00abtelevisi\u00f3n y creatividad\u00bb en congresos, en centros culturales, educacionales, universidades, as\u00ed como en medios de comunicaci\u00f3n (TV, Radio, Prensa) y asesor\u00eda a distintas productoras\u00bb.  <\/p><\/div>\n\t\t\t\t\t<\/div><\/div>\t\t\t\t<\/div>\n\t\t\t\t<\/div>\n\t\t\t\t\t<\/div>\n\t\t<\/div>\n\t\t\t\t<div class=\"elementor-column elementor-col-33 elementor-inner-column elementor-element elementor-element-087afcb\" data-id=\"087afcb\" data-element_type=\"column\" data-e-type=\"column\">\n\t\t\t<div class=\"elementor-widget-wrap\">\n\t\t\t\t\t\t\t<\/div>\n\t\t<\/div>\n\t\t\t\t<div class=\"elementor-column elementor-col-33 elementor-inner-column elementor-element elementor-element-b6874f5\" data-id=\"b6874f5\" data-element_type=\"column\" data-e-type=\"column\">\n\t\t\t<div class=\"elementor-widget-wrap\">\n\t\t\t\t\t\t\t<\/div>\n\t\t<\/div>\n\t\t\t\t\t<\/div>\n\t\t<\/section>\n\t\t\t\t\t<\/div>\n\t\t<\/div>\n\t\t\t\t\t<\/div>\n\t\t<\/section>\n\t\t\t\t<\/div>\n\t\t","protected":false},"excerpt":{"rendered":"<p>Equipo Directora art\u00edstica Sara Garc\u00eda Guisado Directora Arti\u0301stica, Bailarina y Creadora, Desarrolladora de Contenidos Culturales &#038; Accio\u0301n Arti\u0301stico-Social. Impulsora de Casa de Harina_Accio\u0301n Cultural por el Desarrollo. Creadora, Directora art\u00edstica y Docente de Danza en Movimiento y ACERCADANZA_LAB. Leer m\u00e1s Directora art\u00edstica de DANZA EN MOVIMIENTO, bailarina, core\u00f3grafa, artista transdisciplinar y emprendedora social. Nacida en [&hellip;]<\/p>\n","protected":false},"author":3,"featured_media":0,"parent":0,"menu_order":30,"comment_status":"closed","ping_status":"closed","template":"elementor_header_footer","meta":{"footnotes":""},"class_list":["post-1392","page","type-page","status-publish","hentry"],"_links":{"self":[{"href":"https:\/\/cultura.aupex.org\/danzaenmovimiento\/wp-json\/wp\/v2\/pages\/1392","targetHints":{"allow":["GET"]}}],"collection":[{"href":"https:\/\/cultura.aupex.org\/danzaenmovimiento\/wp-json\/wp\/v2\/pages"}],"about":[{"href":"https:\/\/cultura.aupex.org\/danzaenmovimiento\/wp-json\/wp\/v2\/types\/page"}],"author":[{"embeddable":true,"href":"https:\/\/cultura.aupex.org\/danzaenmovimiento\/wp-json\/wp\/v2\/users\/3"}],"replies":[{"embeddable":true,"href":"https:\/\/cultura.aupex.org\/danzaenmovimiento\/wp-json\/wp\/v2\/comments?post=1392"}],"version-history":[{"count":97,"href":"https:\/\/cultura.aupex.org\/danzaenmovimiento\/wp-json\/wp\/v2\/pages\/1392\/revisions"}],"predecessor-version":[{"id":2302,"href":"https:\/\/cultura.aupex.org\/danzaenmovimiento\/wp-json\/wp\/v2\/pages\/1392\/revisions\/2302"}],"wp:attachment":[{"href":"https:\/\/cultura.aupex.org\/danzaenmovimiento\/wp-json\/wp\/v2\/media?parent=1392"}],"curies":[{"name":"wp","href":"https:\/\/api.w.org\/{rel}","templated":true}]}}